{"id":998,"date":"2017-04-27T01:44:56","date_gmt":"2017-04-27T04:44:56","guid":{"rendered":"http:\/\/amau.com.br\/site\/?page_id=998"},"modified":"2025-01-17T13:47:56","modified_gmt":"2025-01-17T16:47:56","slug":"aurea","status":"publish","type":"page","link":"https:\/\/www.amau.com.br\/site\/aurea\/","title":{"rendered":"\u00c1urea"},"content":{"rendered":"<p><strong>Prefeito: GILMAR CARLOS MUSTEFAGA (MDB)<br \/>\n<\/strong><br \/>\n<strong>Vice-Prefeito:<\/strong> ELTON CARLOS SIRENA (PT)<\/p>\n<p><strong>Endere\u00e7o:<\/strong> Pra\u00e7a Jo\u00e3o Paulo II, 33<br \/>\n<strong>CEP:<\/strong> 99.835-000<br \/>\n<strong>Telefone:<\/strong> (54) 3527-1141<br \/>\n<strong>Site (Famurs):<\/strong>\u00a0<a href=\"http:\/\/www.aurea.famurs.com.br\/\">www.aurea.famurs.com.br<\/a><\/p>\n<p><strong>Site Prefeitura<\/strong>:\u00a0<a href=\"http:\/\/aurea.rs.gov.br\/\">http:\/\/aurea.rs.gov.br\/<\/a><\/p>\n<p><strong>Anivers\u00e1rio:\u00a0<\/strong>24 de novembro<br \/>\n<strong>Funda\u00e7\u00e3o:\u00a0<\/strong>24 de novembro de 1987<strong><br \/>\n\u00c1rea:<\/strong> 158,291 Km\u00b2<br \/>\n<strong>Dist\u00e2ncia de PoA:<\/strong> 390 Km<br \/>\n<strong>Dist\u00e2ncia de Erechim: <\/strong>37,3 km<\/p>\n<p><b>Estimativa Popula\u00e7\u00e3o [2022]:<\/b> 3.396<\/p>\n<p>&nbsp;<\/p>\n<p><strong>Gent\u00edlico:<\/strong> Aureense<\/p>\n<div id='gallery-1' class='gallery galleryid-998 gallery-columns-3 gallery-size-thumbnail'><figure class='gallery-item'>\n\t\t\t<div class='gallery-icon landscape'>\n\t\t\t\t<a href='https:\/\/www.amau.com.br\/site\/wp-content\/uploads\/2017\/04\/Bandeira_de_\u00c1urea.jpg'><img decoding=\"async\" width=\"150\" height=\"150\" src=\"https:\/\/www.amau.com.br\/site\/wp-content\/uploads\/2017\/04\/Bandeira_de_\u00c1urea-150x150.jpg\" class=\"attachment-thumbnail size-thumbnail\" alt=\"\" aria-describedby=\"gallery-1-1557\" srcset=\"https:\/\/www.amau.com.br\/site\/wp-content\/uploads\/2017\/04\/Bandeira_de_\u00c1urea-150x150.jpg 150w, https:\/\/www.amau.com.br\/site\/wp-content\/uploads\/2017\/04\/Bandeira_de_\u00c1urea-50x50.jpg 50w\" sizes=\"(max-width: 150px) 100vw, 150px\" \/><\/a>\n\t\t\t<\/div>\n\t\t\t\t<figcaption class='wp-caption-text gallery-caption' id='gallery-1-1557'>\n\t\t\t\tBandeira\n\t\t\t\t<\/figcaption><\/figure><figure class='gallery-item'>\n\t\t\t<div class='gallery-icon portrait'>\n\t\t\t\t<a href='https:\/\/www.amau.com.br\/site\/wp-content\/uploads\/2017\/04\/Coat_of_arms_of_Aurea_RS.jpg'><img decoding=\"async\" width=\"150\" height=\"150\" src=\"https:\/\/www.amau.com.br\/site\/wp-content\/uploads\/2017\/04\/Coat_of_arms_of_Aurea_RS-150x150.jpg\" class=\"attachment-thumbnail size-thumbnail\" alt=\"\" aria-describedby=\"gallery-1-1558\" srcset=\"https:\/\/www.amau.com.br\/site\/wp-content\/uploads\/2017\/04\/Coat_of_arms_of_Aurea_RS-150x150.jpg 150w, https:\/\/www.amau.com.br\/site\/wp-content\/uploads\/2017\/04\/Coat_of_arms_of_Aurea_RS-230x230.jpg 230w, https:\/\/www.amau.com.br\/site\/wp-content\/uploads\/2017\/04\/Coat_of_arms_of_Aurea_RS-50x50.jpg 50w\" sizes=\"(max-width: 150px) 100vw, 150px\" \/><\/a>\n\t\t\t<\/div>\n\t\t\t\t<figcaption class='wp-caption-text gallery-caption' id='gallery-1-1558'>\n\t\t\t\tBras\u00e3o\n\t\t\t\t<\/figcaption><\/figure><figure class='gallery-item'>\n\t\t\t<div class='gallery-icon portrait'>\n\t\t\t\t<a href='https:\/\/www.amau.com.br\/site\/wp-content\/uploads\/2017\/04\/Matriz_\u00c1urea_2013.jpg'><img decoding=\"async\" width=\"150\" height=\"150\" src=\"https:\/\/www.amau.com.br\/site\/wp-content\/uploads\/2017\/04\/Matriz_\u00c1urea_2013-150x150.jpg\" class=\"attachment-thumbnail size-thumbnail\" alt=\"\" aria-describedby=\"gallery-1-1559\" srcset=\"https:\/\/www.amau.com.br\/site\/wp-content\/uploads\/2017\/04\/Matriz_\u00c1urea_2013-150x150.jpg 150w, https:\/\/www.amau.com.br\/site\/wp-content\/uploads\/2017\/04\/Matriz_\u00c1urea_2013-230x230.jpg 230w, https:\/\/www.amau.com.br\/site\/wp-content\/uploads\/2017\/04\/Matriz_\u00c1urea_2013-50x50.jpg 50w\" sizes=\"(max-width: 150px) 100vw, 150px\" \/><\/a>\n\t\t\t<\/div>\n\t\t\t\t<figcaption class='wp-caption-text gallery-caption' id='gallery-1-1559'>\n\t\t\t\tIgreja Matriz de \u00c1urea\n\t\t\t\t<\/figcaption><\/figure>\n\t\t<\/div>\n\n<p><strong>Hist\u00f3ria<br \/>\n<\/strong><\/p>\n<div id=\"article\">\n<div id=\"container-article\">\n<div id=\"programacao\">\n<div class=\"conteudo-ajax\">\n<p>O povoamento do munc\u00edpio de \u00c1urea se iniciou de\u00a01906, com a vinda de\u00a0imigrantes poloneses. Os primeiros colonizadores desejavam melhores condi\u00e7\u00f5es de vida e dedicaram-se \u00e0\u00a0agricultura. Por\u00e9m, muitos deles n\u00e3o tinham como obter\u00a0terras\u00a0e trabalharam para o\u00a0governo\u00a0na abertura de\u00a0estradas.<\/p>\n<p>A localidade de \u00c1urea ficou conhecida primeiramente como &#8220;Rio Marcelino&#8221;. Por volta de\u00a01918, mudou seu nome para &#8220;Treze de Maio&#8221;; em\u00a01938, tornou-se &#8220;Princesa Isabel&#8221;, em homenagem \u00e0 Princesa\u00a0Isabel do Brasil; em\u00a01944, passou a se chamar &#8220;Vila \u00c1urea&#8221;, em raz\u00e3o da\u00a0Lei \u00c1urea, que p\u00f4s fim \u00e0\u00a0escravid\u00e3o\u00a0no Pa\u00eds.<\/p>\n<p>\u00c1urea se tornou um munic\u00edpio multi\u00e9tnico: os descendentes de poloneses correspondem a 92% da popula\u00e7\u00e3o; dos\u00a0italianos, 5%; dos\u00a0alem\u00e3es, 3%; e dosmesti\u00e7os, 3%.<\/p>\n<p>Em\u00a01980, houve a ideia de\u00a0emancipa\u00e7\u00e3o\u00a0pol\u00edtica de \u00c1urea, defendida pelo\u00a0vig\u00e1rio\u00a0Josef Wojnar, entre outros. Ap\u00f3s algumas dificuldades enfrentadas pela comiss\u00e3o pr\u00f3-emancipa\u00e7\u00e3o, a\u00a0Assembleia Legislativa\u00a0assinou a\u00a0lei\u00a0estadual n\u00ba 8419, de\u00a024 de novembro\u00a0de\u00a01987, estabelecendo a independ\u00eancia do munic\u00edpio.<\/p>\n<\/div>\n<\/div>\n<\/div>\n<\/div>\n<div id=\"footer\"><\/div>\n","protected":false},"excerpt":{"rendered":"<p>Prefeito: GILMAR CARLOS MUSTEFAGA (MDB) Vice-Prefeito: ELTON CARLOS SIRENA (PT) Endere\u00e7o: Pra\u00e7a Jo\u00e3o Paulo II, 33 CEP: 99.835-000 Telefone: (54) 3527-1141 Site (Famurs):\u00a0www.aurea.famurs.com.br Site Prefeitura:\u00a0http:\/\/aurea.rs.gov.br\/ Anivers\u00e1rio:\u00a024 de novembro Funda\u00e7\u00e3o:\u00a024 de novembro de 1987 \u00c1rea: 158,291 Km\u00b2 Dist\u00e2ncia de PoA: 390 Km Dist\u00e2ncia de Erechim: 37,3 km Estimativa Popula\u00e7\u00e3o [2022]: 3.396 &nbsp; Gent\u00edlico: Aureense Hist\u00f3ria O [&hellip;]<\/p>\n","protected":false},"author":1,"featured_media":0,"parent":0,"menu_order":0,"comment_status":"closed","ping_status":"closed","template":"","meta":{"ocean_post_layout":"","ocean_both_sidebars_style":"","ocean_both_sidebars_content_width":0,"ocean_both_sidebars_sidebars_width":0,"ocean_sidebar":"0","ocean_second_sidebar":"0","ocean_disable_margins":"enable","ocean_add_body_class":"","ocean_shortcode_before_top_bar":"","ocean_shortcode_after_top_bar":"","ocean_shortcode_before_header":"","ocean_shortcode_after_header":"","ocean_has_shortcode":"","ocean_shortcode_after_title":"","ocean_shortcode_before_footer_widgets":"","ocean_shortcode_after_footer_widgets":"","ocean_shortcode_before_footer_bottom":"","ocean_shortcode_after_footer_bottom":"","ocean_display_top_bar":"default","ocean_display_header":"default","ocean_header_style":"","ocean_center_header_left_menu":"0","ocean_custom_header_template":"0","ocean_custom_logo":0,"ocean_custom_retina_logo":0,"ocean_custom_logo_max_width":0,"ocean_custom_logo_tablet_max_width":0,"ocean_custom_logo_mobile_max_width":0,"ocean_custom_logo_max_height":0,"ocean_custom_logo_tablet_max_height":0,"ocean_custom_logo_mobile_max_height":0,"ocean_header_custom_menu":"0","ocean_menu_typo_font_family":"0","ocean_menu_typo_font_subset":"","ocean_menu_typo_font_size":0,"ocean_menu_typo_font_size_tablet":0,"ocean_menu_typo_font_size_mobile":0,"ocean_menu_typo_font_size_unit":"px","ocean_menu_typo_font_weight":"","ocean_menu_typo_font_weight_tablet":"","ocean_menu_typo_font_weight_mobile":"","ocean_menu_typo_transform":"","ocean_menu_typo_transform_tablet":"","ocean_menu_typo_transform_mobile":"","ocean_menu_typo_line_height":0,"ocean_menu_typo_line_height_tablet":0,"ocean_menu_typo_line_height_mobile":0,"ocean_menu_typo_line_height_unit":"","ocean_menu_typo_spacing":0,"ocean_menu_typo_spacing_tablet":0,"ocean_menu_typo_spacing_mobile":0,"ocean_menu_typo_spacing_unit":"","ocean_menu_link_color":"","ocean_menu_link_color_hover":"","ocean_menu_link_color_active":"","ocean_menu_link_background":"","ocean_menu_link_hover_background":"","ocean_menu_link_active_background":"","ocean_menu_social_links_bg":"","ocean_menu_social_hover_links_bg":"","ocean_menu_social_links_color":"","ocean_menu_social_hover_links_color":"","ocean_disable_title":"default","ocean_disable_heading":"default","ocean_post_title":"","ocean_post_subheading":"","ocean_post_title_style":"","ocean_post_title_background_color":"","ocean_post_title_background":0,"ocean_post_title_bg_image_position":"","ocean_post_title_bg_image_attachment":"","ocean_post_title_bg_image_repeat":"","ocean_post_title_bg_image_size":"","ocean_post_title_height":0,"ocean_post_title_bg_overlay":0.5,"ocean_post_title_bg_overlay_color":"","ocean_disable_breadcrumbs":"default","ocean_breadcrumbs_color":"","ocean_breadcrumbs_separator_color":"","ocean_breadcrumbs_links_color":"","ocean_breadcrumbs_links_hover_color":"","ocean_display_footer_widgets":"default","ocean_display_footer_bottom":"default","ocean_custom_footer_template":"0","footnotes":""},"class_list":["post-998","page","type-page","status-publish","hentry","entry"],"yoast_head":"<!-- This site is optimized with the Yoast SEO plugin v27.4 - https:\/\/yoast.com\/product\/yoast-seo-wordpress\/ -->\n<title>\u00c1urea - AMAU - Associa\u00e7\u00e3o de Munic\u00edpios do Alto Uruguai<\/title>\n<meta name=\"robots\" content=\"index, follow, max-snippet:-1, max-image-preview:large, max-video-preview:-1\" \/>\n<link rel=\"canonical\" href=\"https:\/\/www.amau.com.br\/site\/aurea\/\" \/>\n<meta property=\"og:locale\" content=\"pt_BR\" \/>\n<meta property=\"og:type\" content=\"article\" \/>\n<meta property=\"og:title\" content=\"\u00c1urea - AMAU - Associa\u00e7\u00e3o de Munic\u00edpios do Alto Uruguai\" \/>\n<meta property=\"og:description\" content=\"Prefeito: GILMAR CARLOS MUSTEFAGA (MDB) Vice-Prefeito: ELTON CARLOS SIRENA (PT) Endere\u00e7o: Pra\u00e7a Jo\u00e3o Paulo II, 33 CEP: 99.835-000 Telefone: (54) 3527-1141 Site (Famurs):\u00a0www.aurea.famurs.com.br Site Prefeitura:\u00a0http:\/\/aurea.rs.gov.br\/ Anivers\u00e1rio:\u00a024 de novembro Funda\u00e7\u00e3o:\u00a024 de novembro de 1987 \u00c1rea: 158,291 Km\u00b2 Dist\u00e2ncia de PoA: 390 Km Dist\u00e2ncia de Erechim: 37,3 km Estimativa Popula\u00e7\u00e3o [2022]: 3.396 &nbsp; Gent\u00edlico: Aureense Hist\u00f3ria O [&hellip;]\" \/>\n<meta property=\"og:url\" content=\"https:\/\/www.amau.com.br\/site\/aurea\/\" \/>\n<meta property=\"og:site_name\" content=\"AMAU - Associa\u00e7\u00e3o de Munic\u00edpios do Alto Uruguai\" \/>\n<meta property=\"article:publisher\" content=\"http:\/\/www.facebook.com\/amauaaltouruguai\" \/>\n<meta property=\"article:modified_time\" content=\"2025-01-17T16:47:56+00:00\" \/>\n<meta property=\"og:image\" content=\"https:\/\/www.amau.com.br\/site\/wp-content\/uploads\/2017\/04\/Bandeira_de_\u00c1urea-150x150.jpg\" \/>\n<meta name=\"twitter:card\" content=\"summary_large_image\" \/>\n<meta name=\"twitter:label1\" content=\"Est. tempo de leitura\" \/>\n\t<meta name=\"twitter:data1\" content=\"2 minutos\" \/>\n<script type=\"application\/ld+json\" class=\"yoast-schema-graph\">{\"@context\":\"https:\\\/\\\/schema.org\",\"@graph\":[{\"@type\":\"WebPage\",\"@id\":\"https:\\\/\\\/www.amau.com.br\\\/site\\\/aurea\\\/\",\"url\":\"https:\\\/\\\/www.amau.com.br\\\/site\\\/aurea\\\/\",\"name\":\"\u00c1urea - AMAU - Associa\u00e7\u00e3o de Munic\u00edpios do Alto Uruguai\",\"isPartOf\":{\"@id\":\"https:\\\/\\\/www.amau.com.br\\\/site\\\/#website\"},\"datePublished\":\"2017-04-27T04:44:56+00:00\",\"dateModified\":\"2025-01-17T16:47:56+00:00\",\"breadcrumb\":{\"@id\":\"https:\\\/\\\/www.amau.com.br\\\/site\\\/aurea\\\/#breadcrumb\"},\"inLanguage\":\"pt-BR\",\"potentialAction\":[{\"@type\":\"ReadAction\",\"target\":[\"https:\\\/\\\/www.amau.com.br\\\/site\\\/aurea\\\/\"]}]},{\"@type\":\"BreadcrumbList\",\"@id\":\"https:\\\/\\\/www.amau.com.br\\\/site\\\/aurea\\\/#breadcrumb\",\"itemListElement\":[{\"@type\":\"ListItem\",\"position\":1,\"name\":\"Home\",\"item\":\"https:\\\/\\\/www.amau.com.br\\\/site\\\/\"},{\"@type\":\"ListItem\",\"position\":2,\"name\":\"\u00c1urea\"}]},{\"@type\":\"WebSite\",\"@id\":\"https:\\\/\\\/www.amau.com.br\\\/site\\\/#website\",\"url\":\"https:\\\/\\\/www.amau.com.br\\\/site\\\/\",\"name\":\"AMAU - Associa\u00e7\u00e3o de Munic\u00edpios do Alto Uruguai\",\"description\":\"Construindo alternativas para o desenvolvimento.\",\"publisher\":{\"@id\":\"https:\\\/\\\/www.amau.com.br\\\/site\\\/#organization\"},\"potentialAction\":[{\"@type\":\"SearchAction\",\"target\":{\"@type\":\"EntryPoint\",\"urlTemplate\":\"https:\\\/\\\/www.amau.com.br\\\/site\\\/?s={search_term_string}\"},\"query-input\":{\"@type\":\"PropertyValueSpecification\",\"valueRequired\":true,\"valueName\":\"search_term_string\"}}],\"inLanguage\":\"pt-BR\"},{\"@type\":\"Organization\",\"@id\":\"https:\\\/\\\/www.amau.com.br\\\/site\\\/#organization\",\"name\":\"AMAU - Associa\u00e7\u00e3o de Munic\u00edpios do Alto Uruguai\",\"url\":\"https:\\\/\\\/www.amau.com.br\\\/site\\\/\",\"logo\":{\"@type\":\"ImageObject\",\"inLanguage\":\"pt-BR\",\"@id\":\"https:\\\/\\\/www.amau.com.br\\\/site\\\/#\\\/schema\\\/logo\\\/image\\\/\",\"url\":\"https:\\\/\\\/www.amau.com.br\\\/site\\\/wp-content\\\/uploads\\\/2017\\\/04\\\/cropped-Amau-Logos-Site-300-1.png\",\"contentUrl\":\"https:\\\/\\\/www.amau.com.br\\\/site\\\/wp-content\\\/uploads\\\/2017\\\/04\\\/cropped-Amau-Logos-Site-300-1.png\",\"width\":807,\"height\":221,\"caption\":\"AMAU - Associa\u00e7\u00e3o de Munic\u00edpios do Alto Uruguai\"},\"image\":{\"@id\":\"https:\\\/\\\/www.amau.com.br\\\/site\\\/#\\\/schema\\\/logo\\\/image\\\/\"},\"sameAs\":[\"http:\\\/\\\/www.facebook.com\\\/amauaaltouruguai\"]}]}<\/script>\n<!-- \/ Yoast SEO plugin. -->","yoast_head_json":{"title":"\u00c1urea - AMAU - Associa\u00e7\u00e3o de Munic\u00edpios do Alto Uruguai","robots":{"index":"index","follow":"follow","max-snippet":"max-snippet:-1","max-image-preview":"max-image-preview:large","max-video-preview":"max-video-preview:-1"},"canonical":"https:\/\/www.amau.com.br\/site\/aurea\/","og_locale":"pt_BR","og_type":"article","og_title":"\u00c1urea - AMAU - Associa\u00e7\u00e3o de Munic\u00edpios do Alto Uruguai","og_description":"Prefeito: GILMAR CARLOS MUSTEFAGA (MDB) Vice-Prefeito: ELTON CARLOS SIRENA (PT) Endere\u00e7o: Pra\u00e7a Jo\u00e3o Paulo II, 33 CEP: 99.835-000 Telefone: (54) 3527-1141 Site (Famurs):\u00a0www.aurea.famurs.com.br Site Prefeitura:\u00a0http:\/\/aurea.rs.gov.br\/ Anivers\u00e1rio:\u00a024 de novembro Funda\u00e7\u00e3o:\u00a024 de novembro de 1987 \u00c1rea: 158,291 Km\u00b2 Dist\u00e2ncia de PoA: 390 Km Dist\u00e2ncia de Erechim: 37,3 km Estimativa Popula\u00e7\u00e3o [2022]: 3.396 &nbsp; Gent\u00edlico: Aureense Hist\u00f3ria O [&hellip;]","og_url":"https:\/\/www.amau.com.br\/site\/aurea\/","og_site_name":"AMAU - Associa\u00e7\u00e3o de Munic\u00edpios do Alto Uruguai","article_publisher":"http:\/\/www.facebook.com\/amauaaltouruguai","article_modified_time":"2025-01-17T16:47:56+00:00","og_image":[{"url":"https:\/\/www.amau.com.br\/site\/wp-content\/uploads\/2017\/04\/Bandeira_de_\u00c1urea-150x150.jpg","type":"","width":"","height":""}],"twitter_card":"summary_large_image","twitter_misc":{"Est. tempo de leitura":"2 minutos"},"schema":{"@context":"https:\/\/schema.org","@graph":[{"@type":"WebPage","@id":"https:\/\/www.amau.com.br\/site\/aurea\/","url":"https:\/\/www.amau.com.br\/site\/aurea\/","name":"\u00c1urea - AMAU - Associa\u00e7\u00e3o de Munic\u00edpios do Alto Uruguai","isPartOf":{"@id":"https:\/\/www.amau.com.br\/site\/#website"},"datePublished":"2017-04-27T04:44:56+00:00","dateModified":"2025-01-17T16:47:56+00:00","breadcrumb":{"@id":"https:\/\/www.amau.com.br\/site\/aurea\/#breadcrumb"},"inLanguage":"pt-BR","potentialAction":[{"@type":"ReadAction","target":["https:\/\/www.amau.com.br\/site\/aurea\/"]}]},{"@type":"BreadcrumbList","@id":"https:\/\/www.amau.com.br\/site\/aurea\/#breadcrumb","itemListElement":[{"@type":"ListItem","position":1,"name":"Home","item":"https:\/\/www.amau.com.br\/site\/"},{"@type":"ListItem","position":2,"name":"\u00c1urea"}]},{"@type":"WebSite","@id":"https:\/\/www.amau.com.br\/site\/#website","url":"https:\/\/www.amau.com.br\/site\/","name":"AMAU - Associa\u00e7\u00e3o de Munic\u00edpios do Alto Uruguai","description":"Construindo alternativas para o desenvolvimento.","publisher":{"@id":"https:\/\/www.amau.com.br\/site\/#organization"},"potentialAction":[{"@type":"SearchAction","target":{"@type":"EntryPoint","urlTemplate":"https:\/\/www.amau.com.br\/site\/?s={search_term_string}"},"query-input":{"@type":"PropertyValueSpecification","valueRequired":true,"valueName":"search_term_string"}}],"inLanguage":"pt-BR"},{"@type":"Organization","@id":"https:\/\/www.amau.com.br\/site\/#organization","name":"AMAU - Associa\u00e7\u00e3o de Munic\u00edpios do Alto Uruguai","url":"https:\/\/www.amau.com.br\/site\/","logo":{"@type":"ImageObject","inLanguage":"pt-BR","@id":"https:\/\/www.amau.com.br\/site\/#\/schema\/logo\/image\/","url":"https:\/\/www.amau.com.br\/site\/wp-content\/uploads\/2017\/04\/cropped-Amau-Logos-Site-300-1.png","contentUrl":"https:\/\/www.amau.com.br\/site\/wp-content\/uploads\/2017\/04\/cropped-Amau-Logos-Site-300-1.png","width":807,"height":221,"caption":"AMAU - Associa\u00e7\u00e3o de Munic\u00edpios do Alto Uruguai"},"image":{"@id":"https:\/\/www.amau.com.br\/site\/#\/schema\/logo\/image\/"},"sameAs":["http:\/\/www.facebook.com\/amauaaltouruguai"]}]}},"_links":{"self":[{"href":"https:\/\/www.amau.com.br\/site\/wp-json\/wp\/v2\/pages\/998","targetHints":{"allow":["GET"]}}],"collection":[{"href":"https:\/\/www.amau.com.br\/site\/wp-json\/wp\/v2\/pages"}],"about":[{"href":"https:\/\/www.amau.com.br\/site\/wp-json\/wp\/v2\/types\/page"}],"author":[{"embeddable":true,"href":"https:\/\/www.amau.com.br\/site\/wp-json\/wp\/v2\/users\/1"}],"replies":[{"embeddable":true,"href":"https:\/\/www.amau.com.br\/site\/wp-json\/wp\/v2\/comments?post=998"}],"version-history":[{"count":0,"href":"https:\/\/www.amau.com.br\/site\/wp-json\/wp\/v2\/pages\/998\/revisions"}],"wp:attachment":[{"href":"https:\/\/www.amau.com.br\/site\/wp-json\/wp\/v2\/media?parent=998"}],"curies":[{"name":"wp","href":"https:\/\/api.w.org\/{rel}","templated":true}]}}