{"id":975,"date":"2017-04-26T22:31:02","date_gmt":"2017-04-27T01:31:02","guid":{"rendered":"http:\/\/amau.com.br\/site\/?page_id=975"},"modified":"2025-02-12T15:24:48","modified_gmt":"2025-02-12T18:24:48","slug":"severiano-de-almeida","status":"publish","type":"page","link":"https:\/\/www.amau.com.br\/site\/severiano-de-almeida\/","title":{"rendered":"Severiano de Almeida"},"content":{"rendered":"<div id=\"article\">\n<div id=\"container-article\">\n<div id=\"programacao\">\n<div class=\"conteudo-ajax\">\n<div>\n<p><strong>Prefeito:<\/strong> JAIR KAMMLER (MDB)<br \/>\n<strong>Vice-Prefeita:<\/strong> LEONEL DARIO LANIUS JUNIOR (PDT)<\/p>\n<p><strong>Endere\u00e7o:<\/strong> Pra\u00e7a 12 de Abril, 117<br \/>\n<strong>CEP:<\/strong> 99.810-000<br \/>\n<strong>Telefone:<\/strong> (54) 9 9263-1851<br \/>\n<strong>Site (Famurs):<\/strong> <a href=\"http:\/\/www.severianodealmeida.famurs.com.br\/\">www.severianodealmeida.famurs.com.br<\/a><\/p>\n<p><strong>Site da Prefeitura<\/strong>:\u00a0<a href=\"https:\/\/www.severianodealmeida.rs.gov.br\/\">https:\/\/www.severianodealmeida.rs.gov.br\/<\/a><\/p>\n<p><strong>\u00c1rea:<\/strong>\u00a0167,615 km\u00b2<\/p>\n<p><strong><b>Estimativa Popula\u00e7\u00e3o [2022]:<\/b><\/strong>3.406<\/p>\n<p><strong>Dist\u00e2ncia de PoA:<\/strong> 398 km<\/p>\n<p><strong>Gent\u00edlico:<\/strong> Severianense<\/p>\n<\/div>\n<p><strong>Hist\u00f3ria<\/strong><\/p>\n<p>O surgimento do povoado de Severiano de Almeida remonta \u00e0 segunda d\u00e9cada desse s\u00e9culo, entre 1910 e 1920, quando adentraram muitos colonos nas matas do norte do Rio Grande do Sul. Anterior a isso, sabe-se que circulavam pela mata \u00edndios Kaingang e outros indiv\u00edduos (de proced\u00eancia incerta) refugiados das revolu\u00e7\u00f5es Farroupilha e Federalista.Incentivados pela coloniza\u00e7\u00e3o p\u00fablica promovida por Carlos Barbosa Gon\u00e7alves (ent\u00e3o presidente do Estado) que, no dia 6 de Outubro de 1908 criou a Col\u00f4nia Erechim, e pela coloniza\u00e7\u00e3o particular da Empresa \u201cLuce-Rosa &amp; Ltda\u201d, fundada em 1915, come\u00e7aram a chegar os primeiros imigrantes \u00e0s novas terras.<\/p>\n<p>Eram oriundos das col\u00f4nias Silveira Martins, Caxias, Dona Isabel, Conde D`Eu e at\u00e9 da It\u00e1lia.Um fator que contribui muito no deslocamento dos imigrantes para a regi\u00e3o do Alto Uruguai foi a chamada \u201cestrada de ferro\u201d. Tendo chegado ao povoado de Paiol Grande em 1910 e, no ano seguinte, unindo o nosso Estado com Santa Catarina, Paran\u00e1 e S\u00e3o Paulo, a ferrovia tornou-se um excelente meio de importa\u00e7\u00e3o de bens de consumo e escoamento da produ\u00e7\u00e3o.No final de 1916 conforme assegura a tradi\u00e7\u00e3o oral \u2013 um grupo de nove colonos de origem italiana teria descido para a regi\u00e3o onde se localizava hoje Severiano de Almeida a fim de ver as terras da Luce-Rosa. Feita a visita, haveriam batizado o lugar de \u201cNova It\u00e1lia\u201d, nome com o qual o povoado ficou sendo conhecido por longo tempo.J\u00e1 no in\u00edcio de 1917 estabeleceu-se a\u00ed a fam\u00edlia de Ferucio Marins Bisol e Rosa Magnabosco, provindos de Guapor\u00e9.<\/p>\n<p>Ressentidos de recursos de primeira necessidade, mas ancorados pela esperan\u00e7a de prosperarem, foram chegando outros pioneiros. Pode-se mencionar a fam\u00edlia de Andr\u00e9 e Sabina Z\u00edlio, Ant\u00f4nio e Luiza Bigaton, Vicente e Maria Burin, Domingos e Br\u00edgida Sponchiado, Pietro e Maria Carnieletto, Vicente e Catarina Sponchiado, Benjamim e Arcagela Dagios, Jos\u00e9 Maria Pedron, Fioravante e Helena Pedron, Felipe Maria Antoniazzi, Geremias e Ema Nespolo, Adolfo e Santa Nespolo, Pedro e Ver\u00f4nica G\u00eanero, Angelo e Ana Luigia G\u00eanero, Pimo Ant\u00f4nio e Maria Miotto, Santo e Santa Burin. Na seq\u00fc\u00eancia, fixaram-se os Vendruscolo, os Trentin, os Beninc\u00e1 e muitos outros.Preocupada com o densenvolvimento da Col\u00f4nia , a empresa \u201cLuce-Rosa &amp; Ltda\u201d incentivou a vinda dos padres franciscanos para a regi\u00e3o, bem como favoreceu a sua instala\u00e7\u00e3o entre os colonos.<\/p>\n<p>Al\u00e9m da assist\u00eancia propriamente religiosa, os franciscanos exerceram grande influ\u00eancia cultural em Nova It\u00e1lia, como de resto em diversos povoados circunvizinhos por eles atendidos. Quase simultaneamente chegaram as irm\u00e3s Fransciscanas Mission\u00e1rias de Maria Auxiliadora no vizinho povoado de Tr\u00eas Arroios. Em Nova It\u00e1lia firmaram resid\u00eancia em mar\u00e7o de 1956, sempre envidando esfor\u00e7os no atendimento religioso e no campo da educa\u00e7\u00e3o. Criaram e mantiveram por muito tempo o Col\u00e9gio Cristo Rei, que se notabilizou como o maior e melhor estabelecimento de ensino do distrito.<\/p>\n<p>As irm\u00e3s e padres possibilitou uma s\u00f3lida forma\u00e7\u00e3o crist\u00e3, respons\u00e1vel pelo florescimento de muitas voca\u00e7\u00f5es religiosas e sacerdotais.A religiosidade foi um elemento determinante e um fator de grande significado pessoal e social na vida do imigrantes. Possuiam f\u00e9 inabal\u00e1vel no criador e devo\u00e7\u00f5es bem nutridas pela tradi\u00e7\u00e3o que, a par das dificuldades de toda ordem, foram forjando de imediato a organiza\u00e7\u00e3o das comunidades. Por ali passavam as quest\u00f5es pol\u00edticas, econ\u00f4micas, culturais e religiosas. Nesses meio tamb\u00e9m perpassavam os projetos, as lembran\u00e7as, a conviv\u00eancia e tudo o mais que lhes pudessem valer.<\/p>\n<p>Acentuada dedica\u00e7\u00e3o e esmero ao trabalho. Assim eram os colonos que, manualmente, puseram abaixo a mata para construir uma economia de subsist\u00eancia, baseada na policultura. Desde o princ\u00edpio, cultivou-se em Nova It\u00e1lia o trigo, o milho, o feij\u00e3o, o fumo e a parreira. Produziram-se su\u00ednos, bovinos e outros animais. Houve extra\u00e7\u00e3o de erva-mate, bem como de madeira, que era beneficiada pelos engenhos e mesmo exportada, quer pela ferrovia, quer pelo Rio Uruguai, atrav\u00e9s das \u201cbalsas\u201d. No cen\u00e1rio econ\u00f4mico surgiram as casas de com\u00e9rcio.<\/p>\n<p>Expressiva foi a iniciativa de um grupo de agricultores que, liderados por Mariano Moro, em 01-1940 transformaram a Cooperativa de Fumo Nova It\u00e1lia em Cooperativa de produ\u00e7\u00e3o e consumo \u201cNova Vit\u00f3ria\u201d, Mariano Moro foi uma das personalidades marcantes da \u00e9poca. Sobressa\u00eda-se pela lideran\u00e7a e pelos ideais cooperativos. Tornou-se fundador ou co-respons\u00e1vel pela funda\u00e7\u00e3o de pelo menos 20 cooperativas agr\u00edcolas na regi\u00e3o, dentre as quais a Uni\u00e3o Sul Brasileira de Cooperativas com sede em Porto Alegre.Administrativamente, Nova It\u00e1lia passou \u00e0 categoria de distrito no dia 15 de Abril de 1929, por um ato do ent\u00e3o intendente municipal de Erechim, Att\u00edlano Machado. O novo distrito comportava uma \u00e1rea de 450 km e foi oficialmente instalado no dia 03-05 daquele ano, tendo como primeiro sub-intendente o Sr. Jo\u00e3o Moro. Entre as autoridades e populares estava o Sr. Jos\u00e9 que atuou em Nova It\u00e1lia como juiz distrital, m\u00e9dico, sub-delegado de pol\u00edcia e sub-prefeito.<\/p>\n<p>Em virtude de alguns contratempos de ordem eleitoral, o distrito de Nova It\u00e1lia foi extinto em 5 de Maio de 1933. Todavia, em 05-1934 fora solenemente restaurado, devolvendo a alegria \u00e0 produ\u00e7\u00e3o e permitindo a retomada da caminhada pol\u00edtico-administrativa. Em raz\u00e3o do movimento nacionalista da \u00e9poca da segunda guerra mundial, houve a altera\u00e7\u00e3o dos top\u00f4nimos estrangeiros. Nova It\u00e1lia passou a ser denominado Severiano de Almeida por decreto estadual de 29 de Novembro de 1938. A escolha do nome foi uma homenagem ao engenheiro, chefe da Comiss\u00e3o de Terras para demarca\u00e7\u00e3o da Col\u00f4nia Erechim. O distrito recobrou seu antigo nome \u201cNova It\u00e1lia\u201d em 17 de Dezembro de 1956. Mas, com a emancipa\u00e7\u00e3o ficou sendo conhecido definitivamente por Severiano de Almeida. As condi\u00e7\u00f5es econ\u00f4micas e sociais o permitiam dado que o interesse pela causa emancipacionista se firmou. Em reuni\u00e3o realizada no dia 20 de Janeiro de 1962 foram eleitos Dr. Jo\u00e3o Carlos Pezzi, Alberto Francisco Basso, Dion\u00edsio Z\u00edlio e Hary Magarinos para comporem a comiss\u00e3o respons\u00e1vel pelo processo de independ\u00eancia adminstrativa.<\/p>\n<p>Ap\u00f3s ser analisado o processo de emancipa\u00e7\u00e3o junto \u00e0 Assembl\u00e9ia Legislativa do Estado e decorrida a consulta plebiscit\u00e1ria na \u00e1rea emancipanda, o governador Lido Meneghetti sancionou a cria\u00e7\u00e3o do munic\u00edpio de Severiano de Almeida. Isto se deu no dia 26 de Dezembro de 1963.<\/p>\n<\/div>\n<\/div>\n<\/div>\n<\/div>\n","protected":false},"excerpt":{"rendered":"<p>Prefeito: JAIR KAMMLER (MDB) Vice-Prefeita: LEONEL DARIO LANIUS JUNIOR (PDT) Endere\u00e7o: Pra\u00e7a 12 de Abril, 117 CEP: 99.810-000 Telefone: (54) 9 9263-1851 Site (Famurs): www.severianodealmeida.famurs.com.br Site da Prefeitura:\u00a0https:\/\/www.severianodealmeida.rs.gov.br\/ \u00c1rea:\u00a0167,615 km\u00b2 Estimativa Popula\u00e7\u00e3o [2022]:3.406 Dist\u00e2ncia de PoA: 398 km Gent\u00edlico: Severianense Hist\u00f3ria O surgimento do povoado de Severiano de Almeida remonta \u00e0 segunda d\u00e9cada desse s\u00e9culo, [&hellip;]<\/p>\n","protected":false},"author":1,"featured_media":0,"parent":0,"menu_order":0,"comment_status":"closed","ping_status":"closed","template":"","meta":{"ocean_post_layout":"","ocean_both_sidebars_style":"","ocean_both_sidebars_content_width":0,"ocean_both_sidebars_sidebars_width":0,"ocean_sidebar":"0","ocean_second_sidebar":"0","ocean_disable_margins":"enable","ocean_add_body_class":"","ocean_shortcode_before_top_bar":"","ocean_shortcode_after_top_bar":"","ocean_shortcode_before_header":"","ocean_shortcode_after_header":"","ocean_has_shortcode":"","ocean_shortcode_after_title":"","ocean_shortcode_before_footer_widgets":"","ocean_shortcode_after_footer_widgets":"","ocean_shortcode_before_footer_bottom":"","ocean_shortcode_after_footer_bottom":"","ocean_display_top_bar":"default","ocean_display_header":"default","ocean_header_style":"","ocean_center_header_left_menu":"0","ocean_custom_header_template":"0","ocean_custom_logo":0,"ocean_custom_retina_logo":0,"ocean_custom_logo_max_width":0,"ocean_custom_logo_tablet_max_width":0,"ocean_custom_logo_mobile_max_width":0,"ocean_custom_logo_max_height":0,"ocean_custom_logo_tablet_max_height":0,"ocean_custom_logo_mobile_max_height":0,"ocean_header_custom_menu":"0","ocean_menu_typo_font_family":"0","ocean_menu_typo_font_subset":"","ocean_menu_typo_font_size":0,"ocean_menu_typo_font_size_tablet":0,"ocean_menu_typo_font_size_mobile":0,"ocean_menu_typo_font_size_unit":"px","ocean_menu_typo_font_weight":"","ocean_menu_typo_font_weight_tablet":"","ocean_menu_typo_font_weight_mobile":"","ocean_menu_typo_transform":"","ocean_menu_typo_transform_tablet":"","ocean_menu_typo_transform_mobile":"","ocean_menu_typo_line_height":0,"ocean_menu_typo_line_height_tablet":0,"ocean_menu_typo_line_height_mobile":0,"ocean_menu_typo_line_height_unit":"","ocean_menu_typo_spacing":0,"ocean_menu_typo_spacing_tablet":0,"ocean_menu_typo_spacing_mobile":0,"ocean_menu_typo_spacing_unit":"","ocean_menu_link_color":"","ocean_menu_link_color_hover":"","ocean_menu_link_color_active":"","ocean_menu_link_background":"","ocean_menu_link_hover_background":"","ocean_menu_link_active_background":"","ocean_menu_social_links_bg":"","ocean_menu_social_hover_links_bg":"","ocean_menu_social_links_color":"","ocean_menu_social_hover_links_color":"","ocean_disable_title":"default","ocean_disable_heading":"default","ocean_post_title":"","ocean_post_subheading":"","ocean_post_title_style":"","ocean_post_title_background_color":"","ocean_post_title_background":0,"ocean_post_title_bg_image_position":"","ocean_post_title_bg_image_attachment":"","ocean_post_title_bg_image_repeat":"","ocean_post_title_bg_image_size":"","ocean_post_title_height":0,"ocean_post_title_bg_overlay":0.5,"ocean_post_title_bg_overlay_color":"","ocean_disable_breadcrumbs":"default","ocean_breadcrumbs_color":"","ocean_breadcrumbs_separator_color":"","ocean_breadcrumbs_links_color":"","ocean_breadcrumbs_links_hover_color":"","ocean_display_footer_widgets":"default","ocean_display_footer_bottom":"default","ocean_custom_footer_template":"0","footnotes":""},"class_list":["post-975","page","type-page","status-publish","hentry","entry"],"yoast_head":"<!-- This site is optimized with the Yoast SEO plugin v27.4 - https:\/\/yoast.com\/product\/yoast-seo-wordpress\/ -->\n<title>Severiano de Almeida - AMAU - Associa\u00e7\u00e3o de Munic\u00edpios do Alto Uruguai<\/title>\n<meta name=\"robots\" content=\"index, follow, max-snippet:-1, max-image-preview:large, max-video-preview:-1\" \/>\n<link rel=\"canonical\" href=\"https:\/\/www.amau.com.br\/site\/severiano-de-almeida\/\" \/>\n<meta property=\"og:locale\" content=\"pt_BR\" \/>\n<meta property=\"og:type\" content=\"article\" \/>\n<meta property=\"og:title\" content=\"Severiano de Almeida - AMAU - Associa\u00e7\u00e3o de Munic\u00edpios do Alto Uruguai\" \/>\n<meta property=\"og:description\" content=\"Prefeito: JAIR KAMMLER (MDB) Vice-Prefeita: LEONEL DARIO LANIUS JUNIOR (PDT) Endere\u00e7o: Pra\u00e7a 12 de Abril, 117 CEP: 99.810-000 Telefone: (54) 9 9263-1851 Site (Famurs): www.severianodealmeida.famurs.com.br Site da Prefeitura:\u00a0https:\/\/www.severianodealmeida.rs.gov.br\/ \u00c1rea:\u00a0167,615 km\u00b2 Estimativa Popula\u00e7\u00e3o [2022]:3.406 Dist\u00e2ncia de PoA: 398 km Gent\u00edlico: Severianense Hist\u00f3ria O surgimento do povoado de Severiano de Almeida remonta \u00e0 segunda d\u00e9cada desse s\u00e9culo, [&hellip;]\" \/>\n<meta property=\"og:url\" content=\"https:\/\/www.amau.com.br\/site\/severiano-de-almeida\/\" \/>\n<meta property=\"og:site_name\" content=\"AMAU - Associa\u00e7\u00e3o de Munic\u00edpios do Alto Uruguai\" \/>\n<meta property=\"article:publisher\" content=\"http:\/\/www.facebook.com\/amauaaltouruguai\" \/>\n<meta property=\"article:modified_time\" content=\"2025-02-12T18:24:48+00:00\" \/>\n<meta name=\"twitter:card\" content=\"summary_large_image\" \/>\n<meta name=\"twitter:label1\" content=\"Est. tempo de leitura\" \/>\n\t<meta name=\"twitter:data1\" content=\"6 minutos\" \/>\n<script type=\"application\/ld+json\" class=\"yoast-schema-graph\">{\"@context\":\"https:\\\/\\\/schema.org\",\"@graph\":[{\"@type\":\"WebPage\",\"@id\":\"https:\\\/\\\/www.amau.com.br\\\/site\\\/severiano-de-almeida\\\/\",\"url\":\"https:\\\/\\\/www.amau.com.br\\\/site\\\/severiano-de-almeida\\\/\",\"name\":\"Severiano de Almeida - AMAU - Associa\u00e7\u00e3o de Munic\u00edpios do Alto Uruguai\",\"isPartOf\":{\"@id\":\"https:\\\/\\\/www.amau.com.br\\\/site\\\/#website\"},\"datePublished\":\"2017-04-27T01:31:02+00:00\",\"dateModified\":\"2025-02-12T18:24:48+00:00\",\"breadcrumb\":{\"@id\":\"https:\\\/\\\/www.amau.com.br\\\/site\\\/severiano-de-almeida\\\/#breadcrumb\"},\"inLanguage\":\"pt-BR\",\"potentialAction\":[{\"@type\":\"ReadAction\",\"target\":[\"https:\\\/\\\/www.amau.com.br\\\/site\\\/severiano-de-almeida\\\/\"]}]},{\"@type\":\"BreadcrumbList\",\"@id\":\"https:\\\/\\\/www.amau.com.br\\\/site\\\/severiano-de-almeida\\\/#breadcrumb\",\"itemListElement\":[{\"@type\":\"ListItem\",\"position\":1,\"name\":\"Home\",\"item\":\"https:\\\/\\\/www.amau.com.br\\\/site\\\/\"},{\"@type\":\"ListItem\",\"position\":2,\"name\":\"Severiano de Almeida\"}]},{\"@type\":\"WebSite\",\"@id\":\"https:\\\/\\\/www.amau.com.br\\\/site\\\/#website\",\"url\":\"https:\\\/\\\/www.amau.com.br\\\/site\\\/\",\"name\":\"AMAU - Associa\u00e7\u00e3o de Munic\u00edpios do Alto Uruguai\",\"description\":\"Construindo alternativas para o desenvolvimento.\",\"publisher\":{\"@id\":\"https:\\\/\\\/www.amau.com.br\\\/site\\\/#organization\"},\"potentialAction\":[{\"@type\":\"SearchAction\",\"target\":{\"@type\":\"EntryPoint\",\"urlTemplate\":\"https:\\\/\\\/www.amau.com.br\\\/site\\\/?s={search_term_string}\"},\"query-input\":{\"@type\":\"PropertyValueSpecification\",\"valueRequired\":true,\"valueName\":\"search_term_string\"}}],\"inLanguage\":\"pt-BR\"},{\"@type\":\"Organization\",\"@id\":\"https:\\\/\\\/www.amau.com.br\\\/site\\\/#organization\",\"name\":\"AMAU - Associa\u00e7\u00e3o de Munic\u00edpios do Alto Uruguai\",\"url\":\"https:\\\/\\\/www.amau.com.br\\\/site\\\/\",\"logo\":{\"@type\":\"ImageObject\",\"inLanguage\":\"pt-BR\",\"@id\":\"https:\\\/\\\/www.amau.com.br\\\/site\\\/#\\\/schema\\\/logo\\\/image\\\/\",\"url\":\"https:\\\/\\\/www.amau.com.br\\\/site\\\/wp-content\\\/uploads\\\/2017\\\/04\\\/cropped-Amau-Logos-Site-300-1.png\",\"contentUrl\":\"https:\\\/\\\/www.amau.com.br\\\/site\\\/wp-content\\\/uploads\\\/2017\\\/04\\\/cropped-Amau-Logos-Site-300-1.png\",\"width\":807,\"height\":221,\"caption\":\"AMAU - Associa\u00e7\u00e3o de Munic\u00edpios do Alto Uruguai\"},\"image\":{\"@id\":\"https:\\\/\\\/www.amau.com.br\\\/site\\\/#\\\/schema\\\/logo\\\/image\\\/\"},\"sameAs\":[\"http:\\\/\\\/www.facebook.com\\\/amauaaltouruguai\"]}]}<\/script>\n<!-- \/ Yoast SEO plugin. -->","yoast_head_json":{"title":"Severiano de Almeida - AMAU - Associa\u00e7\u00e3o de Munic\u00edpios do Alto Uruguai","robots":{"index":"index","follow":"follow","max-snippet":"max-snippet:-1","max-image-preview":"max-image-preview:large","max-video-preview":"max-video-preview:-1"},"canonical":"https:\/\/www.amau.com.br\/site\/severiano-de-almeida\/","og_locale":"pt_BR","og_type":"article","og_title":"Severiano de Almeida - AMAU - Associa\u00e7\u00e3o de Munic\u00edpios do Alto Uruguai","og_description":"Prefeito: JAIR KAMMLER (MDB) Vice-Prefeita: LEONEL DARIO LANIUS JUNIOR (PDT) Endere\u00e7o: Pra\u00e7a 12 de Abril, 117 CEP: 99.810-000 Telefone: (54) 9 9263-1851 Site (Famurs): www.severianodealmeida.famurs.com.br Site da Prefeitura:\u00a0https:\/\/www.severianodealmeida.rs.gov.br\/ \u00c1rea:\u00a0167,615 km\u00b2 Estimativa Popula\u00e7\u00e3o [2022]:3.406 Dist\u00e2ncia de PoA: 398 km Gent\u00edlico: Severianense Hist\u00f3ria O surgimento do povoado de Severiano de Almeida remonta \u00e0 segunda d\u00e9cada desse s\u00e9culo, [&hellip;]","og_url":"https:\/\/www.amau.com.br\/site\/severiano-de-almeida\/","og_site_name":"AMAU - Associa\u00e7\u00e3o de Munic\u00edpios do Alto Uruguai","article_publisher":"http:\/\/www.facebook.com\/amauaaltouruguai","article_modified_time":"2025-02-12T18:24:48+00:00","twitter_card":"summary_large_image","twitter_misc":{"Est. tempo de leitura":"6 minutos"},"schema":{"@context":"https:\/\/schema.org","@graph":[{"@type":"WebPage","@id":"https:\/\/www.amau.com.br\/site\/severiano-de-almeida\/","url":"https:\/\/www.amau.com.br\/site\/severiano-de-almeida\/","name":"Severiano de Almeida - AMAU - Associa\u00e7\u00e3o de Munic\u00edpios do Alto Uruguai","isPartOf":{"@id":"https:\/\/www.amau.com.br\/site\/#website"},"datePublished":"2017-04-27T01:31:02+00:00","dateModified":"2025-02-12T18:24:48+00:00","breadcrumb":{"@id":"https:\/\/www.amau.com.br\/site\/severiano-de-almeida\/#breadcrumb"},"inLanguage":"pt-BR","potentialAction":[{"@type":"ReadAction","target":["https:\/\/www.amau.com.br\/site\/severiano-de-almeida\/"]}]},{"@type":"BreadcrumbList","@id":"https:\/\/www.amau.com.br\/site\/severiano-de-almeida\/#breadcrumb","itemListElement":[{"@type":"ListItem","position":1,"name":"Home","item":"https:\/\/www.amau.com.br\/site\/"},{"@type":"ListItem","position":2,"name":"Severiano de Almeida"}]},{"@type":"WebSite","@id":"https:\/\/www.amau.com.br\/site\/#website","url":"https:\/\/www.amau.com.br\/site\/","name":"AMAU - Associa\u00e7\u00e3o de Munic\u00edpios do Alto Uruguai","description":"Construindo alternativas para o desenvolvimento.","publisher":{"@id":"https:\/\/www.amau.com.br\/site\/#organization"},"potentialAction":[{"@type":"SearchAction","target":{"@type":"EntryPoint","urlTemplate":"https:\/\/www.amau.com.br\/site\/?s={search_term_string}"},"query-input":{"@type":"PropertyValueSpecification","valueRequired":true,"valueName":"search_term_string"}}],"inLanguage":"pt-BR"},{"@type":"Organization","@id":"https:\/\/www.amau.com.br\/site\/#organization","name":"AMAU - Associa\u00e7\u00e3o de Munic\u00edpios do Alto Uruguai","url":"https:\/\/www.amau.com.br\/site\/","logo":{"@type":"ImageObject","inLanguage":"pt-BR","@id":"https:\/\/www.amau.com.br\/site\/#\/schema\/logo\/image\/","url":"https:\/\/www.amau.com.br\/site\/wp-content\/uploads\/2017\/04\/cropped-Amau-Logos-Site-300-1.png","contentUrl":"https:\/\/www.amau.com.br\/site\/wp-content\/uploads\/2017\/04\/cropped-Amau-Logos-Site-300-1.png","width":807,"height":221,"caption":"AMAU - Associa\u00e7\u00e3o de Munic\u00edpios do Alto Uruguai"},"image":{"@id":"https:\/\/www.amau.com.br\/site\/#\/schema\/logo\/image\/"},"sameAs":["http:\/\/www.facebook.com\/amauaaltouruguai"]}]}},"_links":{"self":[{"href":"https:\/\/www.amau.com.br\/site\/wp-json\/wp\/v2\/pages\/975","targetHints":{"allow":["GET"]}}],"collection":[{"href":"https:\/\/www.amau.com.br\/site\/wp-json\/wp\/v2\/pages"}],"about":[{"href":"https:\/\/www.amau.com.br\/site\/wp-json\/wp\/v2\/types\/page"}],"author":[{"embeddable":true,"href":"https:\/\/www.amau.com.br\/site\/wp-json\/wp\/v2\/users\/1"}],"replies":[{"embeddable":true,"href":"https:\/\/www.amau.com.br\/site\/wp-json\/wp\/v2\/comments?post=975"}],"version-history":[{"count":0,"href":"https:\/\/www.amau.com.br\/site\/wp-json\/wp\/v2\/pages\/975\/revisions"}],"wp:attachment":[{"href":"https:\/\/www.amau.com.br\/site\/wp-json\/wp\/v2\/media?parent=975"}],"curies":[{"name":"wp","href":"https:\/\/api.w.org\/{rel}","templated":true}]}}