{"id":973,"date":"2017-04-26T22:25:05","date_gmt":"2017-04-27T01:25:05","guid":{"rendered":"http:\/\/amau.com.br\/site\/?page_id=973"},"modified":"2025-02-12T15:19:30","modified_gmt":"2025-02-12T18:19:30","slug":"marcelino-ramos","status":"publish","type":"page","link":"https:\/\/www.amau.com.br\/site\/marcelino-ramos\/","title":{"rendered":"Marcelino Ramos"},"content":{"rendered":"<p><strong>Prefeito:<\/strong> VANNEI MAFISSONI (MDB)<br \/>\n<strong>Vice-Prefeito:<\/strong> CLAUDEMIR SCHNEIDER (PP)<\/p>\n<p><strong>Endere\u00e7o:<\/strong> Pra\u00e7a Padre Basso, 15<br \/>\n<strong>CEP:<\/strong> 99.800-000<br \/>\n<strong>Telefone:<\/strong> <span class=\"text_footer fone_footer accessibility_text\">54 3196-3160 \/ 54 3196-3161<br \/>\n<\/span><span class=\"text_footer email_footer accessibility_text\">E-mail: prefeitura@marcelinoramos.rs.gov.br<\/span><br \/>\n<strong>Site (Famurs):<\/strong> <a href=\"http:\/\/www.marcelinoramos.famurs.com.br\/\">www.marcelinoramos.famurs.com.br<\/a><\/p>\n<p><strong>Site da Prefeitura<\/strong>:\u00a0<a href=\"https:\/\/marcelinoramos.rs.gov.br\/\">https:\/\/marcelinoramos.rs.gov.br\/<\/a><\/p>\n<p><strong>\u00c1rea:<\/strong>\u00a0229,619 km\u00b2<\/p>\n<p><strong><b>Estimativa Popula\u00e7\u00e3o [2022]:<\/b><\/strong>4.320<\/p>\n<p>&nbsp;<\/p>\n<p><strong>Dist\u00e2ncia de PoA:<\/strong> 419 km<\/p>\n<p><strong>Gent\u00edlico:<\/strong> Marcelinense<\/p>\n<p><strong>Hist\u00f3ria<\/strong><\/p>\n<div id=\"article\">\n<div id=\"container-article\">\n<div id=\"programacao\">\n<div class=\"conteudo-ajax\">\n<div>At\u00e9 1893, a \u00e1rea em que se situa o munic\u00edpio de Marcelino Ramos, permaneceu inexplorada coberta de mata virgem e apenas habitada pelos \u00edndios &#8220;coroados&#8221;.<\/div>\n<div><\/div>\n<div>Pertencia ent\u00e3o, ao munic\u00edpio de Passo Fundo e durante a revolu\u00e7\u00e3o de 93, algumas fam\u00edlias que ali se refugiam d\u00e3o in\u00edcio ao povoamento.<\/div>\n<div><\/div>\n<div>\u00a0A constru\u00e7\u00e3o da ferrovia Rio Grande &#8211; S\u00e3o Paulo e da ponte sobre o rio Uruguai veio incrementar grandemente o povoamento e o local passa a ser designado por Esta\u00e7\u00e3o do Alto Uruguai ou apenas Alto Uruguai.<\/div>\n<div><\/div>\n<div>Ap\u00f3s a constru\u00e7\u00e3o da ponte em 1911, ocorreu violenta cheia que obrigou o povoado a transferir-se para o local onde hoje se situa a sede municipal.<\/div>\n<div><\/div>\n<div>Para ali aflu\u00edram elementos das chamadas &#8220;Col\u00f4nias Velhas&#8221; os quais impulsionaram grandemente o progresso da localidade que em homenagem a um dos construtores da ferrovia passa a chamar-se Marcelino Ramos.<\/div>\n<div><\/div>\n<div>Em 1938 foi elevada \u00e0 vila, somente foi emancipado em 28 de dezembro de 1944.<\/div>\n<\/div>\n<\/div>\n<\/div>\n<\/div>\n<div id=\"footer\"><\/div>\n","protected":false},"excerpt":{"rendered":"<p>Prefeito: VANNEI MAFISSONI (MDB) Vice-Prefeito: CLAUDEMIR SCHNEIDER (PP) Endere\u00e7o: Pra\u00e7a Padre Basso, 15 CEP: 99.800-000 Telefone: 54 3196-3160 \/ 54 3196-3161 E-mail: prefeitura@marcelinoramos.rs.gov.br Site (Famurs): www.marcelinoramos.famurs.com.br Site da Prefeitura:\u00a0https:\/\/marcelinoramos.rs.gov.br\/ \u00c1rea:\u00a0229,619 km\u00b2 Estimativa Popula\u00e7\u00e3o [2022]:4.320 &nbsp; Dist\u00e2ncia de PoA: 419 km Gent\u00edlico: Marcelinense Hist\u00f3ria At\u00e9 1893, a \u00e1rea em que se situa o munic\u00edpio de Marcelino [&hellip;]<\/p>\n","protected":false},"author":1,"featured_media":0,"parent":0,"menu_order":23,"comment_status":"closed","ping_status":"closed","template":"","meta":{"ocean_post_layout":"","ocean_both_sidebars_style":"","ocean_both_sidebars_content_width":0,"ocean_both_sidebars_sidebars_width":0,"ocean_sidebar":"0","ocean_second_sidebar":"0","ocean_disable_margins":"enable","ocean_add_body_class":"","ocean_shortcode_before_top_bar":"","ocean_shortcode_after_top_bar":"","ocean_shortcode_before_header":"","ocean_shortcode_after_header":"","ocean_has_shortcode":"","ocean_shortcode_after_title":"","ocean_shortcode_before_footer_widgets":"","ocean_shortcode_after_footer_widgets":"","ocean_shortcode_before_footer_bottom":"","ocean_shortcode_after_footer_bottom":"","ocean_display_top_bar":"default","ocean_display_header":"default","ocean_header_style":"","ocean_center_header_left_menu":"0","ocean_custom_header_template":"0","ocean_custom_logo":0,"ocean_custom_retina_logo":0,"ocean_custom_logo_max_width":0,"ocean_custom_logo_tablet_max_width":0,"ocean_custom_logo_mobile_max_width":0,"ocean_custom_logo_max_height":0,"ocean_custom_logo_tablet_max_height":0,"ocean_custom_logo_mobile_max_height":0,"ocean_header_custom_menu":"0","ocean_menu_typo_font_family":"0","ocean_menu_typo_font_subset":"","ocean_menu_typo_font_size":0,"ocean_menu_typo_font_size_tablet":0,"ocean_menu_typo_font_size_mobile":0,"ocean_menu_typo_font_size_unit":"px","ocean_menu_typo_font_weight":"","ocean_menu_typo_font_weight_tablet":"","ocean_menu_typo_font_weight_mobile":"","ocean_menu_typo_transform":"","ocean_menu_typo_transform_tablet":"","ocean_menu_typo_transform_mobile":"","ocean_menu_typo_line_height":0,"ocean_menu_typo_line_height_tablet":0,"ocean_menu_typo_line_height_mobile":0,"ocean_menu_typo_line_height_unit":"","ocean_menu_typo_spacing":0,"ocean_menu_typo_spacing_tablet":0,"ocean_menu_typo_spacing_mobile":0,"ocean_menu_typo_spacing_unit":"","ocean_menu_link_color":"","ocean_menu_link_color_hover":"","ocean_menu_link_color_active":"","ocean_menu_link_background":"","ocean_menu_link_hover_background":"","ocean_menu_link_active_background":"","ocean_menu_social_links_bg":"","ocean_menu_social_hover_links_bg":"","ocean_menu_social_links_color":"","ocean_menu_social_hover_links_color":"","ocean_disable_title":"default","ocean_disable_heading":"default","ocean_post_title":"","ocean_post_subheading":"","ocean_post_title_style":"","ocean_post_title_background_color":"","ocean_post_title_background":0,"ocean_post_title_bg_image_position":"","ocean_post_title_bg_image_attachment":"","ocean_post_title_bg_image_repeat":"","ocean_post_title_bg_image_size":"","ocean_post_title_height":0,"ocean_post_title_bg_overlay":0.5,"ocean_post_title_bg_overlay_color":"","ocean_disable_breadcrumbs":"default","ocean_breadcrumbs_color":"","ocean_breadcrumbs_separator_color":"","ocean_breadcrumbs_links_color":"","ocean_breadcrumbs_links_hover_color":"","ocean_display_footer_widgets":"default","ocean_display_footer_bottom":"default","ocean_custom_footer_template":"0","footnotes":""},"class_list":["post-973","page","type-page","status-publish","hentry","entry"],"yoast_head":"<!-- This site is optimized with the Yoast SEO plugin v27.4 - https:\/\/yoast.com\/product\/yoast-seo-wordpress\/ -->\n<title>Marcelino Ramos - AMAU - Associa\u00e7\u00e3o de Munic\u00edpios do Alto Uruguai<\/title>\n<meta name=\"robots\" content=\"index, follow, max-snippet:-1, max-image-preview:large, max-video-preview:-1\" \/>\n<link rel=\"canonical\" href=\"https:\/\/www.amau.com.br\/site\/marcelino-ramos\/\" \/>\n<meta property=\"og:locale\" content=\"pt_BR\" \/>\n<meta property=\"og:type\" content=\"article\" \/>\n<meta property=\"og:title\" content=\"Marcelino Ramos - AMAU - Associa\u00e7\u00e3o de Munic\u00edpios do Alto Uruguai\" \/>\n<meta property=\"og:description\" content=\"Prefeito: VANNEI MAFISSONI (MDB) Vice-Prefeito: CLAUDEMIR SCHNEIDER (PP) Endere\u00e7o: Pra\u00e7a Padre Basso, 15 CEP: 99.800-000 Telefone: 54 3196-3160 \/ 54 3196-3161 E-mail: prefeitura@marcelinoramos.rs.gov.br Site (Famurs): www.marcelinoramos.famurs.com.br Site da Prefeitura:\u00a0https:\/\/marcelinoramos.rs.gov.br\/ \u00c1rea:\u00a0229,619 km\u00b2 Estimativa Popula\u00e7\u00e3o [2022]:4.320 &nbsp; Dist\u00e2ncia de PoA: 419 km Gent\u00edlico: Marcelinense Hist\u00f3ria At\u00e9 1893, a \u00e1rea em que se situa o munic\u00edpio de Marcelino [&hellip;]\" \/>\n<meta property=\"og:url\" content=\"https:\/\/www.amau.com.br\/site\/marcelino-ramos\/\" \/>\n<meta property=\"og:site_name\" content=\"AMAU - Associa\u00e7\u00e3o de Munic\u00edpios do Alto Uruguai\" \/>\n<meta property=\"article:publisher\" content=\"http:\/\/www.facebook.com\/amauaaltouruguai\" \/>\n<meta property=\"article:modified_time\" content=\"2025-02-12T18:19:30+00:00\" \/>\n<meta name=\"twitter:card\" content=\"summary_large_image\" \/>\n<meta name=\"twitter:label1\" content=\"Est. tempo de leitura\" \/>\n\t<meta name=\"twitter:data1\" content=\"2 minutos\" \/>\n<script type=\"application\/ld+json\" class=\"yoast-schema-graph\">{\"@context\":\"https:\\\/\\\/schema.org\",\"@graph\":[{\"@type\":\"WebPage\",\"@id\":\"https:\\\/\\\/www.amau.com.br\\\/site\\\/marcelino-ramos\\\/\",\"url\":\"https:\\\/\\\/www.amau.com.br\\\/site\\\/marcelino-ramos\\\/\",\"name\":\"Marcelino Ramos - AMAU - Associa\u00e7\u00e3o de Munic\u00edpios do Alto Uruguai\",\"isPartOf\":{\"@id\":\"https:\\\/\\\/www.amau.com.br\\\/site\\\/#website\"},\"datePublished\":\"2017-04-27T01:25:05+00:00\",\"dateModified\":\"2025-02-12T18:19:30+00:00\",\"breadcrumb\":{\"@id\":\"https:\\\/\\\/www.amau.com.br\\\/site\\\/marcelino-ramos\\\/#breadcrumb\"},\"inLanguage\":\"pt-BR\",\"potentialAction\":[{\"@type\":\"ReadAction\",\"target\":[\"https:\\\/\\\/www.amau.com.br\\\/site\\\/marcelino-ramos\\\/\"]}]},{\"@type\":\"BreadcrumbList\",\"@id\":\"https:\\\/\\\/www.amau.com.br\\\/site\\\/marcelino-ramos\\\/#breadcrumb\",\"itemListElement\":[{\"@type\":\"ListItem\",\"position\":1,\"name\":\"Home\",\"item\":\"https:\\\/\\\/www.amau.com.br\\\/site\\\/\"},{\"@type\":\"ListItem\",\"position\":2,\"name\":\"Marcelino Ramos\"}]},{\"@type\":\"WebSite\",\"@id\":\"https:\\\/\\\/www.amau.com.br\\\/site\\\/#website\",\"url\":\"https:\\\/\\\/www.amau.com.br\\\/site\\\/\",\"name\":\"AMAU - Associa\u00e7\u00e3o de Munic\u00edpios do Alto Uruguai\",\"description\":\"Construindo alternativas para o desenvolvimento.\",\"publisher\":{\"@id\":\"https:\\\/\\\/www.amau.com.br\\\/site\\\/#organization\"},\"potentialAction\":[{\"@type\":\"SearchAction\",\"target\":{\"@type\":\"EntryPoint\",\"urlTemplate\":\"https:\\\/\\\/www.amau.com.br\\\/site\\\/?s={search_term_string}\"},\"query-input\":{\"@type\":\"PropertyValueSpecification\",\"valueRequired\":true,\"valueName\":\"search_term_string\"}}],\"inLanguage\":\"pt-BR\"},{\"@type\":\"Organization\",\"@id\":\"https:\\\/\\\/www.amau.com.br\\\/site\\\/#organization\",\"name\":\"AMAU - Associa\u00e7\u00e3o de Munic\u00edpios do Alto Uruguai\",\"url\":\"https:\\\/\\\/www.amau.com.br\\\/site\\\/\",\"logo\":{\"@type\":\"ImageObject\",\"inLanguage\":\"pt-BR\",\"@id\":\"https:\\\/\\\/www.amau.com.br\\\/site\\\/#\\\/schema\\\/logo\\\/image\\\/\",\"url\":\"https:\\\/\\\/www.amau.com.br\\\/site\\\/wp-content\\\/uploads\\\/2017\\\/04\\\/cropped-Amau-Logos-Site-300-1.png\",\"contentUrl\":\"https:\\\/\\\/www.amau.com.br\\\/site\\\/wp-content\\\/uploads\\\/2017\\\/04\\\/cropped-Amau-Logos-Site-300-1.png\",\"width\":807,\"height\":221,\"caption\":\"AMAU - Associa\u00e7\u00e3o de Munic\u00edpios do Alto Uruguai\"},\"image\":{\"@id\":\"https:\\\/\\\/www.amau.com.br\\\/site\\\/#\\\/schema\\\/logo\\\/image\\\/\"},\"sameAs\":[\"http:\\\/\\\/www.facebook.com\\\/amauaaltouruguai\"]}]}<\/script>\n<!-- \/ Yoast SEO plugin. -->","yoast_head_json":{"title":"Marcelino Ramos - AMAU - Associa\u00e7\u00e3o de Munic\u00edpios do Alto Uruguai","robots":{"index":"index","follow":"follow","max-snippet":"max-snippet:-1","max-image-preview":"max-image-preview:large","max-video-preview":"max-video-preview:-1"},"canonical":"https:\/\/www.amau.com.br\/site\/marcelino-ramos\/","og_locale":"pt_BR","og_type":"article","og_title":"Marcelino Ramos - AMAU - Associa\u00e7\u00e3o de Munic\u00edpios do Alto Uruguai","og_description":"Prefeito: VANNEI MAFISSONI (MDB) Vice-Prefeito: CLAUDEMIR SCHNEIDER (PP) Endere\u00e7o: Pra\u00e7a Padre Basso, 15 CEP: 99.800-000 Telefone: 54 3196-3160 \/ 54 3196-3161 E-mail: prefeitura@marcelinoramos.rs.gov.br Site (Famurs): www.marcelinoramos.famurs.com.br Site da Prefeitura:\u00a0https:\/\/marcelinoramos.rs.gov.br\/ \u00c1rea:\u00a0229,619 km\u00b2 Estimativa Popula\u00e7\u00e3o [2022]:4.320 &nbsp; Dist\u00e2ncia de PoA: 419 km Gent\u00edlico: Marcelinense Hist\u00f3ria At\u00e9 1893, a \u00e1rea em que se situa o munic\u00edpio de Marcelino [&hellip;]","og_url":"https:\/\/www.amau.com.br\/site\/marcelino-ramos\/","og_site_name":"AMAU - Associa\u00e7\u00e3o de Munic\u00edpios do Alto Uruguai","article_publisher":"http:\/\/www.facebook.com\/amauaaltouruguai","article_modified_time":"2025-02-12T18:19:30+00:00","twitter_card":"summary_large_image","twitter_misc":{"Est. tempo de leitura":"2 minutos"},"schema":{"@context":"https:\/\/schema.org","@graph":[{"@type":"WebPage","@id":"https:\/\/www.amau.com.br\/site\/marcelino-ramos\/","url":"https:\/\/www.amau.com.br\/site\/marcelino-ramos\/","name":"Marcelino Ramos - AMAU - Associa\u00e7\u00e3o de Munic\u00edpios do Alto Uruguai","isPartOf":{"@id":"https:\/\/www.amau.com.br\/site\/#website"},"datePublished":"2017-04-27T01:25:05+00:00","dateModified":"2025-02-12T18:19:30+00:00","breadcrumb":{"@id":"https:\/\/www.amau.com.br\/site\/marcelino-ramos\/#breadcrumb"},"inLanguage":"pt-BR","potentialAction":[{"@type":"ReadAction","target":["https:\/\/www.amau.com.br\/site\/marcelino-ramos\/"]}]},{"@type":"BreadcrumbList","@id":"https:\/\/www.amau.com.br\/site\/marcelino-ramos\/#breadcrumb","itemListElement":[{"@type":"ListItem","position":1,"name":"Home","item":"https:\/\/www.amau.com.br\/site\/"},{"@type":"ListItem","position":2,"name":"Marcelino Ramos"}]},{"@type":"WebSite","@id":"https:\/\/www.amau.com.br\/site\/#website","url":"https:\/\/www.amau.com.br\/site\/","name":"AMAU - Associa\u00e7\u00e3o de Munic\u00edpios do Alto Uruguai","description":"Construindo alternativas para o desenvolvimento.","publisher":{"@id":"https:\/\/www.amau.com.br\/site\/#organization"},"potentialAction":[{"@type":"SearchAction","target":{"@type":"EntryPoint","urlTemplate":"https:\/\/www.amau.com.br\/site\/?s={search_term_string}"},"query-input":{"@type":"PropertyValueSpecification","valueRequired":true,"valueName":"search_term_string"}}],"inLanguage":"pt-BR"},{"@type":"Organization","@id":"https:\/\/www.amau.com.br\/site\/#organization","name":"AMAU - Associa\u00e7\u00e3o de Munic\u00edpios do Alto Uruguai","url":"https:\/\/www.amau.com.br\/site\/","logo":{"@type":"ImageObject","inLanguage":"pt-BR","@id":"https:\/\/www.amau.com.br\/site\/#\/schema\/logo\/image\/","url":"https:\/\/www.amau.com.br\/site\/wp-content\/uploads\/2017\/04\/cropped-Amau-Logos-Site-300-1.png","contentUrl":"https:\/\/www.amau.com.br\/site\/wp-content\/uploads\/2017\/04\/cropped-Amau-Logos-Site-300-1.png","width":807,"height":221,"caption":"AMAU - Associa\u00e7\u00e3o de Munic\u00edpios do Alto Uruguai"},"image":{"@id":"https:\/\/www.amau.com.br\/site\/#\/schema\/logo\/image\/"},"sameAs":["http:\/\/www.facebook.com\/amauaaltouruguai"]}]}},"_links":{"self":[{"href":"https:\/\/www.amau.com.br\/site\/wp-json\/wp\/v2\/pages\/973","targetHints":{"allow":["GET"]}}],"collection":[{"href":"https:\/\/www.amau.com.br\/site\/wp-json\/wp\/v2\/pages"}],"about":[{"href":"https:\/\/www.amau.com.br\/site\/wp-json\/wp\/v2\/types\/page"}],"author":[{"embeddable":true,"href":"https:\/\/www.amau.com.br\/site\/wp-json\/wp\/v2\/users\/1"}],"replies":[{"embeddable":true,"href":"https:\/\/www.amau.com.br\/site\/wp-json\/wp\/v2\/comments?post=973"}],"version-history":[{"count":0,"href":"https:\/\/www.amau.com.br\/site\/wp-json\/wp\/v2\/pages\/973\/revisions"}],"wp:attachment":[{"href":"https:\/\/www.amau.com.br\/site\/wp-json\/wp\/v2\/media?parent=973"}],"curies":[{"name":"wp","href":"https:\/\/api.w.org\/{rel}","templated":true}]}}