{"id":420,"date":"2017-04-23T00:01:11","date_gmt":"2017-04-23T03:01:11","guid":{"rendered":"http:\/\/amau.com.br\/site\/?page_id=420"},"modified":"2025-01-17T13:58:57","modified_gmt":"2025-01-17T16:58:57","slug":"erechim","status":"publish","type":"page","link":"https:\/\/www.amau.com.br\/site\/erechim\/","title":{"rendered":"Erechim"},"content":{"rendered":"<div id=\"article\">\n<div id=\"container-article\">\n<div id=\"programacao\">\n<div class=\"conteudo-ajax\">\n<p><strong>Prefeito:<\/strong> PAULO ALFREDO POLIS (MDB)<br \/>\n<strong>Vice-Prefeito:<\/strong> FL\u00c1VIO AUGUSTO TIRELLO (PSDB)<\/p>\n<p><strong>Endere\u00e7o:<\/strong> Pra\u00e7a da Bandeira, 354<br \/>\n<strong>CEP:<\/strong> 99.700-000<br \/>\n<strong>Telefone:<\/strong> (54) 3520-7000<br \/>\n<strong>Site (Famurs):<\/strong> <a href=\"http:\/\/www.erechim.famurs.com.br\/\">www.erechim.famurs.com.br<\/a><\/p>\n<p><strong>Anivers\u00e1rio:<\/strong>\u00a030 de abril<br \/>\n<strong>Funda\u00e7\u00e3o:<\/strong>\u00a030 de abril de 1918<br \/>\n<strong>\u00c1rea:<\/strong>\u00a0430,764 km\u00b2<\/p>\n<p><strong><b>Estimativa Popula\u00e7\u00e3o [2022]:<\/b> <\/strong>105.705<\/p>\n<p><strong>Dist\u00e2ncia de PoA:<\/strong> 361 km<br \/>\n<div id='gallery-1' class='gallery galleryid-420 gallery-columns-3 gallery-size-thumbnail'><figure class='gallery-item'>\n\t\t\t<div class='gallery-icon portrait'>\n\t\t\t\t<a href='https:\/\/www.amau.com.br\/site\/wp-content\/uploads\/2017\/04\/Coat_of_arms_of_Erechim_RS.png'><img decoding=\"async\" width=\"150\" height=\"150\" src=\"https:\/\/www.amau.com.br\/site\/wp-content\/uploads\/2017\/04\/Coat_of_arms_of_Erechim_RS-150x150.png\" class=\"attachment-thumbnail size-thumbnail\" alt=\"\" aria-describedby=\"gallery-1-1746\" srcset=\"https:\/\/www.amau.com.br\/site\/wp-content\/uploads\/2017\/04\/Coat_of_arms_of_Erechim_RS-150x150.png 150w, https:\/\/www.amau.com.br\/site\/wp-content\/uploads\/2017\/04\/Coat_of_arms_of_Erechim_RS-230x230.png 230w, https:\/\/www.amau.com.br\/site\/wp-content\/uploads\/2017\/04\/Coat_of_arms_of_Erechim_RS-365x365.png 365w, https:\/\/www.amau.com.br\/site\/wp-content\/uploads\/2017\/04\/Coat_of_arms_of_Erechim_RS-50x50.png 50w\" sizes=\"(max-width: 150px) 100vw, 150px\" \/><\/a>\n\t\t\t<\/div>\n\t\t\t\t<figcaption class='wp-caption-text gallery-caption' id='gallery-1-1746'>\n\t\t\t\tBras\u00e3o\n\t\t\t\t<\/figcaption><\/figure><figure class='gallery-item'>\n\t\t\t<div class='gallery-icon landscape'>\n\t\t\t\t<a href='https:\/\/www.amau.com.br\/site\/wp-content\/uploads\/2017\/04\/Flag_of_Erechim_RS.png'><img decoding=\"async\" width=\"150\" height=\"150\" src=\"https:\/\/www.amau.com.br\/site\/wp-content\/uploads\/2017\/04\/Flag_of_Erechim_RS-150x150.png\" class=\"attachment-thumbnail size-thumbnail\" alt=\"\" aria-describedby=\"gallery-1-1748\" srcset=\"https:\/\/www.amau.com.br\/site\/wp-content\/uploads\/2017\/04\/Flag_of_Erechim_RS-150x150.png 150w, https:\/\/www.amau.com.br\/site\/wp-content\/uploads\/2017\/04\/Flag_of_Erechim_RS-230x230.png 230w, https:\/\/www.amau.com.br\/site\/wp-content\/uploads\/2017\/04\/Flag_of_Erechim_RS-365x365.png 365w, https:\/\/www.amau.com.br\/site\/wp-content\/uploads\/2017\/04\/Flag_of_Erechim_RS-50x50.png 50w\" sizes=\"(max-width: 150px) 100vw, 150px\" \/><\/a>\n\t\t\t<\/div>\n\t\t\t\t<figcaption class='wp-caption-text gallery-caption' id='gallery-1-1748'>\n\t\t\t\tBandeira\n\t\t\t\t<\/figcaption><\/figure><figure class='gallery-item'>\n\t\t\t<div class='gallery-icon landscape'>\n\t\t\t\t<a href='https:\/\/www.amau.com.br\/site\/wp-content\/uploads\/2017\/04\/Erechim_RS.jpg'><img decoding=\"async\" width=\"150\" height=\"150\" src=\"https:\/\/www.amau.com.br\/site\/wp-content\/uploads\/2017\/04\/Erechim_RS-150x150.jpg\" class=\"attachment-thumbnail size-thumbnail\" alt=\"\" aria-describedby=\"gallery-1-1747\" srcset=\"https:\/\/www.amau.com.br\/site\/wp-content\/uploads\/2017\/04\/Erechim_RS-150x150.jpg 150w, https:\/\/www.amau.com.br\/site\/wp-content\/uploads\/2017\/04\/Erechim_RS-230x230.jpg 230w, https:\/\/www.amau.com.br\/site\/wp-content\/uploads\/2017\/04\/Erechim_RS-365x365.jpg 365w, https:\/\/www.amau.com.br\/site\/wp-content\/uploads\/2017\/04\/Erechim_RS-50x50.jpg 50w\" sizes=\"(max-width: 150px) 100vw, 150px\" \/><\/a>\n\t\t\t<\/div>\n\t\t\t\t<figcaption class='wp-caption-text gallery-caption' id='gallery-1-1747'>\n\t\t\t\tAcima, \u00e0 esquerda, uma vista parcial da regi\u00e3o central da cidade; \u00e0 direita a catedral de Erechim; abaixo, \u00e0 esquerda, o Castelinho; e \u00e0 direita a Pra\u00e7a da Bandeira.\n\t\t\t\t<\/figcaption><\/figure>\n\t\t<\/div>\n<\/p>\n<p><strong>\u00a0<\/strong><\/p>\n<p><strong>Gent\u00edlico:<\/strong> Erechinense<br \/>\n<strong><br \/>\nHist\u00f3ria<\/strong><\/p>\n<p>O nome Erechim, de origem Caingangue, significa &#8220;Campo Pequeno&#8221;, provavelmente porque os campos eram cercados por florestas.<br \/>\nInicialmente, chamado de Paiol Grande e depois, sucessivamente de Boa Vista, Boa Vista de Erechim, Jos\u00e9 Bonif\u00e1cio e finalmente Erechim. Como muitos outros provoados do Brasil, Erechim surgiu \u00e0 margem da estrada de ferro. No caso, a estrada de ferro que ligava o Rio Grande do Sul a S\u00e3o Paulo.<br \/>\nColonizado basicamente por imigrantes de origem polonesa, italiana e alem\u00e3, o povoado formou-se em 1908 \u00e0 margem e arredores da estrada de ferro. Foi neste ano que 36 pioneiros, entre imigrantes europeus e outros vindos das terras velhas (Caxias do Sul), vieram pela estrada de ferro e habitaram o lugar, que logo tornou-se um Distrito de Passo Fundo.<br \/>\nCom o crescimento do povoado e de sua economia \u2013 agricultura, pecu\u00e1ria, com\u00e9rcio e servi\u00e7os, o munic\u00edpio de Erechim foi criado no dia 30 de abril de 1918, atrav\u00e9s do Decreto n\u00ba 2343, de 30 de abril, assinado por Borges de Medeiros, ent\u00e3o governador do Estado do RS.<br \/>\nCidade que j\u00e1 foi conhecida como a Capital do Trigo, devido ao alto volume de gr\u00e3os produzidos na agricultura, hoje Erechim \u00e9 tida como a Capital da Amizade. A origem do nome de Erechim, remete aos antigos ind\u00edgenas da regi\u00e3o.<\/p>\n<\/div>\n<\/div>\n<\/div>\n<\/div>\n<div id=\"footer\"><\/div>\n","protected":false},"excerpt":{"rendered":"<p>Prefeito: PAULO ALFREDO POLIS (MDB) Vice-Prefeito: FL\u00c1VIO AUGUSTO TIRELLO (PSDB) Endere\u00e7o: Pra\u00e7a da Bandeira, 354 CEP: 99.700-000 Telefone: (54) 3520-7000 Site (Famurs): www.erechim.famurs.com.br Anivers\u00e1rio:\u00a030 de abril Funda\u00e7\u00e3o:\u00a030 de abril de 1918 \u00c1rea:\u00a0430,764 km\u00b2 Estimativa Popula\u00e7\u00e3o [2022]: 105.705 Dist\u00e2ncia de PoA: 361 km \u00a0 Gent\u00edlico: Erechinense Hist\u00f3ria O nome Erechim, de origem Caingangue, significa &#8220;Campo Pequeno&#8221;, [&hellip;]<\/p>\n","protected":false},"author":1,"featured_media":0,"parent":0,"menu_order":13,"comment_status":"closed","ping_status":"closed","template":"","meta":{"ocean_post_layout":"","ocean_both_sidebars_style":"","ocean_both_sidebars_content_width":0,"ocean_both_sidebars_sidebars_width":0,"ocean_sidebar":"0","ocean_second_sidebar":"0","ocean_disable_margins":"enable","ocean_add_body_class":"","ocean_shortcode_before_top_bar":"","ocean_shortcode_after_top_bar":"","ocean_shortcode_before_header":"","ocean_shortcode_after_header":"","ocean_has_shortcode":"","ocean_shortcode_after_title":"","ocean_shortcode_before_footer_widgets":"","ocean_shortcode_after_footer_widgets":"","ocean_shortcode_before_footer_bottom":"","ocean_shortcode_after_footer_bottom":"","ocean_display_top_bar":"default","ocean_display_header":"default","ocean_header_style":"","ocean_center_header_left_menu":"0","ocean_custom_header_template":"0","ocean_custom_logo":0,"ocean_custom_retina_logo":0,"ocean_custom_logo_max_width":0,"ocean_custom_logo_tablet_max_width":0,"ocean_custom_logo_mobile_max_width":0,"ocean_custom_logo_max_height":0,"ocean_custom_logo_tablet_max_height":0,"ocean_custom_logo_mobile_max_height":0,"ocean_header_custom_menu":"0","ocean_menu_typo_font_family":"0","ocean_menu_typo_font_subset":"","ocean_menu_typo_font_size":0,"ocean_menu_typo_font_size_tablet":0,"ocean_menu_typo_font_size_mobile":0,"ocean_menu_typo_font_size_unit":"px","ocean_menu_typo_font_weight":"","ocean_menu_typo_font_weight_tablet":"","ocean_menu_typo_font_weight_mobile":"","ocean_menu_typo_transform":"","ocean_menu_typo_transform_tablet":"","ocean_menu_typo_transform_mobile":"","ocean_menu_typo_line_height":0,"ocean_menu_typo_line_height_tablet":0,"ocean_menu_typo_line_height_mobile":0,"ocean_menu_typo_line_height_unit":"","ocean_menu_typo_spacing":0,"ocean_menu_typo_spacing_tablet":0,"ocean_menu_typo_spacing_mobile":0,"ocean_menu_typo_spacing_unit":"","ocean_menu_link_color":"","ocean_menu_link_color_hover":"","ocean_menu_link_color_active":"","ocean_menu_link_background":"","ocean_menu_link_hover_background":"","ocean_menu_link_active_background":"","ocean_menu_social_links_bg":"","ocean_menu_social_hover_links_bg":"","ocean_menu_social_links_color":"","ocean_menu_social_hover_links_color":"","ocean_disable_title":"default","ocean_disable_heading":"default","ocean_post_title":"","ocean_post_subheading":"","ocean_post_title_style":"","ocean_post_title_background_color":"","ocean_post_title_background":0,"ocean_post_title_bg_image_position":"","ocean_post_title_bg_image_attachment":"","ocean_post_title_bg_image_repeat":"","ocean_post_title_bg_image_size":"","ocean_post_title_height":0,"ocean_post_title_bg_overlay":0.5,"ocean_post_title_bg_overlay_color":"","ocean_disable_breadcrumbs":"default","ocean_breadcrumbs_color":"","ocean_breadcrumbs_separator_color":"","ocean_breadcrumbs_links_color":"","ocean_breadcrumbs_links_hover_color":"","ocean_display_footer_widgets":"default","ocean_display_footer_bottom":"default","ocean_custom_footer_template":"0","footnotes":""},"class_list":["post-420","page","type-page","status-publish","hentry","entry"],"yoast_head":"<!-- This site is optimized with the Yoast SEO plugin v27.4 - https:\/\/yoast.com\/product\/yoast-seo-wordpress\/ -->\n<title>Erechim - AMAU - Associa\u00e7\u00e3o de Munic\u00edpios do Alto Uruguai<\/title>\n<meta name=\"robots\" content=\"index, follow, max-snippet:-1, max-image-preview:large, max-video-preview:-1\" \/>\n<link rel=\"canonical\" href=\"https:\/\/www.amau.com.br\/site\/erechim\/\" \/>\n<meta property=\"og:locale\" content=\"pt_BR\" \/>\n<meta property=\"og:type\" content=\"article\" \/>\n<meta property=\"og:title\" content=\"Erechim - AMAU - Associa\u00e7\u00e3o de Munic\u00edpios do Alto Uruguai\" \/>\n<meta property=\"og:description\" content=\"Prefeito: PAULO ALFREDO POLIS (MDB) Vice-Prefeito: FL\u00c1VIO AUGUSTO TIRELLO (PSDB) Endere\u00e7o: Pra\u00e7a da Bandeira, 354 CEP: 99.700-000 Telefone: (54) 3520-7000 Site (Famurs): www.erechim.famurs.com.br Anivers\u00e1rio:\u00a030 de abril Funda\u00e7\u00e3o:\u00a030 de abril de 1918 \u00c1rea:\u00a0430,764 km\u00b2 Estimativa Popula\u00e7\u00e3o [2022]: 105.705 Dist\u00e2ncia de PoA: 361 km \u00a0 Gent\u00edlico: Erechinense Hist\u00f3ria O nome Erechim, de origem Caingangue, significa &#8220;Campo Pequeno&#8221;, [&hellip;]\" \/>\n<meta property=\"og:url\" content=\"https:\/\/www.amau.com.br\/site\/erechim\/\" \/>\n<meta property=\"og:site_name\" content=\"AMAU - Associa\u00e7\u00e3o de Munic\u00edpios do Alto Uruguai\" \/>\n<meta property=\"article:publisher\" content=\"http:\/\/www.facebook.com\/amauaaltouruguai\" \/>\n<meta property=\"article:modified_time\" content=\"2025-01-17T16:58:57+00:00\" \/>\n<meta property=\"og:image\" content=\"https:\/\/www.amau.com.br\/site\/wp-content\/uploads\/2017\/04\/Coat_of_arms_of_Erechim_RS-150x150.png\" \/>\n<meta name=\"twitter:card\" content=\"summary_large_image\" \/>\n<meta name=\"twitter:label1\" content=\"Est. tempo de leitura\" \/>\n\t<meta name=\"twitter:data1\" content=\"2 minutos\" \/>\n<script type=\"application\/ld+json\" class=\"yoast-schema-graph\">{\"@context\":\"https:\\\/\\\/schema.org\",\"@graph\":[{\"@type\":\"WebPage\",\"@id\":\"https:\\\/\\\/www.amau.com.br\\\/site\\\/erechim\\\/\",\"url\":\"https:\\\/\\\/www.amau.com.br\\\/site\\\/erechim\\\/\",\"name\":\"Erechim - AMAU - Associa\u00e7\u00e3o de Munic\u00edpios do Alto Uruguai\",\"isPartOf\":{\"@id\":\"https:\\\/\\\/www.amau.com.br\\\/site\\\/#website\"},\"datePublished\":\"2017-04-23T03:01:11+00:00\",\"dateModified\":\"2025-01-17T16:58:57+00:00\",\"breadcrumb\":{\"@id\":\"https:\\\/\\\/www.amau.com.br\\\/site\\\/erechim\\\/#breadcrumb\"},\"inLanguage\":\"pt-BR\",\"potentialAction\":[{\"@type\":\"ReadAction\",\"target\":[\"https:\\\/\\\/www.amau.com.br\\\/site\\\/erechim\\\/\"]}]},{\"@type\":\"BreadcrumbList\",\"@id\":\"https:\\\/\\\/www.amau.com.br\\\/site\\\/erechim\\\/#breadcrumb\",\"itemListElement\":[{\"@type\":\"ListItem\",\"position\":1,\"name\":\"Home\",\"item\":\"https:\\\/\\\/www.amau.com.br\\\/site\\\/\"},{\"@type\":\"ListItem\",\"position\":2,\"name\":\"Erechim\"}]},{\"@type\":\"WebSite\",\"@id\":\"https:\\\/\\\/www.amau.com.br\\\/site\\\/#website\",\"url\":\"https:\\\/\\\/www.amau.com.br\\\/site\\\/\",\"name\":\"AMAU - Associa\u00e7\u00e3o de Munic\u00edpios do Alto Uruguai\",\"description\":\"Construindo alternativas para o desenvolvimento.\",\"publisher\":{\"@id\":\"https:\\\/\\\/www.amau.com.br\\\/site\\\/#organization\"},\"potentialAction\":[{\"@type\":\"SearchAction\",\"target\":{\"@type\":\"EntryPoint\",\"urlTemplate\":\"https:\\\/\\\/www.amau.com.br\\\/site\\\/?s={search_term_string}\"},\"query-input\":{\"@type\":\"PropertyValueSpecification\",\"valueRequired\":true,\"valueName\":\"search_term_string\"}}],\"inLanguage\":\"pt-BR\"},{\"@type\":\"Organization\",\"@id\":\"https:\\\/\\\/www.amau.com.br\\\/site\\\/#organization\",\"name\":\"AMAU - Associa\u00e7\u00e3o de Munic\u00edpios do Alto Uruguai\",\"url\":\"https:\\\/\\\/www.amau.com.br\\\/site\\\/\",\"logo\":{\"@type\":\"ImageObject\",\"inLanguage\":\"pt-BR\",\"@id\":\"https:\\\/\\\/www.amau.com.br\\\/site\\\/#\\\/schema\\\/logo\\\/image\\\/\",\"url\":\"https:\\\/\\\/www.amau.com.br\\\/site\\\/wp-content\\\/uploads\\\/2017\\\/04\\\/cropped-Amau-Logos-Site-300-1.png\",\"contentUrl\":\"https:\\\/\\\/www.amau.com.br\\\/site\\\/wp-content\\\/uploads\\\/2017\\\/04\\\/cropped-Amau-Logos-Site-300-1.png\",\"width\":807,\"height\":221,\"caption\":\"AMAU - Associa\u00e7\u00e3o de Munic\u00edpios do Alto Uruguai\"},\"image\":{\"@id\":\"https:\\\/\\\/www.amau.com.br\\\/site\\\/#\\\/schema\\\/logo\\\/image\\\/\"},\"sameAs\":[\"http:\\\/\\\/www.facebook.com\\\/amauaaltouruguai\"]}]}<\/script>\n<!-- \/ Yoast SEO plugin. -->","yoast_head_json":{"title":"Erechim - AMAU - Associa\u00e7\u00e3o de Munic\u00edpios do Alto Uruguai","robots":{"index":"index","follow":"follow","max-snippet":"max-snippet:-1","max-image-preview":"max-image-preview:large","max-video-preview":"max-video-preview:-1"},"canonical":"https:\/\/www.amau.com.br\/site\/erechim\/","og_locale":"pt_BR","og_type":"article","og_title":"Erechim - AMAU - Associa\u00e7\u00e3o de Munic\u00edpios do Alto Uruguai","og_description":"Prefeito: PAULO ALFREDO POLIS (MDB) Vice-Prefeito: FL\u00c1VIO AUGUSTO TIRELLO (PSDB) Endere\u00e7o: Pra\u00e7a da Bandeira, 354 CEP: 99.700-000 Telefone: (54) 3520-7000 Site (Famurs): www.erechim.famurs.com.br Anivers\u00e1rio:\u00a030 de abril Funda\u00e7\u00e3o:\u00a030 de abril de 1918 \u00c1rea:\u00a0430,764 km\u00b2 Estimativa Popula\u00e7\u00e3o [2022]: 105.705 Dist\u00e2ncia de PoA: 361 km \u00a0 Gent\u00edlico: Erechinense Hist\u00f3ria O nome Erechim, de origem Caingangue, significa &#8220;Campo Pequeno&#8221;, [&hellip;]","og_url":"https:\/\/www.amau.com.br\/site\/erechim\/","og_site_name":"AMAU - Associa\u00e7\u00e3o de Munic\u00edpios do Alto Uruguai","article_publisher":"http:\/\/www.facebook.com\/amauaaltouruguai","article_modified_time":"2025-01-17T16:58:57+00:00","og_image":[{"url":"https:\/\/www.amau.com.br\/site\/wp-content\/uploads\/2017\/04\/Coat_of_arms_of_Erechim_RS-150x150.png","type":"","width":"","height":""}],"twitter_card":"summary_large_image","twitter_misc":{"Est. tempo de leitura":"2 minutos"},"schema":{"@context":"https:\/\/schema.org","@graph":[{"@type":"WebPage","@id":"https:\/\/www.amau.com.br\/site\/erechim\/","url":"https:\/\/www.amau.com.br\/site\/erechim\/","name":"Erechim - AMAU - Associa\u00e7\u00e3o de Munic\u00edpios do Alto Uruguai","isPartOf":{"@id":"https:\/\/www.amau.com.br\/site\/#website"},"datePublished":"2017-04-23T03:01:11+00:00","dateModified":"2025-01-17T16:58:57+00:00","breadcrumb":{"@id":"https:\/\/www.amau.com.br\/site\/erechim\/#breadcrumb"},"inLanguage":"pt-BR","potentialAction":[{"@type":"ReadAction","target":["https:\/\/www.amau.com.br\/site\/erechim\/"]}]},{"@type":"BreadcrumbList","@id":"https:\/\/www.amau.com.br\/site\/erechim\/#breadcrumb","itemListElement":[{"@type":"ListItem","position":1,"name":"Home","item":"https:\/\/www.amau.com.br\/site\/"},{"@type":"ListItem","position":2,"name":"Erechim"}]},{"@type":"WebSite","@id":"https:\/\/www.amau.com.br\/site\/#website","url":"https:\/\/www.amau.com.br\/site\/","name":"AMAU - Associa\u00e7\u00e3o de Munic\u00edpios do Alto Uruguai","description":"Construindo alternativas para o desenvolvimento.","publisher":{"@id":"https:\/\/www.amau.com.br\/site\/#organization"},"potentialAction":[{"@type":"SearchAction","target":{"@type":"EntryPoint","urlTemplate":"https:\/\/www.amau.com.br\/site\/?s={search_term_string}"},"query-input":{"@type":"PropertyValueSpecification","valueRequired":true,"valueName":"search_term_string"}}],"inLanguage":"pt-BR"},{"@type":"Organization","@id":"https:\/\/www.amau.com.br\/site\/#organization","name":"AMAU - Associa\u00e7\u00e3o de Munic\u00edpios do Alto Uruguai","url":"https:\/\/www.amau.com.br\/site\/","logo":{"@type":"ImageObject","inLanguage":"pt-BR","@id":"https:\/\/www.amau.com.br\/site\/#\/schema\/logo\/image\/","url":"https:\/\/www.amau.com.br\/site\/wp-content\/uploads\/2017\/04\/cropped-Amau-Logos-Site-300-1.png","contentUrl":"https:\/\/www.amau.com.br\/site\/wp-content\/uploads\/2017\/04\/cropped-Amau-Logos-Site-300-1.png","width":807,"height":221,"caption":"AMAU - Associa\u00e7\u00e3o de Munic\u00edpios do Alto Uruguai"},"image":{"@id":"https:\/\/www.amau.com.br\/site\/#\/schema\/logo\/image\/"},"sameAs":["http:\/\/www.facebook.com\/amauaaltouruguai"]}]}},"_links":{"self":[{"href":"https:\/\/www.amau.com.br\/site\/wp-json\/wp\/v2\/pages\/420","targetHints":{"allow":["GET"]}}],"collection":[{"href":"https:\/\/www.amau.com.br\/site\/wp-json\/wp\/v2\/pages"}],"about":[{"href":"https:\/\/www.amau.com.br\/site\/wp-json\/wp\/v2\/types\/page"}],"author":[{"embeddable":true,"href":"https:\/\/www.amau.com.br\/site\/wp-json\/wp\/v2\/users\/1"}],"replies":[{"embeddable":true,"href":"https:\/\/www.amau.com.br\/site\/wp-json\/wp\/v2\/comments?post=420"}],"version-history":[{"count":0,"href":"https:\/\/www.amau.com.br\/site\/wp-json\/wp\/v2\/pages\/420\/revisions"}],"wp:attachment":[{"href":"https:\/\/www.amau.com.br\/site\/wp-json\/wp\/v2\/media?parent=420"}],"curies":[{"name":"wp","href":"https:\/\/api.w.org\/{rel}","templated":true}]}}