{"id":27,"date":"2017-04-16T18:22:58","date_gmt":"2017-04-16T21:22:58","guid":{"rendered":"http:\/\/amau.com.br\/site\/?page_id=27"},"modified":"2017-04-18T22:44:32","modified_gmt":"2017-04-19T01:44:32","slug":"historia","status":"publish","type":"page","link":"https:\/\/www.amau.com.br\/site\/institucional\/historia\/","title":{"rendered":"Hist\u00f3ria &#8211; Miss\u00e3o &#8211; Atua\u00e7\u00e3o"},"content":{"rendered":"<p class=\"\\&quot;MsoNormal\\&quot;\">A Associa\u00e7\u00e3o de Munic\u00edpios do Alto Uruguai foi fundada em 09\/10\/1970 e teve seu 1\u00ba Estatuto em reuni\u00e3o realizada no munic\u00edpio de Gaurama, em data de 19 de julho de 1971, e atualizado na Assembl\u00e9ia Geral realizada na Sede Administrativa da AMAU<sup>\u00ae<\/sup> no dia 28\/12\/2005.<\/p>\n<p class=\"\\&quot;MsoNormal\\&quot;\">O extrato do Estatuto foi publicado no Di\u00e1rio Oficial de n\u00ba 30, de 24 de agosto de 1976, p\u00e1gina 33.<\/p>\n<p class=\"\\&quot;MsoNormal\\&quot;\">A Associa\u00e7\u00e3o compunha-se ent\u00e3o de 15 munic\u00edpios: Aratiba, Bar\u00e3o de Cotegipe, Campinas do Sul, Erechim, Erval Grande, Gaurama, Getulio Vargas, Itatiba do Sul, Jacutinga, Marcelino Ramos, Mariano Moro, S\u00e3o Valentim, Sert\u00e3o, Severiano de Almeida e Viadutos.<\/p>\n<p class=\"\\&quot;MsoNormal\\&quot;\">Sendo acrescidos a esse n\u00famero, as sete emancipa\u00e7\u00f5es ocorridas no ano de 1988: \u00c1urea, Entre Rios do Sul, Erebango, Esta\u00e7\u00e3o, Faxinalzinho, Ipiranga do Sul, Tr\u00eas Arroios. Sendo neste per\u00edodo composta por 22 munic\u00edpios.<\/p>\n<p class=\"\\&quot;MsoNormal\\&quot;\">Sendo acrescidos a este n\u00famero, as cinco emancipa\u00e7\u00f5es de 1992: Barra do Rio Azul, Carlos Gomes, Centen\u00e1rio, Charrua e Ponte Preta. Sendo assim nesse per\u00edodo composta por 27 munic\u00edpios.<\/p>\n<p class=\"\\&quot;MsoNormal\\&quot;\">Sendo acrescidos a esse n\u00famero as duas emancipa\u00e7\u00f5es de 1995: Benjamin Constant do Sul e Floriano Peixoto. Sendo assim neste per\u00edodo composta por 29 munic\u00edpios.<\/p>\n<p class=\"\\&quot;MsoNormal\\&quot;\">Sendo acrescidos a esse n\u00famero as tr\u00eas emancipa\u00e7\u00f5es de 1996: Cruzaltense, Paulo Bento e Quatro Irm\u00e3os.<\/p>\n<p class=\"\\&quot;MsoNormal\\&quot;\">Atualmente a Associa\u00e7\u00e3o de Munic\u00edpios do Alto Uruguai conta com 32 munic\u00edpios associados e assim discriminados: <em><strong>ARATIBA, \u00c1UREA, BAR\u00c3O DE COTEGIPE, BARRA DO RIO AZUL, BANJAMIN CONSTANT DO SUL, CAMPINAS DO SUL, CARLOS GOMES, CENTEN\u00c1RIO, CHARRUA, CRUZALTENSE, ENTRE RIOS DO SUL, EREBANGO, ERECHIM, ERVAL GRANDE, ESTA\u00c7\u00c3O, FAXINALZINHO, FLORIANO PEIXOTO, GAURAMA, GET\u00daLIO VARGAS, IPIRANGA DO SUL, ITATIBA DO SUL, JACUTINGA, MARCELINO RAMOS, MARIANO MORO, PAULO BENTO, PONTE PRETA, QUATRO IRM\u00c3OS, S\u00c3O VALENTIM, SERT\u00c3O, SEVERIANO DE ALMEIDA, TR\u00caS ARROIOS E VIADUTOS.\u00a0<\/strong><\/em><\/p>\n<p class=\"\\&quot;MsoNormal\\&quot;\"><em><strong>\u00a0<\/strong><\/em><\/p>\n<p>A finalidade da Associa\u00e7\u00e3o de Munic\u00edpios do Alto Uruguai \u00e9 a integra\u00e7\u00e3o de todos os seus associados, tanto administrativamente como economicamente, respeitando as suas autonomias, sendo que n\u00e3o h\u00e1 objetivos de obter resultados financeiros, uma vez que n\u00e3o tem fins pol\u00edticos e lucrativos, unicamente pregar a uni\u00e3o e a integra\u00e7\u00e3o de todos os seus 32 Munic\u00edpios Associados.<\/p>\n<p>Representamos os Munic\u00edpios que a comp\u00f5e junto a FAMURS, CREDENOR, COREDES e Ag\u00eancia de Desenvolvimento do Alto Uruguai, bem como o Governo do Estado e Uni\u00e3o Federal.<\/p>\n<p>Quando houve a cria\u00e7\u00e3o da Ag\u00eancia de Desenvolvimento do Alto Uruguai, a AMAU<sup>\u00ae<\/sup> teve participa\u00e7\u00e3o importante, tanto que o Presidente da AMAU<sup>\u00ae<\/sup> integra e participa da Diretoria.<\/p>\n","protected":false},"excerpt":{"rendered":"<p>A Associa\u00e7\u00e3o de Munic\u00edpios do Alto Uruguai foi fundada em 09\/10\/1970 e teve seu 1\u00ba Estatuto em reuni\u00e3o realizada no munic\u00edpio de Gaurama, em data de 19 de julho de 1971, e atualizado na Assembl\u00e9ia Geral realizada na Sede Administrativa da AMAU\u00ae no dia 28\/12\/2005. O extrato do Estatuto foi publicado no Di\u00e1rio Oficial de [&hellip;]<\/p>\n","protected":false},"author":1,"featured_media":0,"parent":102,"menu_order":1,"comment_status":"closed","ping_status":"closed","template":"","meta":{"ocean_post_layout":"","ocean_both_sidebars_style":"","ocean_both_sidebars_content_width":0,"ocean_both_sidebars_sidebars_width":0,"ocean_sidebar":"","ocean_second_sidebar":"","ocean_disable_margins":"enable","ocean_add_body_class":"","ocean_shortcode_before_top_bar":"","ocean_shortcode_after_top_bar":"","ocean_shortcode_before_header":"","ocean_shortcode_after_header":"","ocean_has_shortcode":"","ocean_shortcode_after_title":"","ocean_shortcode_before_footer_widgets":"","ocean_shortcode_after_footer_widgets":"","ocean_shortcode_before_footer_bottom":"","ocean_shortcode_after_footer_bottom":"","ocean_display_top_bar":"default","ocean_display_header":"default","ocean_header_style":"","ocean_center_header_left_menu":"","ocean_custom_header_template":"","ocean_custom_logo":0,"ocean_custom_retina_logo":0,"ocean_custom_logo_max_width":0,"ocean_custom_logo_tablet_max_width":0,"ocean_custom_logo_mobile_max_width":0,"ocean_custom_logo_max_height":0,"ocean_custom_logo_tablet_max_height":0,"ocean_custom_logo_mobile_max_height":0,"ocean_header_custom_menu":"","ocean_menu_typo_font_family":"","ocean_menu_typo_font_subset":"","ocean_menu_typo_font_size":0,"ocean_menu_typo_font_size_tablet":0,"ocean_menu_typo_font_size_mobile":0,"ocean_menu_typo_font_size_unit":"px","ocean_menu_typo_font_weight":"","ocean_menu_typo_font_weight_tablet":"","ocean_menu_typo_font_weight_mobile":"","ocean_menu_typo_transform":"","ocean_menu_typo_transform_tablet":"","ocean_menu_typo_transform_mobile":"","ocean_menu_typo_line_height":0,"ocean_menu_typo_line_height_tablet":0,"ocean_menu_typo_line_height_mobile":0,"ocean_menu_typo_line_height_unit":"","ocean_menu_typo_spacing":0,"ocean_menu_typo_spacing_tablet":0,"ocean_menu_typo_spacing_mobile":0,"ocean_menu_typo_spacing_unit":"","ocean_menu_link_color":"","ocean_menu_link_color_hover":"","ocean_menu_link_color_active":"","ocean_menu_link_background":"","ocean_menu_link_hover_background":"","ocean_menu_link_active_background":"","ocean_menu_social_links_bg":"","ocean_menu_social_hover_links_bg":"","ocean_menu_social_links_color":"","ocean_menu_social_hover_links_color":"","ocean_disable_title":"default","ocean_disable_heading":"default","ocean_post_title":"","ocean_post_subheading":"","ocean_post_title_style":"","ocean_post_title_background_color":"","ocean_post_title_background":0,"ocean_post_title_bg_image_position":"","ocean_post_title_bg_image_attachment":"","ocean_post_title_bg_image_repeat":"","ocean_post_title_bg_image_size":"","ocean_post_title_height":0,"ocean_post_title_bg_overlay":0.5,"ocean_post_title_bg_overlay_color":"","ocean_disable_breadcrumbs":"default","ocean_breadcrumbs_color":"","ocean_breadcrumbs_separator_color":"","ocean_breadcrumbs_links_color":"","ocean_breadcrumbs_links_hover_color":"","ocean_display_footer_widgets":"default","ocean_display_footer_bottom":"default","ocean_custom_footer_template":"","footnotes":""},"class_list":["post-27","page","type-page","status-publish","hentry","entry"],"yoast_head":"<!-- This site is optimized with the Yoast SEO plugin v27.4 - https:\/\/yoast.com\/product\/yoast-seo-wordpress\/ -->\n<title>Hist\u00f3ria - Miss\u00e3o - Atua\u00e7\u00e3o - AMAU - Associa\u00e7\u00e3o de Munic\u00edpios do Alto Uruguai<\/title>\n<meta name=\"robots\" content=\"index, follow, max-snippet:-1, max-image-preview:large, max-video-preview:-1\" \/>\n<link rel=\"canonical\" href=\"https:\/\/www.amau.com.br\/site\/institucional\/historia\/\" \/>\n<meta property=\"og:locale\" content=\"pt_BR\" \/>\n<meta property=\"og:type\" content=\"article\" \/>\n<meta property=\"og:title\" content=\"Hist\u00f3ria - Miss\u00e3o - Atua\u00e7\u00e3o - AMAU - Associa\u00e7\u00e3o de Munic\u00edpios do Alto Uruguai\" \/>\n<meta property=\"og:description\" content=\"A Associa\u00e7\u00e3o de Munic\u00edpios do Alto Uruguai foi fundada em 09\/10\/1970 e teve seu 1\u00ba Estatuto em reuni\u00e3o realizada no munic\u00edpio de Gaurama, em data de 19 de julho de 1971, e atualizado na Assembl\u00e9ia Geral realizada na Sede Administrativa da AMAU\u00ae no dia 28\/12\/2005. O extrato do Estatuto foi publicado no Di\u00e1rio Oficial de [&hellip;]\" \/>\n<meta property=\"og:url\" content=\"https:\/\/www.amau.com.br\/site\/institucional\/historia\/\" \/>\n<meta property=\"og:site_name\" content=\"AMAU - Associa\u00e7\u00e3o de Munic\u00edpios do Alto Uruguai\" \/>\n<meta property=\"article:publisher\" content=\"http:\/\/www.facebook.com\/amauaaltouruguai\" \/>\n<meta property=\"article:modified_time\" content=\"2017-04-19T01:44:32+00:00\" \/>\n<meta name=\"twitter:card\" content=\"summary_large_image\" \/>\n<meta name=\"twitter:label1\" content=\"Est. tempo de leitura\" \/>\n\t<meta name=\"twitter:data1\" content=\"2 minutos\" \/>\n<script type=\"application\/ld+json\" class=\"yoast-schema-graph\">{\"@context\":\"https:\\\/\\\/schema.org\",\"@graph\":[{\"@type\":\"WebPage\",\"@id\":\"https:\\\/\\\/www.amau.com.br\\\/site\\\/institucional\\\/historia\\\/\",\"url\":\"https:\\\/\\\/www.amau.com.br\\\/site\\\/institucional\\\/historia\\\/\",\"name\":\"Hist\u00f3ria - Miss\u00e3o - Atua\u00e7\u00e3o - AMAU - Associa\u00e7\u00e3o de Munic\u00edpios do Alto Uruguai\",\"isPartOf\":{\"@id\":\"https:\\\/\\\/www.amau.com.br\\\/site\\\/#website\"},\"datePublished\":\"2017-04-16T21:22:58+00:00\",\"dateModified\":\"2017-04-19T01:44:32+00:00\",\"breadcrumb\":{\"@id\":\"https:\\\/\\\/www.amau.com.br\\\/site\\\/institucional\\\/historia\\\/#breadcrumb\"},\"inLanguage\":\"pt-BR\",\"potentialAction\":[{\"@type\":\"ReadAction\",\"target\":[\"https:\\\/\\\/www.amau.com.br\\\/site\\\/institucional\\\/historia\\\/\"]}]},{\"@type\":\"BreadcrumbList\",\"@id\":\"https:\\\/\\\/www.amau.com.br\\\/site\\\/institucional\\\/historia\\\/#breadcrumb\",\"itemListElement\":[{\"@type\":\"ListItem\",\"position\":1,\"name\":\"Home\",\"item\":\"https:\\\/\\\/www.amau.com.br\\\/site\\\/\"},{\"@type\":\"ListItem\",\"position\":2,\"name\":\"Institucional\",\"item\":\"https:\\\/\\\/www.amau.com.br\\\/site\\\/institucional\\\/\"},{\"@type\":\"ListItem\",\"position\":3,\"name\":\"Hist\u00f3ria &#8211; Miss\u00e3o &#8211; Atua\u00e7\u00e3o\"}]},{\"@type\":\"WebSite\",\"@id\":\"https:\\\/\\\/www.amau.com.br\\\/site\\\/#website\",\"url\":\"https:\\\/\\\/www.amau.com.br\\\/site\\\/\",\"name\":\"AMAU - Associa\u00e7\u00e3o de Munic\u00edpios do Alto Uruguai\",\"description\":\"Construindo alternativas para o desenvolvimento.\",\"publisher\":{\"@id\":\"https:\\\/\\\/www.amau.com.br\\\/site\\\/#organization\"},\"potentialAction\":[{\"@type\":\"SearchAction\",\"target\":{\"@type\":\"EntryPoint\",\"urlTemplate\":\"https:\\\/\\\/www.amau.com.br\\\/site\\\/?s={search_term_string}\"},\"query-input\":{\"@type\":\"PropertyValueSpecification\",\"valueRequired\":true,\"valueName\":\"search_term_string\"}}],\"inLanguage\":\"pt-BR\"},{\"@type\":\"Organization\",\"@id\":\"https:\\\/\\\/www.amau.com.br\\\/site\\\/#organization\",\"name\":\"AMAU - Associa\u00e7\u00e3o de Munic\u00edpios do Alto Uruguai\",\"url\":\"https:\\\/\\\/www.amau.com.br\\\/site\\\/\",\"logo\":{\"@type\":\"ImageObject\",\"inLanguage\":\"pt-BR\",\"@id\":\"https:\\\/\\\/www.amau.com.br\\\/site\\\/#\\\/schema\\\/logo\\\/image\\\/\",\"url\":\"https:\\\/\\\/www.amau.com.br\\\/site\\\/wp-content\\\/uploads\\\/2017\\\/04\\\/cropped-Amau-Logos-Site-300-1.png\",\"contentUrl\":\"https:\\\/\\\/www.amau.com.br\\\/site\\\/wp-content\\\/uploads\\\/2017\\\/04\\\/cropped-Amau-Logos-Site-300-1.png\",\"width\":807,\"height\":221,\"caption\":\"AMAU - Associa\u00e7\u00e3o de Munic\u00edpios do Alto Uruguai\"},\"image\":{\"@id\":\"https:\\\/\\\/www.amau.com.br\\\/site\\\/#\\\/schema\\\/logo\\\/image\\\/\"},\"sameAs\":[\"http:\\\/\\\/www.facebook.com\\\/amauaaltouruguai\"]}]}<\/script>\n<!-- \/ Yoast SEO plugin. -->","yoast_head_json":{"title":"Hist\u00f3ria - Miss\u00e3o - Atua\u00e7\u00e3o - AMAU - Associa\u00e7\u00e3o de Munic\u00edpios do Alto Uruguai","robots":{"index":"index","follow":"follow","max-snippet":"max-snippet:-1","max-image-preview":"max-image-preview:large","max-video-preview":"max-video-preview:-1"},"canonical":"https:\/\/www.amau.com.br\/site\/institucional\/historia\/","og_locale":"pt_BR","og_type":"article","og_title":"Hist\u00f3ria - Miss\u00e3o - Atua\u00e7\u00e3o - AMAU - Associa\u00e7\u00e3o de Munic\u00edpios do Alto Uruguai","og_description":"A Associa\u00e7\u00e3o de Munic\u00edpios do Alto Uruguai foi fundada em 09\/10\/1970 e teve seu 1\u00ba Estatuto em reuni\u00e3o realizada no munic\u00edpio de Gaurama, em data de 19 de julho de 1971, e atualizado na Assembl\u00e9ia Geral realizada na Sede Administrativa da AMAU\u00ae no dia 28\/12\/2005. O extrato do Estatuto foi publicado no Di\u00e1rio Oficial de [&hellip;]","og_url":"https:\/\/www.amau.com.br\/site\/institucional\/historia\/","og_site_name":"AMAU - Associa\u00e7\u00e3o de Munic\u00edpios do Alto Uruguai","article_publisher":"http:\/\/www.facebook.com\/amauaaltouruguai","article_modified_time":"2017-04-19T01:44:32+00:00","twitter_card":"summary_large_image","twitter_misc":{"Est. tempo de leitura":"2 minutos"},"schema":{"@context":"https:\/\/schema.org","@graph":[{"@type":"WebPage","@id":"https:\/\/www.amau.com.br\/site\/institucional\/historia\/","url":"https:\/\/www.amau.com.br\/site\/institucional\/historia\/","name":"Hist\u00f3ria - Miss\u00e3o - Atua\u00e7\u00e3o - AMAU - Associa\u00e7\u00e3o de Munic\u00edpios do Alto Uruguai","isPartOf":{"@id":"https:\/\/www.amau.com.br\/site\/#website"},"datePublished":"2017-04-16T21:22:58+00:00","dateModified":"2017-04-19T01:44:32+00:00","breadcrumb":{"@id":"https:\/\/www.amau.com.br\/site\/institucional\/historia\/#breadcrumb"},"inLanguage":"pt-BR","potentialAction":[{"@type":"ReadAction","target":["https:\/\/www.amau.com.br\/site\/institucional\/historia\/"]}]},{"@type":"BreadcrumbList","@id":"https:\/\/www.amau.com.br\/site\/institucional\/historia\/#breadcrumb","itemListElement":[{"@type":"ListItem","position":1,"name":"Home","item":"https:\/\/www.amau.com.br\/site\/"},{"@type":"ListItem","position":2,"name":"Institucional","item":"https:\/\/www.amau.com.br\/site\/institucional\/"},{"@type":"ListItem","position":3,"name":"Hist\u00f3ria &#8211; Miss\u00e3o &#8211; Atua\u00e7\u00e3o"}]},{"@type":"WebSite","@id":"https:\/\/www.amau.com.br\/site\/#website","url":"https:\/\/www.amau.com.br\/site\/","name":"AMAU - Associa\u00e7\u00e3o de Munic\u00edpios do Alto Uruguai","description":"Construindo alternativas para o desenvolvimento.","publisher":{"@id":"https:\/\/www.amau.com.br\/site\/#organization"},"potentialAction":[{"@type":"SearchAction","target":{"@type":"EntryPoint","urlTemplate":"https:\/\/www.amau.com.br\/site\/?s={search_term_string}"},"query-input":{"@type":"PropertyValueSpecification","valueRequired":true,"valueName":"search_term_string"}}],"inLanguage":"pt-BR"},{"@type":"Organization","@id":"https:\/\/www.amau.com.br\/site\/#organization","name":"AMAU - Associa\u00e7\u00e3o de Munic\u00edpios do Alto Uruguai","url":"https:\/\/www.amau.com.br\/site\/","logo":{"@type":"ImageObject","inLanguage":"pt-BR","@id":"https:\/\/www.amau.com.br\/site\/#\/schema\/logo\/image\/","url":"https:\/\/www.amau.com.br\/site\/wp-content\/uploads\/2017\/04\/cropped-Amau-Logos-Site-300-1.png","contentUrl":"https:\/\/www.amau.com.br\/site\/wp-content\/uploads\/2017\/04\/cropped-Amau-Logos-Site-300-1.png","width":807,"height":221,"caption":"AMAU - Associa\u00e7\u00e3o de Munic\u00edpios do Alto Uruguai"},"image":{"@id":"https:\/\/www.amau.com.br\/site\/#\/schema\/logo\/image\/"},"sameAs":["http:\/\/www.facebook.com\/amauaaltouruguai"]}]}},"_links":{"self":[{"href":"https:\/\/www.amau.com.br\/site\/wp-json\/wp\/v2\/pages\/27","targetHints":{"allow":["GET"]}}],"collection":[{"href":"https:\/\/www.amau.com.br\/site\/wp-json\/wp\/v2\/pages"}],"about":[{"href":"https:\/\/www.amau.com.br\/site\/wp-json\/wp\/v2\/types\/page"}],"author":[{"embeddable":true,"href":"https:\/\/www.amau.com.br\/site\/wp-json\/wp\/v2\/users\/1"}],"replies":[{"embeddable":true,"href":"https:\/\/www.amau.com.br\/site\/wp-json\/wp\/v2\/comments?post=27"}],"version-history":[{"count":0,"href":"https:\/\/www.amau.com.br\/site\/wp-json\/wp\/v2\/pages\/27\/revisions"}],"up":[{"embeddable":true,"href":"https:\/\/www.amau.com.br\/site\/wp-json\/wp\/v2\/pages\/102"}],"wp:attachment":[{"href":"https:\/\/www.amau.com.br\/site\/wp-json\/wp\/v2\/media?parent=27"}],"curies":[{"name":"wp","href":"https:\/\/api.w.org\/{rel}","templated":true}]}}