{"id":1045,"date":"2017-04-27T01:58:37","date_gmt":"2017-04-27T04:58:37","guid":{"rendered":"http:\/\/amau.com.br\/site\/?page_id=1045"},"modified":"2025-01-17T14:09:25","modified_gmt":"2025-01-17T17:09:25","slug":"quatro-irmaos","status":"publish","type":"page","link":"https:\/\/www.amau.com.br\/site\/quatro-irmaos\/","title":{"rendered":"Quatro Irm\u00e3os"},"content":{"rendered":"<p><strong>Prefeito:<\/strong> JO\u00c3O PAULO BALBINOT (PSDB)<br \/>\n<strong>Vice-Prefeito:<\/strong> GILVAN MUSTCHALL (PSDB)<\/p>\n<p><strong>Endere\u00e7o:<\/strong> Rua Isidoro Eisenberg, s\/n<br \/>\n<strong>CEP:<\/strong> 99.720-000<br \/>\n<strong>Telefone:<\/strong> (54) 992785494<br \/>\n<strong>Site (Famurs):<\/strong> <a href=\"http:\/\/www.quatroirmaos.famurs.com.br\/\">www.quatroirmaos.famurs.com.br<\/a><\/p>\n<p><strong>Site da Prefeitura<\/strong>:\u00a0<a href=\"https:\/\/www.quatroirmaos.rs.gov.br\/\">https:\/\/www.quatroirmaos.rs.gov.br\/<\/a><\/p>\n<p><strong>\u00c1rea:<\/strong>\u00a0267,987 km\u00b2<\/p>\n<p><strong><b>Estimativa Popula\u00e7\u00e3o [2022]:<\/b><\/strong>1.552<\/p>\n<p><strong>Dist\u00e2ncia de PoA:<\/strong> 368 km<br \/>\n<strong>Gent\u00edlico:<\/strong> Quatroirmonense<\/p>\n<p><strong>Hist\u00f3ria<\/strong><\/p>\n<div id=\"article\">\n<div id=\"container-article\">\n<div id=\"programacao\">\n<div class=\"conteudo-ajax\">\n<p>A origem do nome deve-se a propriedade de terra da fam\u00edlia Santos Pacheco, quatro irm\u00e3os que possu\u00edam 93.985 hectares. A \u00e1rea fazia parte do munic\u00edpio de Passo Fundo, no ano de 1909.<\/p>\n<p>No ano de 1889, em Londres foi fundada pelo Bar\u00e3o Hirsch, a Jewish Colonization Association (ICA), que adquiriu a Fazenda dos Quatro Irm\u00e3os Pacheco, para transform\u00e1-la em uma col\u00f4nia judaica. No ano de 1913, foi reconhecida pelo Governo do Estado como sociedade de utilidade p\u00fablica.<\/p>\n<p>Nos anos de 1911 e 1912 come\u00e7aram a chegar os primeiros judeus vindos de prov\u00edncias da Argentina. Nessa mesma \u00e9poca chegava tamb\u00e9m da prov\u00edncia da Bessar\u00e1bia na R\u00fassia, um contingente de 40 fam\u00edlias de colonizadores judeus.<\/p>\n<p>Em 1913, pouco antes do inicio da primeira guerra mundial aportou mais um contingente de 150 fam\u00edlias tamb\u00e9m vindos de paises do imp\u00e9rio Russo, culminando em 1914 com um total de aproximadamente 450 fam\u00edlias.<\/p>\n<p>Em 1923 os campos de Quatro Irm\u00e3os foram palco de uma ferrenha batalha chamada Revolu\u00e7\u00e3o Borgista, conhecida popularmente como Revolu\u00e7\u00e3o do Combate. A batalha foi travada entre Chimangos e Maragatos que disputavam o poder pelo Governo do Estado do Rio Grande do Sul, hoje ainda se encontra no local da luta, o Cemit\u00e9rio onde foram sepultadas suas vitimas.<\/p>\n<p>A coloniza\u00e7\u00e3o passou ent\u00e3o a contar com a segunda escola judaica do Estado, o terceiro templo Israelita e ainda com terminal ferrovi\u00e1rio para transporte de carga e passageiros com locomotivas pr\u00f3prias em conex\u00e3o com Erebango.<\/p>\n<p>Por volta dos anos de 1940 e 1950 em Quatro Irm\u00e3os foi fundada a primeira Cooperativa For\u00e7a e Luz do Brasil.<\/p>\n<p>O desenvolvimento de Quatro Irm\u00e3os deu-se principalmente a abund\u00e2ncia da arauc\u00e1ria que permitiu a explora\u00e7\u00e3o de madeira, a cria\u00e7\u00e3o de f\u00e1bricas de celulose, f\u00e1brica de azeite, cinemas, hot\u00e9is, transformando-a em uma cidade com grandes atrativos na \u00e1rea de lazer e com\u00e9rcio.<\/p>\n<p>Com o passar do tempo juntaram-se aos colonizadores judeus, os imigrantes provindos da It\u00e1lia, da Alemanha e da Pol\u00f4nia, e tamb\u00e9m de outros lugares da Europa, em menor n\u00famero, bem como os descendentes da etnia afro-brasileira.<\/p>\n<p>Em 1927 foi fundada a primeira Igreja Cat\u00f3lica na localidade de Rio Padre, inaugurada no dia 15 de novembro.<\/p>\n<p>Em 1944 por ato do Governo do Estado foi criado o primeiro Grupo Escolar de Quatro Irm\u00e3os.<\/p>\n<p>Em 1945 foi inaugurada a primeira Capela Cat\u00f3lica na ent\u00e3o Vila Quatro Irm\u00e3os, atendida na \u00e9poca pelo Monsenhor Farinon.<\/p>\n<p>Com o fim da extra\u00e7\u00e3o da madeira pela falta da mat\u00e9ria prima, a Jewish Colonization Association encerrou suas atividades, o terminal ferrovi\u00e1rio foi desativado, as serrarias e f\u00e1bricas fechadas, a popula\u00e7\u00e3o come\u00e7ou a abandonar a cidade a procura de novos neg\u00f3cios em outros locais, transformando Quatro Irm\u00e3os em uma cidade abandonada.<\/p>\n<p>Passado o tempo Quatro Irm\u00e3os foi reduzido \u00e0 condi\u00e7\u00e3o de Vila, sendo Distrito do munic\u00edpio de Erechim, pela precariedade do atendimento as condi\u00e7\u00f5es de vida da popula\u00e7\u00e3o e o abandono, em 1994 um grupo de pessoas come\u00e7ou o movimento pela emancipa\u00e7\u00e3o, tendo ent\u00e3o culminado em 16 de Abril de 1996, a cria\u00e7\u00e3o do munic\u00edpio de direito, sendo impossibilitado da elei\u00e7\u00e3o de Prefeito e Vereadores por for\u00e7a de determina\u00e7\u00e3o legal, teve sua condi\u00e7\u00e3o elevada a munic\u00edpio de fato em 01 de janeiro de 2001.<\/p>\n<\/div>\n<\/div>\n<\/div>\n<\/div>\n","protected":false},"excerpt":{"rendered":"<p>Prefeito: JO\u00c3O PAULO BALBINOT (PSDB) Vice-Prefeito: GILVAN MUSTCHALL (PSDB) Endere\u00e7o: Rua Isidoro Eisenberg, s\/n CEP: 99.720-000 Telefone: (54) 992785494 Site (Famurs): www.quatroirmaos.famurs.com.br Site da Prefeitura:\u00a0https:\/\/www.quatroirmaos.rs.gov.br\/ \u00c1rea:\u00a0267,987 km\u00b2 Estimativa Popula\u00e7\u00e3o [2022]:1.552 Dist\u00e2ncia de PoA: 368 km Gent\u00edlico: Quatroirmonense Hist\u00f3ria A origem do nome deve-se a propriedade de terra da fam\u00edlia Santos Pacheco, quatro irm\u00e3os que possu\u00edam [&hellip;]<\/p>\n","protected":false},"author":1,"featured_media":0,"parent":0,"menu_order":0,"comment_status":"closed","ping_status":"closed","template":"","meta":{"ocean_post_layout":"","ocean_both_sidebars_style":"","ocean_both_sidebars_content_width":0,"ocean_both_sidebars_sidebars_width":0,"ocean_sidebar":"0","ocean_second_sidebar":"0","ocean_disable_margins":"enable","ocean_add_body_class":"","ocean_shortcode_before_top_bar":"","ocean_shortcode_after_top_bar":"","ocean_shortcode_before_header":"","ocean_shortcode_after_header":"","ocean_has_shortcode":"","ocean_shortcode_after_title":"","ocean_shortcode_before_footer_widgets":"","ocean_shortcode_after_footer_widgets":"","ocean_shortcode_before_footer_bottom":"","ocean_shortcode_after_footer_bottom":"","ocean_display_top_bar":"default","ocean_display_header":"default","ocean_header_style":"","ocean_center_header_left_menu":"0","ocean_custom_header_template":"0","ocean_custom_logo":0,"ocean_custom_retina_logo":0,"ocean_custom_logo_max_width":0,"ocean_custom_logo_tablet_max_width":0,"ocean_custom_logo_mobile_max_width":0,"ocean_custom_logo_max_height":0,"ocean_custom_logo_tablet_max_height":0,"ocean_custom_logo_mobile_max_height":0,"ocean_header_custom_menu":"0","ocean_menu_typo_font_family":"0","ocean_menu_typo_font_subset":"","ocean_menu_typo_font_size":0,"ocean_menu_typo_font_size_tablet":0,"ocean_menu_typo_font_size_mobile":0,"ocean_menu_typo_font_size_unit":"px","ocean_menu_typo_font_weight":"","ocean_menu_typo_font_weight_tablet":"","ocean_menu_typo_font_weight_mobile":"","ocean_menu_typo_transform":"","ocean_menu_typo_transform_tablet":"","ocean_menu_typo_transform_mobile":"","ocean_menu_typo_line_height":0,"ocean_menu_typo_line_height_tablet":0,"ocean_menu_typo_line_height_mobile":0,"ocean_menu_typo_line_height_unit":"","ocean_menu_typo_spacing":0,"ocean_menu_typo_spacing_tablet":0,"ocean_menu_typo_spacing_mobile":0,"ocean_menu_typo_spacing_unit":"","ocean_menu_link_color":"","ocean_menu_link_color_hover":"","ocean_menu_link_color_active":"","ocean_menu_link_background":"","ocean_menu_link_hover_background":"","ocean_menu_link_active_background":"","ocean_menu_social_links_bg":"","ocean_menu_social_hover_links_bg":"","ocean_menu_social_links_color":"","ocean_menu_social_hover_links_color":"","ocean_disable_title":"default","ocean_disable_heading":"default","ocean_post_title":"","ocean_post_subheading":"","ocean_post_title_style":"","ocean_post_title_background_color":"","ocean_post_title_background":0,"ocean_post_title_bg_image_position":"","ocean_post_title_bg_image_attachment":"","ocean_post_title_bg_image_repeat":"","ocean_post_title_bg_image_size":"","ocean_post_title_height":0,"ocean_post_title_bg_overlay":0.5,"ocean_post_title_bg_overlay_color":"","ocean_disable_breadcrumbs":"default","ocean_breadcrumbs_color":"","ocean_breadcrumbs_separator_color":"","ocean_breadcrumbs_links_color":"","ocean_breadcrumbs_links_hover_color":"","ocean_display_footer_widgets":"default","ocean_display_footer_bottom":"default","ocean_custom_footer_template":"0","footnotes":""},"class_list":["post-1045","page","type-page","status-publish","hentry","entry"],"yoast_head":"<!-- This site is optimized with the Yoast SEO plugin v27.4 - https:\/\/yoast.com\/product\/yoast-seo-wordpress\/ -->\n<title>Quatro Irm\u00e3os - AMAU - Associa\u00e7\u00e3o de Munic\u00edpios do Alto Uruguai<\/title>\n<meta name=\"robots\" content=\"index, follow, max-snippet:-1, max-image-preview:large, max-video-preview:-1\" \/>\n<link rel=\"canonical\" href=\"https:\/\/www.amau.com.br\/site\/quatro-irmaos\/\" \/>\n<meta property=\"og:locale\" content=\"pt_BR\" \/>\n<meta property=\"og:type\" content=\"article\" \/>\n<meta property=\"og:title\" content=\"Quatro Irm\u00e3os - AMAU - Associa\u00e7\u00e3o de Munic\u00edpios do Alto Uruguai\" \/>\n<meta property=\"og:description\" content=\"Prefeito: JO\u00c3O PAULO BALBINOT (PSDB) Vice-Prefeito: GILVAN MUSTCHALL (PSDB) Endere\u00e7o: Rua Isidoro Eisenberg, s\/n CEP: 99.720-000 Telefone: (54) 992785494 Site (Famurs): www.quatroirmaos.famurs.com.br Site da Prefeitura:\u00a0https:\/\/www.quatroirmaos.rs.gov.br\/ \u00c1rea:\u00a0267,987 km\u00b2 Estimativa Popula\u00e7\u00e3o [2022]:1.552 Dist\u00e2ncia de PoA: 368 km Gent\u00edlico: Quatroirmonense Hist\u00f3ria A origem do nome deve-se a propriedade de terra da fam\u00edlia Santos Pacheco, quatro irm\u00e3os que possu\u00edam [&hellip;]\" \/>\n<meta property=\"og:url\" content=\"https:\/\/www.amau.com.br\/site\/quatro-irmaos\/\" \/>\n<meta property=\"og:site_name\" content=\"AMAU - Associa\u00e7\u00e3o de Munic\u00edpios do Alto Uruguai\" \/>\n<meta property=\"article:publisher\" content=\"http:\/\/www.facebook.com\/amauaaltouruguai\" \/>\n<meta property=\"article:modified_time\" content=\"2025-01-17T17:09:25+00:00\" \/>\n<meta name=\"twitter:card\" content=\"summary_large_image\" \/>\n<meta name=\"twitter:label1\" content=\"Est. tempo de leitura\" \/>\n\t<meta name=\"twitter:data1\" content=\"4 minutos\" \/>\n<script type=\"application\/ld+json\" class=\"yoast-schema-graph\">{\"@context\":\"https:\\\/\\\/schema.org\",\"@graph\":[{\"@type\":\"WebPage\",\"@id\":\"https:\\\/\\\/www.amau.com.br\\\/site\\\/quatro-irmaos\\\/\",\"url\":\"https:\\\/\\\/www.amau.com.br\\\/site\\\/quatro-irmaos\\\/\",\"name\":\"Quatro Irm\u00e3os - AMAU - Associa\u00e7\u00e3o de Munic\u00edpios do Alto Uruguai\",\"isPartOf\":{\"@id\":\"https:\\\/\\\/www.amau.com.br\\\/site\\\/#website\"},\"datePublished\":\"2017-04-27T04:58:37+00:00\",\"dateModified\":\"2025-01-17T17:09:25+00:00\",\"breadcrumb\":{\"@id\":\"https:\\\/\\\/www.amau.com.br\\\/site\\\/quatro-irmaos\\\/#breadcrumb\"},\"inLanguage\":\"pt-BR\",\"potentialAction\":[{\"@type\":\"ReadAction\",\"target\":[\"https:\\\/\\\/www.amau.com.br\\\/site\\\/quatro-irmaos\\\/\"]}]},{\"@type\":\"BreadcrumbList\",\"@id\":\"https:\\\/\\\/www.amau.com.br\\\/site\\\/quatro-irmaos\\\/#breadcrumb\",\"itemListElement\":[{\"@type\":\"ListItem\",\"position\":1,\"name\":\"Home\",\"item\":\"https:\\\/\\\/www.amau.com.br\\\/site\\\/\"},{\"@type\":\"ListItem\",\"position\":2,\"name\":\"Quatro Irm\u00e3os\"}]},{\"@type\":\"WebSite\",\"@id\":\"https:\\\/\\\/www.amau.com.br\\\/site\\\/#website\",\"url\":\"https:\\\/\\\/www.amau.com.br\\\/site\\\/\",\"name\":\"AMAU - Associa\u00e7\u00e3o de Munic\u00edpios do Alto Uruguai\",\"description\":\"Construindo alternativas para o desenvolvimento.\",\"publisher\":{\"@id\":\"https:\\\/\\\/www.amau.com.br\\\/site\\\/#organization\"},\"potentialAction\":[{\"@type\":\"SearchAction\",\"target\":{\"@type\":\"EntryPoint\",\"urlTemplate\":\"https:\\\/\\\/www.amau.com.br\\\/site\\\/?s={search_term_string}\"},\"query-input\":{\"@type\":\"PropertyValueSpecification\",\"valueRequired\":true,\"valueName\":\"search_term_string\"}}],\"inLanguage\":\"pt-BR\"},{\"@type\":\"Organization\",\"@id\":\"https:\\\/\\\/www.amau.com.br\\\/site\\\/#organization\",\"name\":\"AMAU - Associa\u00e7\u00e3o de Munic\u00edpios do Alto Uruguai\",\"url\":\"https:\\\/\\\/www.amau.com.br\\\/site\\\/\",\"logo\":{\"@type\":\"ImageObject\",\"inLanguage\":\"pt-BR\",\"@id\":\"https:\\\/\\\/www.amau.com.br\\\/site\\\/#\\\/schema\\\/logo\\\/image\\\/\",\"url\":\"https:\\\/\\\/www.amau.com.br\\\/site\\\/wp-content\\\/uploads\\\/2017\\\/04\\\/cropped-Amau-Logos-Site-300-1.png\",\"contentUrl\":\"https:\\\/\\\/www.amau.com.br\\\/site\\\/wp-content\\\/uploads\\\/2017\\\/04\\\/cropped-Amau-Logos-Site-300-1.png\",\"width\":807,\"height\":221,\"caption\":\"AMAU - Associa\u00e7\u00e3o de Munic\u00edpios do Alto Uruguai\"},\"image\":{\"@id\":\"https:\\\/\\\/www.amau.com.br\\\/site\\\/#\\\/schema\\\/logo\\\/image\\\/\"},\"sameAs\":[\"http:\\\/\\\/www.facebook.com\\\/amauaaltouruguai\"]}]}<\/script>\n<!-- \/ Yoast SEO plugin. -->","yoast_head_json":{"title":"Quatro Irm\u00e3os - AMAU - Associa\u00e7\u00e3o de Munic\u00edpios do Alto Uruguai","robots":{"index":"index","follow":"follow","max-snippet":"max-snippet:-1","max-image-preview":"max-image-preview:large","max-video-preview":"max-video-preview:-1"},"canonical":"https:\/\/www.amau.com.br\/site\/quatro-irmaos\/","og_locale":"pt_BR","og_type":"article","og_title":"Quatro Irm\u00e3os - AMAU - Associa\u00e7\u00e3o de Munic\u00edpios do Alto Uruguai","og_description":"Prefeito: JO\u00c3O PAULO BALBINOT (PSDB) Vice-Prefeito: GILVAN MUSTCHALL (PSDB) Endere\u00e7o: Rua Isidoro Eisenberg, s\/n CEP: 99.720-000 Telefone: (54) 992785494 Site (Famurs): www.quatroirmaos.famurs.com.br Site da Prefeitura:\u00a0https:\/\/www.quatroirmaos.rs.gov.br\/ \u00c1rea:\u00a0267,987 km\u00b2 Estimativa Popula\u00e7\u00e3o [2022]:1.552 Dist\u00e2ncia de PoA: 368 km Gent\u00edlico: Quatroirmonense Hist\u00f3ria A origem do nome deve-se a propriedade de terra da fam\u00edlia Santos Pacheco, quatro irm\u00e3os que possu\u00edam [&hellip;]","og_url":"https:\/\/www.amau.com.br\/site\/quatro-irmaos\/","og_site_name":"AMAU - Associa\u00e7\u00e3o de Munic\u00edpios do Alto Uruguai","article_publisher":"http:\/\/www.facebook.com\/amauaaltouruguai","article_modified_time":"2025-01-17T17:09:25+00:00","twitter_card":"summary_large_image","twitter_misc":{"Est. tempo de leitura":"4 minutos"},"schema":{"@context":"https:\/\/schema.org","@graph":[{"@type":"WebPage","@id":"https:\/\/www.amau.com.br\/site\/quatro-irmaos\/","url":"https:\/\/www.amau.com.br\/site\/quatro-irmaos\/","name":"Quatro Irm\u00e3os - AMAU - Associa\u00e7\u00e3o de Munic\u00edpios do Alto Uruguai","isPartOf":{"@id":"https:\/\/www.amau.com.br\/site\/#website"},"datePublished":"2017-04-27T04:58:37+00:00","dateModified":"2025-01-17T17:09:25+00:00","breadcrumb":{"@id":"https:\/\/www.amau.com.br\/site\/quatro-irmaos\/#breadcrumb"},"inLanguage":"pt-BR","potentialAction":[{"@type":"ReadAction","target":["https:\/\/www.amau.com.br\/site\/quatro-irmaos\/"]}]},{"@type":"BreadcrumbList","@id":"https:\/\/www.amau.com.br\/site\/quatro-irmaos\/#breadcrumb","itemListElement":[{"@type":"ListItem","position":1,"name":"Home","item":"https:\/\/www.amau.com.br\/site\/"},{"@type":"ListItem","position":2,"name":"Quatro Irm\u00e3os"}]},{"@type":"WebSite","@id":"https:\/\/www.amau.com.br\/site\/#website","url":"https:\/\/www.amau.com.br\/site\/","name":"AMAU - Associa\u00e7\u00e3o de Munic\u00edpios do Alto Uruguai","description":"Construindo alternativas para o desenvolvimento.","publisher":{"@id":"https:\/\/www.amau.com.br\/site\/#organization"},"potentialAction":[{"@type":"SearchAction","target":{"@type":"EntryPoint","urlTemplate":"https:\/\/www.amau.com.br\/site\/?s={search_term_string}"},"query-input":{"@type":"PropertyValueSpecification","valueRequired":true,"valueName":"search_term_string"}}],"inLanguage":"pt-BR"},{"@type":"Organization","@id":"https:\/\/www.amau.com.br\/site\/#organization","name":"AMAU - Associa\u00e7\u00e3o de Munic\u00edpios do Alto Uruguai","url":"https:\/\/www.amau.com.br\/site\/","logo":{"@type":"ImageObject","inLanguage":"pt-BR","@id":"https:\/\/www.amau.com.br\/site\/#\/schema\/logo\/image\/","url":"https:\/\/www.amau.com.br\/site\/wp-content\/uploads\/2017\/04\/cropped-Amau-Logos-Site-300-1.png","contentUrl":"https:\/\/www.amau.com.br\/site\/wp-content\/uploads\/2017\/04\/cropped-Amau-Logos-Site-300-1.png","width":807,"height":221,"caption":"AMAU - Associa\u00e7\u00e3o de Munic\u00edpios do Alto Uruguai"},"image":{"@id":"https:\/\/www.amau.com.br\/site\/#\/schema\/logo\/image\/"},"sameAs":["http:\/\/www.facebook.com\/amauaaltouruguai"]}]}},"_links":{"self":[{"href":"https:\/\/www.amau.com.br\/site\/wp-json\/wp\/v2\/pages\/1045","targetHints":{"allow":["GET"]}}],"collection":[{"href":"https:\/\/www.amau.com.br\/site\/wp-json\/wp\/v2\/pages"}],"about":[{"href":"https:\/\/www.amau.com.br\/site\/wp-json\/wp\/v2\/types\/page"}],"author":[{"embeddable":true,"href":"https:\/\/www.amau.com.br\/site\/wp-json\/wp\/v2\/users\/1"}],"replies":[{"embeddable":true,"href":"https:\/\/www.amau.com.br\/site\/wp-json\/wp\/v2\/comments?post=1045"}],"version-history":[{"count":0,"href":"https:\/\/www.amau.com.br\/site\/wp-json\/wp\/v2\/pages\/1045\/revisions"}],"wp:attachment":[{"href":"https:\/\/www.amau.com.br\/site\/wp-json\/wp\/v2\/media?parent=1045"}],"curies":[{"name":"wp","href":"https:\/\/api.w.org\/{rel}","templated":true}]}}