{"id":1043,"date":"2017-04-27T01:58:08","date_gmt":"2017-04-27T04:58:08","guid":{"rendered":"http:\/\/amau.com.br\/site\/?page_id=1043"},"modified":"2025-02-12T15:23:13","modified_gmt":"2025-02-12T18:23:13","slug":"ponte-preta","status":"publish","type":"page","link":"https:\/\/www.amau.com.br\/site\/ponte-preta\/","title":{"rendered":"Ponte Preta"},"content":{"rendered":"<div id=\"article\">\n<div id=\"container-article\">\n<div id=\"programacao\">\n<div class=\"conteudo-ajax\">\n<div>\n<p><strong>Prefeito:<\/strong> JOSIEL FERNANDO GRISELI (PT)<br \/>\n<strong>Vice-Prefeito:<\/strong> ELSIO CARLOS VALDUGA (MDB)<\/p>\n<p><strong>Endere\u00e7o:<\/strong> Avenida Severino Senhori, 299<br \/>\n<strong>CEP:<\/strong> 99.735-000<br \/>\n<strong>Telefone:<\/strong> (54) 3568-5078 \/ 3568- 5084\u00a0 \/ 9 9193-2793<br \/>\n<strong>Site (Famurs):<\/strong> <a href=\"http:\/\/www.pontepreta.famurs.com.br\/\">www.pontepreta.famurs.com.br<\/a><\/p>\n<p><strong>Site da Prefeitura<\/strong>:\u00a0<a href=\"https:\/\/www.pontepreta.rs.gov.br\/site\/\">https:\/\/www.pontepreta.rs.gov.br\/site\/<\/a><\/p>\n<p><strong>\u00c1rea:<\/strong>\u00a0100,407 km\u00b2<\/p>\n<p><strong><b>Estimativa Popula\u00e7\u00e3o [2022]:<\/b><\/strong>1.575<\/p>\n<p><strong>Dist\u00e2ncia de PoA:<\/strong> 388 km<\/p>\n<p><strong>Gent\u00edlico:<\/strong> Pontepretense<\/p>\n<p><strong>Hist\u00f3ria<\/strong><\/p>\n<\/div>\n<p>A hist\u00f3ria do Munic\u00edpio de Ponte Preta iniciou aproximadamente em 1910, tendo como nome Lajeado Grande. Passado os anos, viu-se a necessidade de ligar Lajeado Grande a outras localidades: Souto Neto, Linha 7, entre outras, pela constru\u00e7\u00e3o de uma Ponte sobre o Rio Jupirangava. A ponte foi constru\u00edda com o apoio de todas as pessoas da Comunidade. Em pouco tempo a obra foi conclu\u00edda, sendo feita com uma suspens\u00e3o a\u00e9rea, totalmente de madeira. Para dar conserva\u00e7\u00e3o, foi pintada com um l\u00edquido preto, conhecido naquela \u00e9poca como alcatr\u00e3o, hoje, como piche, dando origem ao nome PONTE PRETA, embora o nome oficial fosse Ponte 03 de Outubro.<\/p>\n<p>Os primeiros moradores vindos de Guapor\u00e9, Bento Gon\u00e7alves, Encantado, Boa Vista e outras cidades, chegaram aqui aproximadamente em 1910, encontrando neste local mata fechada, sendo a maioria das esp\u00e9cies Arauc\u00e1ria, Cedro, Angico, e outras \u00e1rvores nativas. Tamb\u00e9m se caracteriza pela sua condi\u00e7\u00e3o de col\u00f4nia onde predominam descendentes de italianos e em menor propor\u00e7\u00e3o alem\u00e3es e poloneses.<\/p>\n<p>A emancipa\u00e7\u00e3o ocorreu em 20 de mar\u00e7o de 1992, pela Lei n\u00ba. 9.573\/92, assinada pelo Governador Alceu Collares. A primeira administra\u00e7\u00e3o no per\u00edodo de 1993\/1996 teve como Prefeito o Sr. Julio Capeletto. Na segunda administra\u00e7\u00e3o, de 1997\/2000, o Prefeito eleito foi o Sr. Nelson Rosito Argenta, o qual foi reconduzindo no per\u00edodo 2001\/2004. Ap\u00f3s, foi eleito o Sr. Lu\u00eds Carlos Parise para administrar o Munic\u00edpio entre os anos de 2005 a 2008, sendo reeleito em outubro de 2008 para permanecer a frente do executivo municipal por mais 4 anos (2009\/2012).<\/p>\n<\/div>\n<\/div>\n<\/div>\n<\/div>\n<div id=\"footer\"><\/div>\n","protected":false},"excerpt":{"rendered":"<p>Prefeito: JOSIEL FERNANDO GRISELI (PT) Vice-Prefeito: ELSIO CARLOS VALDUGA (MDB) Endere\u00e7o: Avenida Severino Senhori, 299 CEP: 99.735-000 Telefone: (54) 3568-5078 \/ 3568- 5084\u00a0 \/ 9 9193-2793 Site (Famurs): www.pontepreta.famurs.com.br Site da Prefeitura:\u00a0https:\/\/www.pontepreta.rs.gov.br\/site\/ \u00c1rea:\u00a0100,407 km\u00b2 Estimativa Popula\u00e7\u00e3o [2022]:1.575 Dist\u00e2ncia de PoA: 388 km Gent\u00edlico: Pontepretense Hist\u00f3ria A hist\u00f3ria do Munic\u00edpio de Ponte Preta iniciou aproximadamente em [&hellip;]<\/p>\n","protected":false},"author":1,"featured_media":0,"parent":0,"menu_order":0,"comment_status":"closed","ping_status":"closed","template":"","meta":{"ocean_post_layout":"","ocean_both_sidebars_style":"","ocean_both_sidebars_content_width":0,"ocean_both_sidebars_sidebars_width":0,"ocean_sidebar":"0","ocean_second_sidebar":"0","ocean_disable_margins":"enable","ocean_add_body_class":"","ocean_shortcode_before_top_bar":"","ocean_shortcode_after_top_bar":"","ocean_shortcode_before_header":"","ocean_shortcode_after_header":"","ocean_has_shortcode":"","ocean_shortcode_after_title":"","ocean_shortcode_before_footer_widgets":"","ocean_shortcode_after_footer_widgets":"","ocean_shortcode_before_footer_bottom":"","ocean_shortcode_after_footer_bottom":"","ocean_display_top_bar":"default","ocean_display_header":"default","ocean_header_style":"","ocean_center_header_left_menu":"0","ocean_custom_header_template":"0","ocean_custom_logo":0,"ocean_custom_retina_logo":0,"ocean_custom_logo_max_width":0,"ocean_custom_logo_tablet_max_width":0,"ocean_custom_logo_mobile_max_width":0,"ocean_custom_logo_max_height":0,"ocean_custom_logo_tablet_max_height":0,"ocean_custom_logo_mobile_max_height":0,"ocean_header_custom_menu":"0","ocean_menu_typo_font_family":"0","ocean_menu_typo_font_subset":"","ocean_menu_typo_font_size":0,"ocean_menu_typo_font_size_tablet":0,"ocean_menu_typo_font_size_mobile":0,"ocean_menu_typo_font_size_unit":"px","ocean_menu_typo_font_weight":"","ocean_menu_typo_font_weight_tablet":"","ocean_menu_typo_font_weight_mobile":"","ocean_menu_typo_transform":"","ocean_menu_typo_transform_tablet":"","ocean_menu_typo_transform_mobile":"","ocean_menu_typo_line_height":0,"ocean_menu_typo_line_height_tablet":0,"ocean_menu_typo_line_height_mobile":0,"ocean_menu_typo_line_height_unit":"","ocean_menu_typo_spacing":0,"ocean_menu_typo_spacing_tablet":0,"ocean_menu_typo_spacing_mobile":0,"ocean_menu_typo_spacing_unit":"","ocean_menu_link_color":"","ocean_menu_link_color_hover":"","ocean_menu_link_color_active":"","ocean_menu_link_background":"","ocean_menu_link_hover_background":"","ocean_menu_link_active_background":"","ocean_menu_social_links_bg":"","ocean_menu_social_hover_links_bg":"","ocean_menu_social_links_color":"","ocean_menu_social_hover_links_color":"","ocean_disable_title":"default","ocean_disable_heading":"default","ocean_post_title":"","ocean_post_subheading":"","ocean_post_title_style":"","ocean_post_title_background_color":"","ocean_post_title_background":0,"ocean_post_title_bg_image_position":"","ocean_post_title_bg_image_attachment":"","ocean_post_title_bg_image_repeat":"","ocean_post_title_bg_image_size":"","ocean_post_title_height":0,"ocean_post_title_bg_overlay":0.5,"ocean_post_title_bg_overlay_color":"","ocean_disable_breadcrumbs":"default","ocean_breadcrumbs_color":"","ocean_breadcrumbs_separator_color":"","ocean_breadcrumbs_links_color":"","ocean_breadcrumbs_links_hover_color":"","ocean_display_footer_widgets":"default","ocean_display_footer_bottom":"default","ocean_custom_footer_template":"0","footnotes":""},"class_list":["post-1043","page","type-page","status-publish","hentry","entry"],"yoast_head":"<!-- This site is optimized with the Yoast SEO plugin v27.4 - https:\/\/yoast.com\/product\/yoast-seo-wordpress\/ -->\n<title>Ponte Preta - AMAU - Associa\u00e7\u00e3o de Munic\u00edpios do Alto Uruguai<\/title>\n<meta name=\"robots\" content=\"index, follow, max-snippet:-1, max-image-preview:large, max-video-preview:-1\" \/>\n<link rel=\"canonical\" href=\"https:\/\/www.amau.com.br\/site\/ponte-preta\/\" \/>\n<meta property=\"og:locale\" content=\"pt_BR\" \/>\n<meta property=\"og:type\" content=\"article\" \/>\n<meta property=\"og:title\" content=\"Ponte Preta - AMAU - Associa\u00e7\u00e3o de Munic\u00edpios do Alto Uruguai\" \/>\n<meta property=\"og:description\" content=\"Prefeito: JOSIEL FERNANDO GRISELI (PT) Vice-Prefeito: ELSIO CARLOS VALDUGA (MDB) Endere\u00e7o: Avenida Severino Senhori, 299 CEP: 99.735-000 Telefone: (54) 3568-5078 \/ 3568- 5084\u00a0 \/ 9 9193-2793 Site (Famurs): www.pontepreta.famurs.com.br Site da Prefeitura:\u00a0https:\/\/www.pontepreta.rs.gov.br\/site\/ \u00c1rea:\u00a0100,407 km\u00b2 Estimativa Popula\u00e7\u00e3o [2022]:1.575 Dist\u00e2ncia de PoA: 388 km Gent\u00edlico: Pontepretense Hist\u00f3ria A hist\u00f3ria do Munic\u00edpio de Ponte Preta iniciou aproximadamente em [&hellip;]\" \/>\n<meta property=\"og:url\" content=\"https:\/\/www.amau.com.br\/site\/ponte-preta\/\" \/>\n<meta property=\"og:site_name\" content=\"AMAU - Associa\u00e7\u00e3o de Munic\u00edpios do Alto Uruguai\" \/>\n<meta property=\"article:publisher\" content=\"http:\/\/www.facebook.com\/amauaaltouruguai\" \/>\n<meta property=\"article:modified_time\" content=\"2025-02-12T18:23:13+00:00\" \/>\n<meta name=\"twitter:card\" content=\"summary_large_image\" \/>\n<meta name=\"twitter:label1\" content=\"Est. tempo de leitura\" \/>\n\t<meta name=\"twitter:data1\" content=\"2 minutos\" \/>\n<script type=\"application\/ld+json\" class=\"yoast-schema-graph\">{\"@context\":\"https:\\\/\\\/schema.org\",\"@graph\":[{\"@type\":\"WebPage\",\"@id\":\"https:\\\/\\\/www.amau.com.br\\\/site\\\/ponte-preta\\\/\",\"url\":\"https:\\\/\\\/www.amau.com.br\\\/site\\\/ponte-preta\\\/\",\"name\":\"Ponte Preta - AMAU - Associa\u00e7\u00e3o de Munic\u00edpios do Alto Uruguai\",\"isPartOf\":{\"@id\":\"https:\\\/\\\/www.amau.com.br\\\/site\\\/#website\"},\"datePublished\":\"2017-04-27T04:58:08+00:00\",\"dateModified\":\"2025-02-12T18:23:13+00:00\",\"breadcrumb\":{\"@id\":\"https:\\\/\\\/www.amau.com.br\\\/site\\\/ponte-preta\\\/#breadcrumb\"},\"inLanguage\":\"pt-BR\",\"potentialAction\":[{\"@type\":\"ReadAction\",\"target\":[\"https:\\\/\\\/www.amau.com.br\\\/site\\\/ponte-preta\\\/\"]}]},{\"@type\":\"BreadcrumbList\",\"@id\":\"https:\\\/\\\/www.amau.com.br\\\/site\\\/ponte-preta\\\/#breadcrumb\",\"itemListElement\":[{\"@type\":\"ListItem\",\"position\":1,\"name\":\"Home\",\"item\":\"https:\\\/\\\/www.amau.com.br\\\/site\\\/\"},{\"@type\":\"ListItem\",\"position\":2,\"name\":\"Ponte Preta\"}]},{\"@type\":\"WebSite\",\"@id\":\"https:\\\/\\\/www.amau.com.br\\\/site\\\/#website\",\"url\":\"https:\\\/\\\/www.amau.com.br\\\/site\\\/\",\"name\":\"AMAU - Associa\u00e7\u00e3o de Munic\u00edpios do Alto Uruguai\",\"description\":\"Construindo alternativas para o desenvolvimento.\",\"publisher\":{\"@id\":\"https:\\\/\\\/www.amau.com.br\\\/site\\\/#organization\"},\"potentialAction\":[{\"@type\":\"SearchAction\",\"target\":{\"@type\":\"EntryPoint\",\"urlTemplate\":\"https:\\\/\\\/www.amau.com.br\\\/site\\\/?s={search_term_string}\"},\"query-input\":{\"@type\":\"PropertyValueSpecification\",\"valueRequired\":true,\"valueName\":\"search_term_string\"}}],\"inLanguage\":\"pt-BR\"},{\"@type\":\"Organization\",\"@id\":\"https:\\\/\\\/www.amau.com.br\\\/site\\\/#organization\",\"name\":\"AMAU - Associa\u00e7\u00e3o de Munic\u00edpios do Alto Uruguai\",\"url\":\"https:\\\/\\\/www.amau.com.br\\\/site\\\/\",\"logo\":{\"@type\":\"ImageObject\",\"inLanguage\":\"pt-BR\",\"@id\":\"https:\\\/\\\/www.amau.com.br\\\/site\\\/#\\\/schema\\\/logo\\\/image\\\/\",\"url\":\"https:\\\/\\\/www.amau.com.br\\\/site\\\/wp-content\\\/uploads\\\/2017\\\/04\\\/cropped-Amau-Logos-Site-300-1.png\",\"contentUrl\":\"https:\\\/\\\/www.amau.com.br\\\/site\\\/wp-content\\\/uploads\\\/2017\\\/04\\\/cropped-Amau-Logos-Site-300-1.png\",\"width\":807,\"height\":221,\"caption\":\"AMAU - Associa\u00e7\u00e3o de Munic\u00edpios do Alto Uruguai\"},\"image\":{\"@id\":\"https:\\\/\\\/www.amau.com.br\\\/site\\\/#\\\/schema\\\/logo\\\/image\\\/\"},\"sameAs\":[\"http:\\\/\\\/www.facebook.com\\\/amauaaltouruguai\"]}]}<\/script>\n<!-- \/ Yoast SEO plugin. -->","yoast_head_json":{"title":"Ponte Preta - AMAU - Associa\u00e7\u00e3o de Munic\u00edpios do Alto Uruguai","robots":{"index":"index","follow":"follow","max-snippet":"max-snippet:-1","max-image-preview":"max-image-preview:large","max-video-preview":"max-video-preview:-1"},"canonical":"https:\/\/www.amau.com.br\/site\/ponte-preta\/","og_locale":"pt_BR","og_type":"article","og_title":"Ponte Preta - AMAU - Associa\u00e7\u00e3o de Munic\u00edpios do Alto Uruguai","og_description":"Prefeito: JOSIEL FERNANDO GRISELI (PT) Vice-Prefeito: ELSIO CARLOS VALDUGA (MDB) Endere\u00e7o: Avenida Severino Senhori, 299 CEP: 99.735-000 Telefone: (54) 3568-5078 \/ 3568- 5084\u00a0 \/ 9 9193-2793 Site (Famurs): www.pontepreta.famurs.com.br Site da Prefeitura:\u00a0https:\/\/www.pontepreta.rs.gov.br\/site\/ \u00c1rea:\u00a0100,407 km\u00b2 Estimativa Popula\u00e7\u00e3o [2022]:1.575 Dist\u00e2ncia de PoA: 388 km Gent\u00edlico: Pontepretense Hist\u00f3ria A hist\u00f3ria do Munic\u00edpio de Ponte Preta iniciou aproximadamente em [&hellip;]","og_url":"https:\/\/www.amau.com.br\/site\/ponte-preta\/","og_site_name":"AMAU - Associa\u00e7\u00e3o de Munic\u00edpios do Alto Uruguai","article_publisher":"http:\/\/www.facebook.com\/amauaaltouruguai","article_modified_time":"2025-02-12T18:23:13+00:00","twitter_card":"summary_large_image","twitter_misc":{"Est. tempo de leitura":"2 minutos"},"schema":{"@context":"https:\/\/schema.org","@graph":[{"@type":"WebPage","@id":"https:\/\/www.amau.com.br\/site\/ponte-preta\/","url":"https:\/\/www.amau.com.br\/site\/ponte-preta\/","name":"Ponte Preta - AMAU - Associa\u00e7\u00e3o de Munic\u00edpios do Alto Uruguai","isPartOf":{"@id":"https:\/\/www.amau.com.br\/site\/#website"},"datePublished":"2017-04-27T04:58:08+00:00","dateModified":"2025-02-12T18:23:13+00:00","breadcrumb":{"@id":"https:\/\/www.amau.com.br\/site\/ponte-preta\/#breadcrumb"},"inLanguage":"pt-BR","potentialAction":[{"@type":"ReadAction","target":["https:\/\/www.amau.com.br\/site\/ponte-preta\/"]}]},{"@type":"BreadcrumbList","@id":"https:\/\/www.amau.com.br\/site\/ponte-preta\/#breadcrumb","itemListElement":[{"@type":"ListItem","position":1,"name":"Home","item":"https:\/\/www.amau.com.br\/site\/"},{"@type":"ListItem","position":2,"name":"Ponte Preta"}]},{"@type":"WebSite","@id":"https:\/\/www.amau.com.br\/site\/#website","url":"https:\/\/www.amau.com.br\/site\/","name":"AMAU - Associa\u00e7\u00e3o de Munic\u00edpios do Alto Uruguai","description":"Construindo alternativas para o desenvolvimento.","publisher":{"@id":"https:\/\/www.amau.com.br\/site\/#organization"},"potentialAction":[{"@type":"SearchAction","target":{"@type":"EntryPoint","urlTemplate":"https:\/\/www.amau.com.br\/site\/?s={search_term_string}"},"query-input":{"@type":"PropertyValueSpecification","valueRequired":true,"valueName":"search_term_string"}}],"inLanguage":"pt-BR"},{"@type":"Organization","@id":"https:\/\/www.amau.com.br\/site\/#organization","name":"AMAU - Associa\u00e7\u00e3o de Munic\u00edpios do Alto Uruguai","url":"https:\/\/www.amau.com.br\/site\/","logo":{"@type":"ImageObject","inLanguage":"pt-BR","@id":"https:\/\/www.amau.com.br\/site\/#\/schema\/logo\/image\/","url":"https:\/\/www.amau.com.br\/site\/wp-content\/uploads\/2017\/04\/cropped-Amau-Logos-Site-300-1.png","contentUrl":"https:\/\/www.amau.com.br\/site\/wp-content\/uploads\/2017\/04\/cropped-Amau-Logos-Site-300-1.png","width":807,"height":221,"caption":"AMAU - Associa\u00e7\u00e3o de Munic\u00edpios do Alto Uruguai"},"image":{"@id":"https:\/\/www.amau.com.br\/site\/#\/schema\/logo\/image\/"},"sameAs":["http:\/\/www.facebook.com\/amauaaltouruguai"]}]}},"_links":{"self":[{"href":"https:\/\/www.amau.com.br\/site\/wp-json\/wp\/v2\/pages\/1043","targetHints":{"allow":["GET"]}}],"collection":[{"href":"https:\/\/www.amau.com.br\/site\/wp-json\/wp\/v2\/pages"}],"about":[{"href":"https:\/\/www.amau.com.br\/site\/wp-json\/wp\/v2\/types\/page"}],"author":[{"embeddable":true,"href":"https:\/\/www.amau.com.br\/site\/wp-json\/wp\/v2\/users\/1"}],"replies":[{"embeddable":true,"href":"https:\/\/www.amau.com.br\/site\/wp-json\/wp\/v2\/comments?post=1043"}],"version-history":[{"count":0,"href":"https:\/\/www.amau.com.br\/site\/wp-json\/wp\/v2\/pages\/1043\/revisions"}],"wp:attachment":[{"href":"https:\/\/www.amau.com.br\/site\/wp-json\/wp\/v2\/media?parent=1043"}],"curies":[{"name":"wp","href":"https:\/\/api.w.org\/{rel}","templated":true}]}}