{"id":1038,"date":"2017-04-27T01:56:48","date_gmt":"2017-04-27T04:56:48","guid":{"rendered":"http:\/\/amau.com.br\/site\/?page_id=1038"},"modified":"2025-02-12T15:20:36","modified_gmt":"2025-02-12T18:20:36","slug":"mariano-moro","status":"publish","type":"page","link":"https:\/\/www.amau.com.br\/site\/mariano-moro\/","title":{"rendered":"Mariano Moro"},"content":{"rendered":"<div>\n<p><strong>Prefeito:<\/strong> VALDECIR MARIANO PINTO (PDT)<br \/>\n<strong>Vice-Prefeito: <\/strong>JOS\u00c9 AMARILDO GRITTI (PT)<\/p>\n<p><strong>Endere\u00e7o:<\/strong> Rua Miguel Detoni, 201<br \/>\n<strong>CEP:<\/strong> 99.790-000<br \/>\n<strong>Telefone:<\/strong> (54) 3083 -5069 \/ (54) 3083-5070<br \/>\n<strong>Site (Famurs):<\/strong> <a href=\"http:\/\/www.marianomoro.famurs.com.br\/\">www.marianomoro.famurs.com.br<\/a><\/p>\n<p><strong>Site da Prefeitura<\/strong>:\u00a0<a href=\"https:\/\/www.pmmarianomoro.com.br\/\">https:\/\/www.pmmarianomoro.com.br\/<\/a><\/p>\n<p><strong>\u00c1rea:<\/strong>\u00a099,11 km\u00b2<\/p>\n<p><strong><b>Estimativa Popula\u00e7\u00e3o [2022]:<\/b> <\/strong>1.858<\/p>\n<p><strong>Dist\u00e2ncia de PoA:<\/strong> 413 km<br \/>\n<strong>Gent\u00edlico:<\/strong> Marianense<\/p>\n<p><strong>Hist\u00f3ria<\/strong><\/p>\n<\/div>\n<div id=\"article\">\n<div id=\"container-article\">\n<div id=\"programacao\">\n<div class=\"conteudo-ajax\">\n<p>A sede de Mariano Moro est\u00e1 localizada no antigo povoado de Bom Retiro, que teve seu nome alterado quando foi criado o Sub-Distrito de Severiano de Almeida, que era ent\u00e3o Sub-Distrito de Erechim.<\/p>\n<p>Mariano Moro construiu sua hist\u00f3ria tendo por base a paz, solidariedade, a colabora\u00e7\u00e3o.<\/p>\n<p>Tudo come\u00e7ou por volta de 1923. Bom Retiro foi ent\u00e3o, o nome escolhido para este lugar. Bom por que \u00e9 dono de uma natureza invej\u00e1vel e solo f\u00e9rtil; retiro porque isolado, retirado de tudo e de todos, mergulhado no sil\u00eancio das matas e banhado no caudaloso rio Uruguai.<\/p>\n<p>Em 1953 foi mudado o nome de Bom Retiro para Mariano Moro, devido aos grandes trabalhos realizados pelo senhor Mariano Moro em prol do desenvolvimento da comunidade.<\/p>\n<p>Mariano Moro acreditava que o \u00fanico meio de fazer a independ\u00eancia dos colonos era uni-los em cooperativas.<\/p>\n<p>Fundou v\u00e1rias cooperativas inclusive a Cooperativa Mista Bom Retiro Ltda que impulsionou o progresso do munic\u00edpio.<\/p>\n<\/div>\n<\/div>\n<\/div>\n<\/div>\n<p><strong>\u00a0<\/strong><\/p>\n","protected":false},"excerpt":{"rendered":"<p>Prefeito: VALDECIR MARIANO PINTO (PDT) Vice-Prefeito: JOS\u00c9 AMARILDO GRITTI (PT) Endere\u00e7o: Rua Miguel Detoni, 201 CEP: 99.790-000 Telefone: (54) 3083 -5069 \/ (54) 3083-5070 Site (Famurs): www.marianomoro.famurs.com.br Site da Prefeitura:\u00a0https:\/\/www.pmmarianomoro.com.br\/ \u00c1rea:\u00a099,11 km\u00b2 Estimativa Popula\u00e7\u00e3o [2022]: 1.858 Dist\u00e2ncia de PoA: 413 km Gent\u00edlico: Marianense Hist\u00f3ria A sede de Mariano Moro est\u00e1 localizada no antigo povoado de [&hellip;]<\/p>\n","protected":false},"author":1,"featured_media":0,"parent":0,"menu_order":0,"comment_status":"closed","ping_status":"closed","template":"","meta":{"ocean_post_layout":"","ocean_both_sidebars_style":"","ocean_both_sidebars_content_width":0,"ocean_both_sidebars_sidebars_width":0,"ocean_sidebar":"0","ocean_second_sidebar":"0","ocean_disable_margins":"enable","ocean_add_body_class":"","ocean_shortcode_before_top_bar":"","ocean_shortcode_after_top_bar":"","ocean_shortcode_before_header":"","ocean_shortcode_after_header":"","ocean_has_shortcode":"","ocean_shortcode_after_title":"","ocean_shortcode_before_footer_widgets":"","ocean_shortcode_after_footer_widgets":"","ocean_shortcode_before_footer_bottom":"","ocean_shortcode_after_footer_bottom":"","ocean_display_top_bar":"default","ocean_display_header":"default","ocean_header_style":"","ocean_center_header_left_menu":"0","ocean_custom_header_template":"0","ocean_custom_logo":0,"ocean_custom_retina_logo":0,"ocean_custom_logo_max_width":0,"ocean_custom_logo_tablet_max_width":0,"ocean_custom_logo_mobile_max_width":0,"ocean_custom_logo_max_height":0,"ocean_custom_logo_tablet_max_height":0,"ocean_custom_logo_mobile_max_height":0,"ocean_header_custom_menu":"0","ocean_menu_typo_font_family":"0","ocean_menu_typo_font_subset":"","ocean_menu_typo_font_size":0,"ocean_menu_typo_font_size_tablet":0,"ocean_menu_typo_font_size_mobile":0,"ocean_menu_typo_font_size_unit":"px","ocean_menu_typo_font_weight":"","ocean_menu_typo_font_weight_tablet":"","ocean_menu_typo_font_weight_mobile":"","ocean_menu_typo_transform":"","ocean_menu_typo_transform_tablet":"","ocean_menu_typo_transform_mobile":"","ocean_menu_typo_line_height":0,"ocean_menu_typo_line_height_tablet":0,"ocean_menu_typo_line_height_mobile":0,"ocean_menu_typo_line_height_unit":"","ocean_menu_typo_spacing":0,"ocean_menu_typo_spacing_tablet":0,"ocean_menu_typo_spacing_mobile":0,"ocean_menu_typo_spacing_unit":"","ocean_menu_link_color":"","ocean_menu_link_color_hover":"","ocean_menu_link_color_active":"","ocean_menu_link_background":"","ocean_menu_link_hover_background":"","ocean_menu_link_active_background":"","ocean_menu_social_links_bg":"","ocean_menu_social_hover_links_bg":"","ocean_menu_social_links_color":"","ocean_menu_social_hover_links_color":"","ocean_disable_title":"default","ocean_disable_heading":"default","ocean_post_title":"","ocean_post_subheading":"","ocean_post_title_style":"","ocean_post_title_background_color":"","ocean_post_title_background":0,"ocean_post_title_bg_image_position":"","ocean_post_title_bg_image_attachment":"","ocean_post_title_bg_image_repeat":"","ocean_post_title_bg_image_size":"","ocean_post_title_height":0,"ocean_post_title_bg_overlay":0.5,"ocean_post_title_bg_overlay_color":"","ocean_disable_breadcrumbs":"default","ocean_breadcrumbs_color":"","ocean_breadcrumbs_separator_color":"","ocean_breadcrumbs_links_color":"","ocean_breadcrumbs_links_hover_color":"","ocean_display_footer_widgets":"default","ocean_display_footer_bottom":"default","ocean_custom_footer_template":"0","footnotes":""},"class_list":["post-1038","page","type-page","status-publish","hentry","entry"],"yoast_head":"<!-- This site is optimized with the Yoast SEO plugin v27.4 - https:\/\/yoast.com\/product\/yoast-seo-wordpress\/ -->\n<title>Mariano Moro - AMAU - Associa\u00e7\u00e3o de Munic\u00edpios do Alto Uruguai<\/title>\n<meta name=\"robots\" content=\"index, follow, max-snippet:-1, max-image-preview:large, max-video-preview:-1\" \/>\n<link rel=\"canonical\" href=\"https:\/\/www.amau.com.br\/site\/mariano-moro\/\" \/>\n<meta property=\"og:locale\" content=\"pt_BR\" \/>\n<meta property=\"og:type\" content=\"article\" \/>\n<meta property=\"og:title\" content=\"Mariano Moro - AMAU - Associa\u00e7\u00e3o de Munic\u00edpios do Alto Uruguai\" \/>\n<meta property=\"og:description\" content=\"Prefeito: VALDECIR MARIANO PINTO (PDT) Vice-Prefeito: JOS\u00c9 AMARILDO GRITTI (PT) Endere\u00e7o: Rua Miguel Detoni, 201 CEP: 99.790-000 Telefone: (54) 3083 -5069 \/ (54) 3083-5070 Site (Famurs): www.marianomoro.famurs.com.br Site da Prefeitura:\u00a0https:\/\/www.pmmarianomoro.com.br\/ \u00c1rea:\u00a099,11 km\u00b2 Estimativa Popula\u00e7\u00e3o [2022]: 1.858 Dist\u00e2ncia de PoA: 413 km Gent\u00edlico: Marianense Hist\u00f3ria A sede de Mariano Moro est\u00e1 localizada no antigo povoado de [&hellip;]\" \/>\n<meta property=\"og:url\" content=\"https:\/\/www.amau.com.br\/site\/mariano-moro\/\" \/>\n<meta property=\"og:site_name\" content=\"AMAU - Associa\u00e7\u00e3o de Munic\u00edpios do Alto Uruguai\" \/>\n<meta property=\"article:publisher\" content=\"http:\/\/www.facebook.com\/amauaaltouruguai\" \/>\n<meta property=\"article:modified_time\" content=\"2025-02-12T18:20:36+00:00\" \/>\n<meta name=\"twitter:card\" content=\"summary_large_image\" \/>\n<meta name=\"twitter:label1\" content=\"Est. tempo de leitura\" \/>\n\t<meta name=\"twitter:data1\" content=\"2 minutos\" \/>\n<script type=\"application\/ld+json\" class=\"yoast-schema-graph\">{\"@context\":\"https:\\\/\\\/schema.org\",\"@graph\":[{\"@type\":\"WebPage\",\"@id\":\"https:\\\/\\\/www.amau.com.br\\\/site\\\/mariano-moro\\\/\",\"url\":\"https:\\\/\\\/www.amau.com.br\\\/site\\\/mariano-moro\\\/\",\"name\":\"Mariano Moro - AMAU - Associa\u00e7\u00e3o de Munic\u00edpios do Alto Uruguai\",\"isPartOf\":{\"@id\":\"https:\\\/\\\/www.amau.com.br\\\/site\\\/#website\"},\"datePublished\":\"2017-04-27T04:56:48+00:00\",\"dateModified\":\"2025-02-12T18:20:36+00:00\",\"breadcrumb\":{\"@id\":\"https:\\\/\\\/www.amau.com.br\\\/site\\\/mariano-moro\\\/#breadcrumb\"},\"inLanguage\":\"pt-BR\",\"potentialAction\":[{\"@type\":\"ReadAction\",\"target\":[\"https:\\\/\\\/www.amau.com.br\\\/site\\\/mariano-moro\\\/\"]}]},{\"@type\":\"BreadcrumbList\",\"@id\":\"https:\\\/\\\/www.amau.com.br\\\/site\\\/mariano-moro\\\/#breadcrumb\",\"itemListElement\":[{\"@type\":\"ListItem\",\"position\":1,\"name\":\"Home\",\"item\":\"https:\\\/\\\/www.amau.com.br\\\/site\\\/\"},{\"@type\":\"ListItem\",\"position\":2,\"name\":\"Mariano Moro\"}]},{\"@type\":\"WebSite\",\"@id\":\"https:\\\/\\\/www.amau.com.br\\\/site\\\/#website\",\"url\":\"https:\\\/\\\/www.amau.com.br\\\/site\\\/\",\"name\":\"AMAU - Associa\u00e7\u00e3o de Munic\u00edpios do Alto Uruguai\",\"description\":\"Construindo alternativas para o desenvolvimento.\",\"publisher\":{\"@id\":\"https:\\\/\\\/www.amau.com.br\\\/site\\\/#organization\"},\"potentialAction\":[{\"@type\":\"SearchAction\",\"target\":{\"@type\":\"EntryPoint\",\"urlTemplate\":\"https:\\\/\\\/www.amau.com.br\\\/site\\\/?s={search_term_string}\"},\"query-input\":{\"@type\":\"PropertyValueSpecification\",\"valueRequired\":true,\"valueName\":\"search_term_string\"}}],\"inLanguage\":\"pt-BR\"},{\"@type\":\"Organization\",\"@id\":\"https:\\\/\\\/www.amau.com.br\\\/site\\\/#organization\",\"name\":\"AMAU - Associa\u00e7\u00e3o de Munic\u00edpios do Alto Uruguai\",\"url\":\"https:\\\/\\\/www.amau.com.br\\\/site\\\/\",\"logo\":{\"@type\":\"ImageObject\",\"inLanguage\":\"pt-BR\",\"@id\":\"https:\\\/\\\/www.amau.com.br\\\/site\\\/#\\\/schema\\\/logo\\\/image\\\/\",\"url\":\"https:\\\/\\\/www.amau.com.br\\\/site\\\/wp-content\\\/uploads\\\/2017\\\/04\\\/cropped-Amau-Logos-Site-300-1.png\",\"contentUrl\":\"https:\\\/\\\/www.amau.com.br\\\/site\\\/wp-content\\\/uploads\\\/2017\\\/04\\\/cropped-Amau-Logos-Site-300-1.png\",\"width\":807,\"height\":221,\"caption\":\"AMAU - Associa\u00e7\u00e3o de Munic\u00edpios do Alto Uruguai\"},\"image\":{\"@id\":\"https:\\\/\\\/www.amau.com.br\\\/site\\\/#\\\/schema\\\/logo\\\/image\\\/\"},\"sameAs\":[\"http:\\\/\\\/www.facebook.com\\\/amauaaltouruguai\"]}]}<\/script>\n<!-- \/ Yoast SEO plugin. -->","yoast_head_json":{"title":"Mariano Moro - AMAU - Associa\u00e7\u00e3o de Munic\u00edpios do Alto Uruguai","robots":{"index":"index","follow":"follow","max-snippet":"max-snippet:-1","max-image-preview":"max-image-preview:large","max-video-preview":"max-video-preview:-1"},"canonical":"https:\/\/www.amau.com.br\/site\/mariano-moro\/","og_locale":"pt_BR","og_type":"article","og_title":"Mariano Moro - AMAU - Associa\u00e7\u00e3o de Munic\u00edpios do Alto Uruguai","og_description":"Prefeito: VALDECIR MARIANO PINTO (PDT) Vice-Prefeito: JOS\u00c9 AMARILDO GRITTI (PT) Endere\u00e7o: Rua Miguel Detoni, 201 CEP: 99.790-000 Telefone: (54) 3083 -5069 \/ (54) 3083-5070 Site (Famurs): www.marianomoro.famurs.com.br Site da Prefeitura:\u00a0https:\/\/www.pmmarianomoro.com.br\/ \u00c1rea:\u00a099,11 km\u00b2 Estimativa Popula\u00e7\u00e3o [2022]: 1.858 Dist\u00e2ncia de PoA: 413 km Gent\u00edlico: Marianense Hist\u00f3ria A sede de Mariano Moro est\u00e1 localizada no antigo povoado de [&hellip;]","og_url":"https:\/\/www.amau.com.br\/site\/mariano-moro\/","og_site_name":"AMAU - Associa\u00e7\u00e3o de Munic\u00edpios do Alto Uruguai","article_publisher":"http:\/\/www.facebook.com\/amauaaltouruguai","article_modified_time":"2025-02-12T18:20:36+00:00","twitter_card":"summary_large_image","twitter_misc":{"Est. tempo de leitura":"2 minutos"},"schema":{"@context":"https:\/\/schema.org","@graph":[{"@type":"WebPage","@id":"https:\/\/www.amau.com.br\/site\/mariano-moro\/","url":"https:\/\/www.amau.com.br\/site\/mariano-moro\/","name":"Mariano Moro - AMAU - Associa\u00e7\u00e3o de Munic\u00edpios do Alto Uruguai","isPartOf":{"@id":"https:\/\/www.amau.com.br\/site\/#website"},"datePublished":"2017-04-27T04:56:48+00:00","dateModified":"2025-02-12T18:20:36+00:00","breadcrumb":{"@id":"https:\/\/www.amau.com.br\/site\/mariano-moro\/#breadcrumb"},"inLanguage":"pt-BR","potentialAction":[{"@type":"ReadAction","target":["https:\/\/www.amau.com.br\/site\/mariano-moro\/"]}]},{"@type":"BreadcrumbList","@id":"https:\/\/www.amau.com.br\/site\/mariano-moro\/#breadcrumb","itemListElement":[{"@type":"ListItem","position":1,"name":"Home","item":"https:\/\/www.amau.com.br\/site\/"},{"@type":"ListItem","position":2,"name":"Mariano Moro"}]},{"@type":"WebSite","@id":"https:\/\/www.amau.com.br\/site\/#website","url":"https:\/\/www.amau.com.br\/site\/","name":"AMAU - Associa\u00e7\u00e3o de Munic\u00edpios do Alto Uruguai","description":"Construindo alternativas para o desenvolvimento.","publisher":{"@id":"https:\/\/www.amau.com.br\/site\/#organization"},"potentialAction":[{"@type":"SearchAction","target":{"@type":"EntryPoint","urlTemplate":"https:\/\/www.amau.com.br\/site\/?s={search_term_string}"},"query-input":{"@type":"PropertyValueSpecification","valueRequired":true,"valueName":"search_term_string"}}],"inLanguage":"pt-BR"},{"@type":"Organization","@id":"https:\/\/www.amau.com.br\/site\/#organization","name":"AMAU - Associa\u00e7\u00e3o de Munic\u00edpios do Alto Uruguai","url":"https:\/\/www.amau.com.br\/site\/","logo":{"@type":"ImageObject","inLanguage":"pt-BR","@id":"https:\/\/www.amau.com.br\/site\/#\/schema\/logo\/image\/","url":"https:\/\/www.amau.com.br\/site\/wp-content\/uploads\/2017\/04\/cropped-Amau-Logos-Site-300-1.png","contentUrl":"https:\/\/www.amau.com.br\/site\/wp-content\/uploads\/2017\/04\/cropped-Amau-Logos-Site-300-1.png","width":807,"height":221,"caption":"AMAU - Associa\u00e7\u00e3o de Munic\u00edpios do Alto Uruguai"},"image":{"@id":"https:\/\/www.amau.com.br\/site\/#\/schema\/logo\/image\/"},"sameAs":["http:\/\/www.facebook.com\/amauaaltouruguai"]}]}},"_links":{"self":[{"href":"https:\/\/www.amau.com.br\/site\/wp-json\/wp\/v2\/pages\/1038","targetHints":{"allow":["GET"]}}],"collection":[{"href":"https:\/\/www.amau.com.br\/site\/wp-json\/wp\/v2\/pages"}],"about":[{"href":"https:\/\/www.amau.com.br\/site\/wp-json\/wp\/v2\/types\/page"}],"author":[{"embeddable":true,"href":"https:\/\/www.amau.com.br\/site\/wp-json\/wp\/v2\/users\/1"}],"replies":[{"embeddable":true,"href":"https:\/\/www.amau.com.br\/site\/wp-json\/wp\/v2\/comments?post=1038"}],"version-history":[{"count":0,"href":"https:\/\/www.amau.com.br\/site\/wp-json\/wp\/v2\/pages\/1038\/revisions"}],"wp:attachment":[{"href":"https:\/\/www.amau.com.br\/site\/wp-json\/wp\/v2\/media?parent=1038"}],"curies":[{"name":"wp","href":"https:\/\/api.w.org\/{rel}","templated":true}]}}