{"id":1034,"date":"2017-04-27T01:55:34","date_gmt":"2017-04-27T04:55:34","guid":{"rendered":"http:\/\/amau.com.br\/site\/?page_id=1034"},"modified":"2025-02-12T15:15:37","modified_gmt":"2025-02-12T18:15:37","slug":"itatiba-do-sul","status":"publish","type":"page","link":"https:\/\/www.amau.com.br\/site\/itatiba-do-sul\/","title":{"rendered":"Itatiba do Sul"},"content":{"rendered":"<p><strong>Prefeito:<\/strong> VALDEMAR CIBULSKI (PT)<br \/>\n<strong>Vice-Prefeito:<\/strong> CELIO FIABANI (PT)<\/p>\n<p><strong>Endere\u00e7o:<\/strong> Avenida Antonio Angelo Tozzo, 845<br \/>\n<strong>CEP:<\/strong> 99.760-000<br \/>\n<strong>Telefone:<\/strong> (54) 3083-5040 \/ 5041<br \/>\n<strong>E-mail:<\/strong> itatibadosul@itatibadosul.rs.gov.br<br \/>\n<strong>Site (Famurs):<\/strong> www.itatibadosul.famurs.com.br<\/p>\n<p><strong>Site da Prefeitura:<\/strong>\u00a0<a href=\"https:\/\/www.itatibadosul.rs.gov.br\/\">https:\/\/www.itatibadosul.rs.gov.br\/<\/a><\/p>\n<p><strong>\u00c1rea:<\/strong>\u00a0212,121 km\u00b2<\/p>\n<p><strong><b>Estimativa Popula\u00e7\u00e3o [2022]:<\/b><\/strong>3.208<\/p>\n<p>&nbsp;<\/p>\n<p><strong>Dist\u00e2ncia de PoA:<\/strong> 407 Km<\/p>\n<p><strong>Gent\u00edlico:<\/strong> Itatibense<\/p>\n<p><strong>Hist\u00f3ria<\/strong><\/p>\n<p>Itatiba do Sul, Itatiba = abund\u00e2ncia de pedra ou pedra branca.<\/p>\n<p>Em 1916 chega a localidade de Derrubadas os primeiros imigrantes que data o momento mais remoto da hist\u00f3ria de Itatiba. Em 1923 os primeiros imigrantes chegaram \u00e1 cabeceira do Lajeado da Pedra, onde hoje \u00e9 a cidade de Itatiba do Sul.<\/p>\n<p>Em 1934 chegaram os \u00faltimos imigrantes poloneses. Em 1941 os primeiros comerciantes \u00e0 Itatiba e \u00e9 criada a Vila de Itatiba. Em 1951 \u00e9 criado o Distrito de Itatiba. Em 1959 Itatiba volta a pertencer a Erechim. Em 1964 \u00e9 criado o munic\u00edpio de Itatiba do Sul, anexa: ao top\u00f4nimo que domina o munic\u00edpio \u00e9 acrescido &#8220;do Sul&#8221;.<\/p>\n<p>O top\u00f4nimo Itatiba comp\u00f5e-se de dois radicais, ambos provenientes do Tupi-Guarani: Ita = Pedra + Tiba = Cole\u00e7\u00e3o. Significa, pois, pedra + pedra, ou seja, pedras acumuladas, pedras sobrepostas, isto \u00e9, muitas pedras.<\/p>\n<p>No in\u00edcio da coloniza\u00e7\u00e3o chamava-se &#8220;Cabeceira de Pedra&#8221;, isto porque o Rio das Pedras tem origem exatamente na cidade, indo desaguar no Rio Uruguai. Da\u00ed o nome de cabeceira, significando &#8220;in\u00edcio&#8221;, ponto de origem.<\/p>\n<p>Os primeiros imigrantes vinham em busca de s\u00edtios na &#8220;cabeceira do Pedra&#8221;, terras pertencentes ao &#8220;Governo&#8221;.<\/p>\n<p>Com a constata\u00e7\u00e3o de que no Brasil j\u00e1 existia um munic\u00edpio chamado Itatiba foi necess\u00e1ria a troca do nome da cidade, por\u00e9m, os mun\u00edcipes determinaram por bem acrescer-lhe simplesmente &#8220;Do Sul&#8221;, como distintivo. Passou a chamar-se de &#8220;Itatiba do Sul&#8221;.<\/p>\n<p>Nosso passado, a taipa &#8211; a ITA + TIBA &#8211; lado a lado com a energia el\u00e9trica &#8211; nosso presente.<\/p>\n","protected":false},"excerpt":{"rendered":"<p>Prefeito: VALDEMAR CIBULSKI (PT) Vice-Prefeito: CELIO FIABANI (PT) Endere\u00e7o: Avenida Antonio Angelo Tozzo, 845 CEP: 99.760-000 Telefone: (54) 3083-5040 \/ 5041 E-mail: itatibadosul@itatibadosul.rs.gov.br Site (Famurs): www.itatibadosul.famurs.com.br Site da Prefeitura:\u00a0https:\/\/www.itatibadosul.rs.gov.br\/ \u00c1rea:\u00a0212,121 km\u00b2 Estimativa Popula\u00e7\u00e3o [2022]:3.208 &nbsp; Dist\u00e2ncia de PoA: 407 Km Gent\u00edlico: Itatibense Hist\u00f3ria Itatiba do Sul, Itatiba = abund\u00e2ncia de pedra ou pedra branca. Em [&hellip;]<\/p>\n","protected":false},"author":1,"featured_media":0,"parent":0,"menu_order":0,"comment_status":"closed","ping_status":"closed","template":"","meta":{"ocean_post_layout":"","ocean_both_sidebars_style":"","ocean_both_sidebars_content_width":0,"ocean_both_sidebars_sidebars_width":0,"ocean_sidebar":"0","ocean_second_sidebar":"0","ocean_disable_margins":"enable","ocean_add_body_class":"","ocean_shortcode_before_top_bar":"","ocean_shortcode_after_top_bar":"","ocean_shortcode_before_header":"","ocean_shortcode_after_header":"","ocean_has_shortcode":"","ocean_shortcode_after_title":"","ocean_shortcode_before_footer_widgets":"","ocean_shortcode_after_footer_widgets":"","ocean_shortcode_before_footer_bottom":"","ocean_shortcode_after_footer_bottom":"","ocean_display_top_bar":"default","ocean_display_header":"default","ocean_header_style":"","ocean_center_header_left_menu":"0","ocean_custom_header_template":"0","ocean_custom_logo":0,"ocean_custom_retina_logo":0,"ocean_custom_logo_max_width":0,"ocean_custom_logo_tablet_max_width":0,"ocean_custom_logo_mobile_max_width":0,"ocean_custom_logo_max_height":0,"ocean_custom_logo_tablet_max_height":0,"ocean_custom_logo_mobile_max_height":0,"ocean_header_custom_menu":"0","ocean_menu_typo_font_family":"0","ocean_menu_typo_font_subset":"","ocean_menu_typo_font_size":0,"ocean_menu_typo_font_size_tablet":0,"ocean_menu_typo_font_size_mobile":0,"ocean_menu_typo_font_size_unit":"px","ocean_menu_typo_font_weight":"","ocean_menu_typo_font_weight_tablet":"","ocean_menu_typo_font_weight_mobile":"","ocean_menu_typo_transform":"","ocean_menu_typo_transform_tablet":"","ocean_menu_typo_transform_mobile":"","ocean_menu_typo_line_height":0,"ocean_menu_typo_line_height_tablet":0,"ocean_menu_typo_line_height_mobile":0,"ocean_menu_typo_line_height_unit":"","ocean_menu_typo_spacing":0,"ocean_menu_typo_spacing_tablet":0,"ocean_menu_typo_spacing_mobile":0,"ocean_menu_typo_spacing_unit":"","ocean_menu_link_color":"","ocean_menu_link_color_hover":"","ocean_menu_link_color_active":"","ocean_menu_link_background":"","ocean_menu_link_hover_background":"","ocean_menu_link_active_background":"","ocean_menu_social_links_bg":"","ocean_menu_social_hover_links_bg":"","ocean_menu_social_links_color":"","ocean_menu_social_hover_links_color":"","ocean_disable_title":"default","ocean_disable_heading":"default","ocean_post_title":"","ocean_post_subheading":"","ocean_post_title_style":"","ocean_post_title_background_color":"","ocean_post_title_background":0,"ocean_post_title_bg_image_position":"","ocean_post_title_bg_image_attachment":"","ocean_post_title_bg_image_repeat":"","ocean_post_title_bg_image_size":"","ocean_post_title_height":0,"ocean_post_title_bg_overlay":0.5,"ocean_post_title_bg_overlay_color":"","ocean_disable_breadcrumbs":"default","ocean_breadcrumbs_color":"","ocean_breadcrumbs_separator_color":"","ocean_breadcrumbs_links_color":"","ocean_breadcrumbs_links_hover_color":"","ocean_display_footer_widgets":"default","ocean_display_footer_bottom":"default","ocean_custom_footer_template":"0","footnotes":""},"class_list":["post-1034","page","type-page","status-publish","hentry","entry"],"yoast_head":"<!-- This site is optimized with the Yoast SEO plugin v27.4 - https:\/\/yoast.com\/product\/yoast-seo-wordpress\/ -->\n<title>Itatiba do Sul - AMAU - Associa\u00e7\u00e3o de Munic\u00edpios do Alto Uruguai<\/title>\n<meta name=\"robots\" content=\"index, follow, max-snippet:-1, max-image-preview:large, max-video-preview:-1\" \/>\n<link rel=\"canonical\" href=\"https:\/\/www.amau.com.br\/site\/itatiba-do-sul\/\" \/>\n<meta property=\"og:locale\" content=\"pt_BR\" \/>\n<meta property=\"og:type\" content=\"article\" \/>\n<meta property=\"og:title\" content=\"Itatiba do Sul - AMAU - Associa\u00e7\u00e3o de Munic\u00edpios do Alto Uruguai\" \/>\n<meta property=\"og:description\" content=\"Prefeito: VALDEMAR CIBULSKI (PT) Vice-Prefeito: CELIO FIABANI (PT) Endere\u00e7o: Avenida Antonio Angelo Tozzo, 845 CEP: 99.760-000 Telefone: (54) 3083-5040 \/ 5041 E-mail: itatibadosul@itatibadosul.rs.gov.br Site (Famurs): www.itatibadosul.famurs.com.br Site da Prefeitura:\u00a0https:\/\/www.itatibadosul.rs.gov.br\/ \u00c1rea:\u00a0212,121 km\u00b2 Estimativa Popula\u00e7\u00e3o [2022]:3.208 &nbsp; Dist\u00e2ncia de PoA: 407 Km Gent\u00edlico: Itatibense Hist\u00f3ria Itatiba do Sul, Itatiba = abund\u00e2ncia de pedra ou pedra branca. Em [&hellip;]\" \/>\n<meta property=\"og:url\" content=\"https:\/\/www.amau.com.br\/site\/itatiba-do-sul\/\" \/>\n<meta property=\"og:site_name\" content=\"AMAU - Associa\u00e7\u00e3o de Munic\u00edpios do Alto Uruguai\" \/>\n<meta property=\"article:publisher\" content=\"http:\/\/www.facebook.com\/amauaaltouruguai\" \/>\n<meta property=\"article:modified_time\" content=\"2025-02-12T18:15:37+00:00\" \/>\n<meta name=\"twitter:card\" content=\"summary_large_image\" \/>\n<meta name=\"twitter:label1\" content=\"Est. tempo de leitura\" \/>\n\t<meta name=\"twitter:data1\" content=\"2 minutos\" \/>\n<script type=\"application\/ld+json\" class=\"yoast-schema-graph\">{\"@context\":\"https:\\\/\\\/schema.org\",\"@graph\":[{\"@type\":\"WebPage\",\"@id\":\"https:\\\/\\\/www.amau.com.br\\\/site\\\/itatiba-do-sul\\\/\",\"url\":\"https:\\\/\\\/www.amau.com.br\\\/site\\\/itatiba-do-sul\\\/\",\"name\":\"Itatiba do Sul - AMAU - Associa\u00e7\u00e3o de Munic\u00edpios do Alto Uruguai\",\"isPartOf\":{\"@id\":\"https:\\\/\\\/www.amau.com.br\\\/site\\\/#website\"},\"datePublished\":\"2017-04-27T04:55:34+00:00\",\"dateModified\":\"2025-02-12T18:15:37+00:00\",\"breadcrumb\":{\"@id\":\"https:\\\/\\\/www.amau.com.br\\\/site\\\/itatiba-do-sul\\\/#breadcrumb\"},\"inLanguage\":\"pt-BR\",\"potentialAction\":[{\"@type\":\"ReadAction\",\"target\":[\"https:\\\/\\\/www.amau.com.br\\\/site\\\/itatiba-do-sul\\\/\"]}]},{\"@type\":\"BreadcrumbList\",\"@id\":\"https:\\\/\\\/www.amau.com.br\\\/site\\\/itatiba-do-sul\\\/#breadcrumb\",\"itemListElement\":[{\"@type\":\"ListItem\",\"position\":1,\"name\":\"Home\",\"item\":\"https:\\\/\\\/www.amau.com.br\\\/site\\\/\"},{\"@type\":\"ListItem\",\"position\":2,\"name\":\"Itatiba do Sul\"}]},{\"@type\":\"WebSite\",\"@id\":\"https:\\\/\\\/www.amau.com.br\\\/site\\\/#website\",\"url\":\"https:\\\/\\\/www.amau.com.br\\\/site\\\/\",\"name\":\"AMAU - Associa\u00e7\u00e3o de Munic\u00edpios do Alto Uruguai\",\"description\":\"Construindo alternativas para o desenvolvimento.\",\"publisher\":{\"@id\":\"https:\\\/\\\/www.amau.com.br\\\/site\\\/#organization\"},\"potentialAction\":[{\"@type\":\"SearchAction\",\"target\":{\"@type\":\"EntryPoint\",\"urlTemplate\":\"https:\\\/\\\/www.amau.com.br\\\/site\\\/?s={search_term_string}\"},\"query-input\":{\"@type\":\"PropertyValueSpecification\",\"valueRequired\":true,\"valueName\":\"search_term_string\"}}],\"inLanguage\":\"pt-BR\"},{\"@type\":\"Organization\",\"@id\":\"https:\\\/\\\/www.amau.com.br\\\/site\\\/#organization\",\"name\":\"AMAU - Associa\u00e7\u00e3o de Munic\u00edpios do Alto Uruguai\",\"url\":\"https:\\\/\\\/www.amau.com.br\\\/site\\\/\",\"logo\":{\"@type\":\"ImageObject\",\"inLanguage\":\"pt-BR\",\"@id\":\"https:\\\/\\\/www.amau.com.br\\\/site\\\/#\\\/schema\\\/logo\\\/image\\\/\",\"url\":\"https:\\\/\\\/www.amau.com.br\\\/site\\\/wp-content\\\/uploads\\\/2017\\\/04\\\/cropped-Amau-Logos-Site-300-1.png\",\"contentUrl\":\"https:\\\/\\\/www.amau.com.br\\\/site\\\/wp-content\\\/uploads\\\/2017\\\/04\\\/cropped-Amau-Logos-Site-300-1.png\",\"width\":807,\"height\":221,\"caption\":\"AMAU - Associa\u00e7\u00e3o de Munic\u00edpios do Alto Uruguai\"},\"image\":{\"@id\":\"https:\\\/\\\/www.amau.com.br\\\/site\\\/#\\\/schema\\\/logo\\\/image\\\/\"},\"sameAs\":[\"http:\\\/\\\/www.facebook.com\\\/amauaaltouruguai\"]}]}<\/script>\n<!-- \/ Yoast SEO plugin. -->","yoast_head_json":{"title":"Itatiba do Sul - AMAU - Associa\u00e7\u00e3o de Munic\u00edpios do Alto Uruguai","robots":{"index":"index","follow":"follow","max-snippet":"max-snippet:-1","max-image-preview":"max-image-preview:large","max-video-preview":"max-video-preview:-1"},"canonical":"https:\/\/www.amau.com.br\/site\/itatiba-do-sul\/","og_locale":"pt_BR","og_type":"article","og_title":"Itatiba do Sul - AMAU - Associa\u00e7\u00e3o de Munic\u00edpios do Alto Uruguai","og_description":"Prefeito: VALDEMAR CIBULSKI (PT) Vice-Prefeito: CELIO FIABANI (PT) Endere\u00e7o: Avenida Antonio Angelo Tozzo, 845 CEP: 99.760-000 Telefone: (54) 3083-5040 \/ 5041 E-mail: itatibadosul@itatibadosul.rs.gov.br Site (Famurs): www.itatibadosul.famurs.com.br Site da Prefeitura:\u00a0https:\/\/www.itatibadosul.rs.gov.br\/ \u00c1rea:\u00a0212,121 km\u00b2 Estimativa Popula\u00e7\u00e3o [2022]:3.208 &nbsp; Dist\u00e2ncia de PoA: 407 Km Gent\u00edlico: Itatibense Hist\u00f3ria Itatiba do Sul, Itatiba = abund\u00e2ncia de pedra ou pedra branca. Em [&hellip;]","og_url":"https:\/\/www.amau.com.br\/site\/itatiba-do-sul\/","og_site_name":"AMAU - Associa\u00e7\u00e3o de Munic\u00edpios do Alto Uruguai","article_publisher":"http:\/\/www.facebook.com\/amauaaltouruguai","article_modified_time":"2025-02-12T18:15:37+00:00","twitter_card":"summary_large_image","twitter_misc":{"Est. tempo de leitura":"2 minutos"},"schema":{"@context":"https:\/\/schema.org","@graph":[{"@type":"WebPage","@id":"https:\/\/www.amau.com.br\/site\/itatiba-do-sul\/","url":"https:\/\/www.amau.com.br\/site\/itatiba-do-sul\/","name":"Itatiba do Sul - AMAU - Associa\u00e7\u00e3o de Munic\u00edpios do Alto Uruguai","isPartOf":{"@id":"https:\/\/www.amau.com.br\/site\/#website"},"datePublished":"2017-04-27T04:55:34+00:00","dateModified":"2025-02-12T18:15:37+00:00","breadcrumb":{"@id":"https:\/\/www.amau.com.br\/site\/itatiba-do-sul\/#breadcrumb"},"inLanguage":"pt-BR","potentialAction":[{"@type":"ReadAction","target":["https:\/\/www.amau.com.br\/site\/itatiba-do-sul\/"]}]},{"@type":"BreadcrumbList","@id":"https:\/\/www.amau.com.br\/site\/itatiba-do-sul\/#breadcrumb","itemListElement":[{"@type":"ListItem","position":1,"name":"Home","item":"https:\/\/www.amau.com.br\/site\/"},{"@type":"ListItem","position":2,"name":"Itatiba do Sul"}]},{"@type":"WebSite","@id":"https:\/\/www.amau.com.br\/site\/#website","url":"https:\/\/www.amau.com.br\/site\/","name":"AMAU - Associa\u00e7\u00e3o de Munic\u00edpios do Alto Uruguai","description":"Construindo alternativas para o desenvolvimento.","publisher":{"@id":"https:\/\/www.amau.com.br\/site\/#organization"},"potentialAction":[{"@type":"SearchAction","target":{"@type":"EntryPoint","urlTemplate":"https:\/\/www.amau.com.br\/site\/?s={search_term_string}"},"query-input":{"@type":"PropertyValueSpecification","valueRequired":true,"valueName":"search_term_string"}}],"inLanguage":"pt-BR"},{"@type":"Organization","@id":"https:\/\/www.amau.com.br\/site\/#organization","name":"AMAU - Associa\u00e7\u00e3o de Munic\u00edpios do Alto Uruguai","url":"https:\/\/www.amau.com.br\/site\/","logo":{"@type":"ImageObject","inLanguage":"pt-BR","@id":"https:\/\/www.amau.com.br\/site\/#\/schema\/logo\/image\/","url":"https:\/\/www.amau.com.br\/site\/wp-content\/uploads\/2017\/04\/cropped-Amau-Logos-Site-300-1.png","contentUrl":"https:\/\/www.amau.com.br\/site\/wp-content\/uploads\/2017\/04\/cropped-Amau-Logos-Site-300-1.png","width":807,"height":221,"caption":"AMAU - Associa\u00e7\u00e3o de Munic\u00edpios do Alto Uruguai"},"image":{"@id":"https:\/\/www.amau.com.br\/site\/#\/schema\/logo\/image\/"},"sameAs":["http:\/\/www.facebook.com\/amauaaltouruguai"]}]}},"_links":{"self":[{"href":"https:\/\/www.amau.com.br\/site\/wp-json\/wp\/v2\/pages\/1034","targetHints":{"allow":["GET"]}}],"collection":[{"href":"https:\/\/www.amau.com.br\/site\/wp-json\/wp\/v2\/pages"}],"about":[{"href":"https:\/\/www.amau.com.br\/site\/wp-json\/wp\/v2\/types\/page"}],"author":[{"embeddable":true,"href":"https:\/\/www.amau.com.br\/site\/wp-json\/wp\/v2\/users\/1"}],"replies":[{"embeddable":true,"href":"https:\/\/www.amau.com.br\/site\/wp-json\/wp\/v2\/comments?post=1034"}],"version-history":[{"count":0,"href":"https:\/\/www.amau.com.br\/site\/wp-json\/wp\/v2\/pages\/1034\/revisions"}],"wp:attachment":[{"href":"https:\/\/www.amau.com.br\/site\/wp-json\/wp\/v2\/media?parent=1034"}],"curies":[{"name":"wp","href":"https:\/\/api.w.org\/{rel}","templated":true}]}}