{"id":1018,"date":"2017-04-27T01:50:43","date_gmt":"2017-04-27T04:50:43","guid":{"rendered":"http:\/\/amau.com.br\/site\/?page_id=1018"},"modified":"2025-02-12T15:06:33","modified_gmt":"2025-02-12T18:06:33","slug":"erebango","status":"publish","type":"page","link":"https:\/\/www.amau.com.br\/site\/erebango\/","title":{"rendered":"Erebango"},"content":{"rendered":"<p><strong>Prefeito:<\/strong> <strong>VALMOR JOS\u00c9 TOMELERO (MDB)<\/strong><br \/>\n<strong>Vice-Prefeito: <\/strong>ALCINDO L. FERNANDES LEITE (PP)<\/p>\n<p><strong>Endere\u00e7o:<\/strong> Rua Olinda Watter, 137<br \/>\n<strong>CEP:<\/strong> 99.920-000<br \/>\n<strong>Telefone:<\/strong> (54) 3083-0387\/0388<br \/>\n<strong>Site (Famurs):<\/strong> <a href=\"http:\/\/www.erebango.famurs.com.br\/\">www.erebango.famurs.com.br<\/a><\/p>\n<p>Site Prefeitura:\u00a0<a href=\"https:\/\/www.erebango.rs.gov.br\/\">https:\/\/www.erebango.rs.gov.br\/<\/a><\/p>\n<p><strong>Funda\u00e7\u00e3o:\u00a0<\/strong>11 de abril de 1988<strong><br \/>\n\u00c1rea:<\/strong>\u00a0151,775 Km\u00b2<\/p>\n<p><strong><b>Estimativa Popula\u00e7\u00e3o [2022]:<\/b> 3.054<\/strong><\/p>\n<p><strong>Dist\u00e2ncia Erechim: <\/strong>25,3 km<br \/>\n<strong>Dist\u00e2ncia de PoA:<\/strong> 344 km<br \/>\nGent\u00edlico: Erebanguense<strong><br \/>\n<\/strong><\/p>\n<div id='gallery-1' class='gallery galleryid-1018 gallery-columns-3 gallery-size-thumbnail'><figure class='gallery-item'>\n\t\t\t<div class='gallery-icon landscape'>\n\t\t\t\t<a href='https:\/\/www.amau.com.br\/site\/wp-content\/uploads\/2017\/04\/Brazao_erebango.svg_.png'><img decoding=\"async\" width=\"150\" height=\"150\" src=\"https:\/\/www.amau.com.br\/site\/wp-content\/uploads\/2017\/04\/Brazao_erebango.svg_-150x150.png\" class=\"attachment-thumbnail size-thumbnail\" alt=\"\" aria-describedby=\"gallery-1-1741\" srcset=\"https:\/\/www.amau.com.br\/site\/wp-content\/uploads\/2017\/04\/Brazao_erebango.svg_-150x150.png 150w, https:\/\/www.amau.com.br\/site\/wp-content\/uploads\/2017\/04\/Brazao_erebango.svg_-300x300.png 300w, https:\/\/www.amau.com.br\/site\/wp-content\/uploads\/2017\/04\/Brazao_erebango.svg_-768x768.png 768w, https:\/\/www.amau.com.br\/site\/wp-content\/uploads\/2017\/04\/Brazao_erebango.svg_-30x30.png 30w, https:\/\/www.amau.com.br\/site\/wp-content\/uploads\/2017\/04\/Brazao_erebango.svg_-230x230.png 230w, https:\/\/www.amau.com.br\/site\/wp-content\/uploads\/2017\/04\/Brazao_erebango.svg_-365x365.png 365w, https:\/\/www.amau.com.br\/site\/wp-content\/uploads\/2017\/04\/Brazao_erebango.svg_-50x50.png 50w, https:\/\/www.amau.com.br\/site\/wp-content\/uploads\/2017\/04\/Brazao_erebango.svg_.png 800w\" sizes=\"(max-width: 150px) 100vw, 150px\" \/><\/a>\n\t\t\t<\/div>\n\t\t\t\t<figcaption class='wp-caption-text gallery-caption' id='gallery-1-1741'>\n\t\t\t\tBras\u00e3o\n\t\t\t\t<\/figcaption><\/figure>\n\t\t<\/div>\n\n<p style=\"text-align: justify;\"><strong>Hist\u00f3ria<\/strong><\/p>\n<div id=\"article\" style=\"text-align: justify;\">\n<div id=\"container-article\">\n<div id=\"programacao\">\n<div class=\"conteudo-ajax\">\n<p>Get\u00falio Vargas era dividido em cinco distritos entre os quais, Erebango, Ipiranga, Esta\u00e7\u00e3o Get\u00falio Vargas, Floriano Peixoto,Souza Ramos. No ano de 1979, ocorreram diversos rumores, boatos de que Esta\u00e7\u00e3o Get\u00falio Vargas pretendia formar novo munic\u00edpio, desmembrando-se de Get\u00falio Vargas em cuja \u00e1rea emancipada ficaria tamb\u00e9m as \u00e1reas dos distritos de Erebango e Ipiranga.<br \/>\nDesta data at\u00e9 meados de 1981, os rumores n\u00e3o se confirmaram.<br \/>\nEntrevistado o Senhor Paulo L.Dreier, que na \u00e9poca era Presidente da C\u00e2mara de Vereadores de Get\u00falio Vargas, rememorou os acontecimentos vivenciados por ele: Mediante os boatos que novamente surgiram, formou-se uma comiss\u00e3o integrada pelo Prefeito na \u00e9poca Darcy Jos\u00e9 Per\u00fazzolo, Vice-prefeito Bruno Valdo Klein, Presidente do Partido da Arena, Sr.Clovis Valadares e o Presidente da C\u00e2mara de Vereadores, Paulo L.Dreier, que foi a Porto Alegre para, na Assembl\u00e9ia Legislativa verificar os fatos reais sobre o assunto. Na Comiss\u00e3o de Constitui\u00e7\u00e3o e Justi\u00e7a foram lhes apresentados documentos datados desde 6 de novembro de 1979 que comprovavam realmente todos os rumores sobre a emancipa\u00e7\u00e3o de Esta\u00e7\u00e3o Get\u00falio Vargas. (not\u00edcia do jornal do Paulo)<\/p>\n<p>No regresso a Erebango, realizou-se uma reuni\u00e3o aberta a toda a popula\u00e7\u00e3o erebanguense no Clube Uni\u00e3o para registrar o protesto e a disposi\u00e7\u00e3o de n\u00e3o fazer parte do novo munic\u00edpio, uma vez que Erebango sempre teve representantes na Administra\u00e7\u00e3o de Get\u00falio Vargas, tendo suas reivindica\u00e7\u00f5es e pedidos sempre atendidos, estando decididos a continuar vinculados ao Munic\u00edpio de Get\u00falio Vargas. Se o fato de consumasse, em protesto Erebango faria um movimento para pertencer ao Munic\u00edpio de Erechim.<br \/>\nPor um per\u00edodo os rumores se aquietaram uma vez que nenhum dos distritos de Get\u00falio Vargas, atingiam a exig\u00eancia legal quanto a popula\u00e7\u00e3o, arrecada\u00e7\u00e3o e outros itens para tornar-se munic\u00edpio.<br \/>\nFoi total a surpresa quando do conhecimento da Lei Estadual n\u00ba 8253 de 12 de novembro de 1986, que autorizou a consulta plebiscit\u00e1ria para a cria\u00e7\u00e3o no novo Munic\u00edpio de Esta\u00e7\u00e3o.<br \/>\nMovimentaram-se outra vez os l\u00edderes dos distritos de Ipiranga e Erebango, fazendo assembl\u00e9ias, comiss\u00f5es e abaixo-assinados entre a popula\u00e7\u00e3o sempre contr\u00e1rios a fazer parte do novo Munic\u00edpio. Tanto Erebango quanto Ipiranga nomearam atrav\u00e9s de procura\u00e7\u00e3o o bacharel Oscar Breno Stahnke para represent\u00e1-los quanto ao pedido de arg\u00fci\u00e7\u00e3o de inconstitucionalidade da referida Lei. (abaixo assinados com total de assinaturas)<br \/>\nNo in\u00edcio do ano de 1987, \u00e0s v\u00e9speras da campanha pol\u00edtica da administra\u00e7\u00e3o municipal de Get\u00falio Vargas, continuavam diverg\u00eancias e atritos partid\u00e1rios entre os pol\u00edticos dos distritos . Para ocorrer uma concilia\u00e7\u00e3o ou um acordo que ficasse a contento de todos, o deputado H\u00e9lio Musskopf, Presidente da Comiss\u00e3o de Estudos Municipais, acompanhado pelo Deputado Antonio Lorenzi sugeriram que houvesse a emancipa\u00e7\u00e3o dos tr\u00eas distritos, cada qual com sua \u00e1rea e para tanto apresentaram proposta a Assembl\u00e9ia Legislativa, que na \u00e9poca era presidida pelo Deputados Algir Lorenzon.<\/p>\n<p>Os tr\u00eas distritos, surpresos com a proposta, mas de certa forma satisfeitos, organizaram suas Comiss\u00f5es de Emancipa\u00e7\u00e3o e demais documentos para solicitar os plebiscitos. A documenta\u00e7\u00e3o entregue em tempo h\u00e1bil, devido a elei\u00e7\u00e3o que se aproximava, foi avaliada e aprovada e a autoriza\u00e7\u00e3o para a consulta a popula\u00e7\u00e3o quanto ao desejo de emancipar os distritos foi contemplada em Erebango pela Lei n\u00ba 8.368 de 29 de setembro de 1987.<\/p>\n<\/div>\n<\/div>\n<\/div>\n<\/div>\n<p style=\"text-align: justify;\"><strong>\u00a0<\/strong><\/p>\n","protected":false},"excerpt":{"rendered":"<p>Prefeito: VALMOR JOS\u00c9 TOMELERO (MDB) Vice-Prefeito: ALCINDO L. FERNANDES LEITE (PP) Endere\u00e7o: Rua Olinda Watter, 137 CEP: 99.920-000 Telefone: (54) 3083-0387\/0388 Site (Famurs): www.erebango.famurs.com.br Site Prefeitura:\u00a0https:\/\/www.erebango.rs.gov.br\/ Funda\u00e7\u00e3o:\u00a011 de abril de 1988 \u00c1rea:\u00a0151,775 Km\u00b2 Estimativa Popula\u00e7\u00e3o [2022]: 3.054 Dist\u00e2ncia Erechim: 25,3 km Dist\u00e2ncia de PoA: 344 km Gent\u00edlico: Erebanguense Hist\u00f3ria Get\u00falio Vargas era dividido em cinco [&hellip;]<\/p>\n","protected":false},"author":1,"featured_media":0,"parent":0,"menu_order":0,"comment_status":"closed","ping_status":"closed","template":"","meta":{"ocean_post_layout":"","ocean_both_sidebars_style":"","ocean_both_sidebars_content_width":0,"ocean_both_sidebars_sidebars_width":0,"ocean_sidebar":"0","ocean_second_sidebar":"0","ocean_disable_margins":"enable","ocean_add_body_class":"","ocean_shortcode_before_top_bar":"","ocean_shortcode_after_top_bar":"","ocean_shortcode_before_header":"","ocean_shortcode_after_header":"","ocean_has_shortcode":"","ocean_shortcode_after_title":"","ocean_shortcode_before_footer_widgets":"","ocean_shortcode_after_footer_widgets":"","ocean_shortcode_before_footer_bottom":"","ocean_shortcode_after_footer_bottom":"","ocean_display_top_bar":"default","ocean_display_header":"default","ocean_header_style":"","ocean_center_header_left_menu":"0","ocean_custom_header_template":"0","ocean_custom_logo":0,"ocean_custom_retina_logo":0,"ocean_custom_logo_max_width":0,"ocean_custom_logo_tablet_max_width":0,"ocean_custom_logo_mobile_max_width":0,"ocean_custom_logo_max_height":0,"ocean_custom_logo_tablet_max_height":0,"ocean_custom_logo_mobile_max_height":0,"ocean_header_custom_menu":"0","ocean_menu_typo_font_family":"0","ocean_menu_typo_font_subset":"","ocean_menu_typo_font_size":0,"ocean_menu_typo_font_size_tablet":0,"ocean_menu_typo_font_size_mobile":0,"ocean_menu_typo_font_size_unit":"px","ocean_menu_typo_font_weight":"","ocean_menu_typo_font_weight_tablet":"","ocean_menu_typo_font_weight_mobile":"","ocean_menu_typo_transform":"","ocean_menu_typo_transform_tablet":"","ocean_menu_typo_transform_mobile":"","ocean_menu_typo_line_height":0,"ocean_menu_typo_line_height_tablet":0,"ocean_menu_typo_line_height_mobile":0,"ocean_menu_typo_line_height_unit":"","ocean_menu_typo_spacing":0,"ocean_menu_typo_spacing_tablet":0,"ocean_menu_typo_spacing_mobile":0,"ocean_menu_typo_spacing_unit":"","ocean_menu_link_color":"","ocean_menu_link_color_hover":"","ocean_menu_link_color_active":"","ocean_menu_link_background":"","ocean_menu_link_hover_background":"","ocean_menu_link_active_background":"","ocean_menu_social_links_bg":"","ocean_menu_social_hover_links_bg":"","ocean_menu_social_links_color":"","ocean_menu_social_hover_links_color":"","ocean_disable_title":"default","ocean_disable_heading":"default","ocean_post_title":"","ocean_post_subheading":"","ocean_post_title_style":"","ocean_post_title_background_color":"","ocean_post_title_background":0,"ocean_post_title_bg_image_position":"","ocean_post_title_bg_image_attachment":"","ocean_post_title_bg_image_repeat":"","ocean_post_title_bg_image_size":"","ocean_post_title_height":0,"ocean_post_title_bg_overlay":0.5,"ocean_post_title_bg_overlay_color":"","ocean_disable_breadcrumbs":"default","ocean_breadcrumbs_color":"","ocean_breadcrumbs_separator_color":"","ocean_breadcrumbs_links_color":"","ocean_breadcrumbs_links_hover_color":"","ocean_display_footer_widgets":"default","ocean_display_footer_bottom":"default","ocean_custom_footer_template":"0","footnotes":""},"class_list":["post-1018","page","type-page","status-publish","hentry","entry"],"yoast_head":"<!-- This site is optimized with the Yoast SEO plugin v27.4 - https:\/\/yoast.com\/product\/yoast-seo-wordpress\/ -->\n<title>Erebango - AMAU - Associa\u00e7\u00e3o de Munic\u00edpios do Alto Uruguai<\/title>\n<meta name=\"robots\" content=\"index, follow, max-snippet:-1, max-image-preview:large, max-video-preview:-1\" \/>\n<link rel=\"canonical\" href=\"https:\/\/www.amau.com.br\/site\/erebango\/\" \/>\n<meta property=\"og:locale\" content=\"pt_BR\" \/>\n<meta property=\"og:type\" content=\"article\" \/>\n<meta property=\"og:title\" content=\"Erebango - AMAU - Associa\u00e7\u00e3o de Munic\u00edpios do Alto Uruguai\" \/>\n<meta property=\"og:description\" content=\"Prefeito: VALMOR JOS\u00c9 TOMELERO (MDB) Vice-Prefeito: ALCINDO L. FERNANDES LEITE (PP) Endere\u00e7o: Rua Olinda Watter, 137 CEP: 99.920-000 Telefone: (54) 3083-0387\/0388 Site (Famurs): www.erebango.famurs.com.br Site Prefeitura:\u00a0https:\/\/www.erebango.rs.gov.br\/ Funda\u00e7\u00e3o:\u00a011 de abril de 1988 \u00c1rea:\u00a0151,775 Km\u00b2 Estimativa Popula\u00e7\u00e3o [2022]: 3.054 Dist\u00e2ncia Erechim: 25,3 km Dist\u00e2ncia de PoA: 344 km Gent\u00edlico: Erebanguense Hist\u00f3ria Get\u00falio Vargas era dividido em cinco [&hellip;]\" \/>\n<meta property=\"og:url\" content=\"https:\/\/www.amau.com.br\/site\/erebango\/\" \/>\n<meta property=\"og:site_name\" content=\"AMAU - Associa\u00e7\u00e3o de Munic\u00edpios do Alto Uruguai\" \/>\n<meta property=\"article:publisher\" content=\"http:\/\/www.facebook.com\/amauaaltouruguai\" \/>\n<meta property=\"article:modified_time\" content=\"2025-02-12T18:06:33+00:00\" \/>\n<meta property=\"og:image\" content=\"https:\/\/www.amau.com.br\/site\/wp-content\/uploads\/2017\/04\/Brazao_erebango.svg_-150x150.png\" \/>\n<meta name=\"twitter:card\" content=\"summary_large_image\" \/>\n<meta name=\"twitter:label1\" content=\"Est. tempo de leitura\" \/>\n\t<meta name=\"twitter:data1\" content=\"4 minutos\" \/>\n<script type=\"application\/ld+json\" class=\"yoast-schema-graph\">{\"@context\":\"https:\\\/\\\/schema.org\",\"@graph\":[{\"@type\":\"WebPage\",\"@id\":\"https:\\\/\\\/www.amau.com.br\\\/site\\\/erebango\\\/\",\"url\":\"https:\\\/\\\/www.amau.com.br\\\/site\\\/erebango\\\/\",\"name\":\"Erebango - AMAU - Associa\u00e7\u00e3o de Munic\u00edpios do Alto Uruguai\",\"isPartOf\":{\"@id\":\"https:\\\/\\\/www.amau.com.br\\\/site\\\/#website\"},\"datePublished\":\"2017-04-27T04:50:43+00:00\",\"dateModified\":\"2025-02-12T18:06:33+00:00\",\"breadcrumb\":{\"@id\":\"https:\\\/\\\/www.amau.com.br\\\/site\\\/erebango\\\/#breadcrumb\"},\"inLanguage\":\"pt-BR\",\"potentialAction\":[{\"@type\":\"ReadAction\",\"target\":[\"https:\\\/\\\/www.amau.com.br\\\/site\\\/erebango\\\/\"]}]},{\"@type\":\"BreadcrumbList\",\"@id\":\"https:\\\/\\\/www.amau.com.br\\\/site\\\/erebango\\\/#breadcrumb\",\"itemListElement\":[{\"@type\":\"ListItem\",\"position\":1,\"name\":\"Home\",\"item\":\"https:\\\/\\\/www.amau.com.br\\\/site\\\/\"},{\"@type\":\"ListItem\",\"position\":2,\"name\":\"Erebango\"}]},{\"@type\":\"WebSite\",\"@id\":\"https:\\\/\\\/www.amau.com.br\\\/site\\\/#website\",\"url\":\"https:\\\/\\\/www.amau.com.br\\\/site\\\/\",\"name\":\"AMAU - Associa\u00e7\u00e3o de Munic\u00edpios do Alto Uruguai\",\"description\":\"Construindo alternativas para o desenvolvimento.\",\"publisher\":{\"@id\":\"https:\\\/\\\/www.amau.com.br\\\/site\\\/#organization\"},\"potentialAction\":[{\"@type\":\"SearchAction\",\"target\":{\"@type\":\"EntryPoint\",\"urlTemplate\":\"https:\\\/\\\/www.amau.com.br\\\/site\\\/?s={search_term_string}\"},\"query-input\":{\"@type\":\"PropertyValueSpecification\",\"valueRequired\":true,\"valueName\":\"search_term_string\"}}],\"inLanguage\":\"pt-BR\"},{\"@type\":\"Organization\",\"@id\":\"https:\\\/\\\/www.amau.com.br\\\/site\\\/#organization\",\"name\":\"AMAU - Associa\u00e7\u00e3o de Munic\u00edpios do Alto Uruguai\",\"url\":\"https:\\\/\\\/www.amau.com.br\\\/site\\\/\",\"logo\":{\"@type\":\"ImageObject\",\"inLanguage\":\"pt-BR\",\"@id\":\"https:\\\/\\\/www.amau.com.br\\\/site\\\/#\\\/schema\\\/logo\\\/image\\\/\",\"url\":\"https:\\\/\\\/www.amau.com.br\\\/site\\\/wp-content\\\/uploads\\\/2017\\\/04\\\/cropped-Amau-Logos-Site-300-1.png\",\"contentUrl\":\"https:\\\/\\\/www.amau.com.br\\\/site\\\/wp-content\\\/uploads\\\/2017\\\/04\\\/cropped-Amau-Logos-Site-300-1.png\",\"width\":807,\"height\":221,\"caption\":\"AMAU - Associa\u00e7\u00e3o de Munic\u00edpios do Alto Uruguai\"},\"image\":{\"@id\":\"https:\\\/\\\/www.amau.com.br\\\/site\\\/#\\\/schema\\\/logo\\\/image\\\/\"},\"sameAs\":[\"http:\\\/\\\/www.facebook.com\\\/amauaaltouruguai\"]}]}<\/script>\n<!-- \/ Yoast SEO plugin. -->","yoast_head_json":{"title":"Erebango - AMAU - Associa\u00e7\u00e3o de Munic\u00edpios do Alto Uruguai","robots":{"index":"index","follow":"follow","max-snippet":"max-snippet:-1","max-image-preview":"max-image-preview:large","max-video-preview":"max-video-preview:-1"},"canonical":"https:\/\/www.amau.com.br\/site\/erebango\/","og_locale":"pt_BR","og_type":"article","og_title":"Erebango - AMAU - Associa\u00e7\u00e3o de Munic\u00edpios do Alto Uruguai","og_description":"Prefeito: VALMOR JOS\u00c9 TOMELERO (MDB) Vice-Prefeito: ALCINDO L. FERNANDES LEITE (PP) Endere\u00e7o: Rua Olinda Watter, 137 CEP: 99.920-000 Telefone: (54) 3083-0387\/0388 Site (Famurs): www.erebango.famurs.com.br Site Prefeitura:\u00a0https:\/\/www.erebango.rs.gov.br\/ Funda\u00e7\u00e3o:\u00a011 de abril de 1988 \u00c1rea:\u00a0151,775 Km\u00b2 Estimativa Popula\u00e7\u00e3o [2022]: 3.054 Dist\u00e2ncia Erechim: 25,3 km Dist\u00e2ncia de PoA: 344 km Gent\u00edlico: Erebanguense Hist\u00f3ria Get\u00falio Vargas era dividido em cinco [&hellip;]","og_url":"https:\/\/www.amau.com.br\/site\/erebango\/","og_site_name":"AMAU - Associa\u00e7\u00e3o de Munic\u00edpios do Alto Uruguai","article_publisher":"http:\/\/www.facebook.com\/amauaaltouruguai","article_modified_time":"2025-02-12T18:06:33+00:00","og_image":[{"url":"https:\/\/www.amau.com.br\/site\/wp-content\/uploads\/2017\/04\/Brazao_erebango.svg_-150x150.png","type":"","width":"","height":""}],"twitter_card":"summary_large_image","twitter_misc":{"Est. tempo de leitura":"4 minutos"},"schema":{"@context":"https:\/\/schema.org","@graph":[{"@type":"WebPage","@id":"https:\/\/www.amau.com.br\/site\/erebango\/","url":"https:\/\/www.amau.com.br\/site\/erebango\/","name":"Erebango - AMAU - Associa\u00e7\u00e3o de Munic\u00edpios do Alto Uruguai","isPartOf":{"@id":"https:\/\/www.amau.com.br\/site\/#website"},"datePublished":"2017-04-27T04:50:43+00:00","dateModified":"2025-02-12T18:06:33+00:00","breadcrumb":{"@id":"https:\/\/www.amau.com.br\/site\/erebango\/#breadcrumb"},"inLanguage":"pt-BR","potentialAction":[{"@type":"ReadAction","target":["https:\/\/www.amau.com.br\/site\/erebango\/"]}]},{"@type":"BreadcrumbList","@id":"https:\/\/www.amau.com.br\/site\/erebango\/#breadcrumb","itemListElement":[{"@type":"ListItem","position":1,"name":"Home","item":"https:\/\/www.amau.com.br\/site\/"},{"@type":"ListItem","position":2,"name":"Erebango"}]},{"@type":"WebSite","@id":"https:\/\/www.amau.com.br\/site\/#website","url":"https:\/\/www.amau.com.br\/site\/","name":"AMAU - Associa\u00e7\u00e3o de Munic\u00edpios do Alto Uruguai","description":"Construindo alternativas para o desenvolvimento.","publisher":{"@id":"https:\/\/www.amau.com.br\/site\/#organization"},"potentialAction":[{"@type":"SearchAction","target":{"@type":"EntryPoint","urlTemplate":"https:\/\/www.amau.com.br\/site\/?s={search_term_string}"},"query-input":{"@type":"PropertyValueSpecification","valueRequired":true,"valueName":"search_term_string"}}],"inLanguage":"pt-BR"},{"@type":"Organization","@id":"https:\/\/www.amau.com.br\/site\/#organization","name":"AMAU - Associa\u00e7\u00e3o de Munic\u00edpios do Alto Uruguai","url":"https:\/\/www.amau.com.br\/site\/","logo":{"@type":"ImageObject","inLanguage":"pt-BR","@id":"https:\/\/www.amau.com.br\/site\/#\/schema\/logo\/image\/","url":"https:\/\/www.amau.com.br\/site\/wp-content\/uploads\/2017\/04\/cropped-Amau-Logos-Site-300-1.png","contentUrl":"https:\/\/www.amau.com.br\/site\/wp-content\/uploads\/2017\/04\/cropped-Amau-Logos-Site-300-1.png","width":807,"height":221,"caption":"AMAU - Associa\u00e7\u00e3o de Munic\u00edpios do Alto Uruguai"},"image":{"@id":"https:\/\/www.amau.com.br\/site\/#\/schema\/logo\/image\/"},"sameAs":["http:\/\/www.facebook.com\/amauaaltouruguai"]}]}},"_links":{"self":[{"href":"https:\/\/www.amau.com.br\/site\/wp-json\/wp\/v2\/pages\/1018","targetHints":{"allow":["GET"]}}],"collection":[{"href":"https:\/\/www.amau.com.br\/site\/wp-json\/wp\/v2\/pages"}],"about":[{"href":"https:\/\/www.amau.com.br\/site\/wp-json\/wp\/v2\/types\/page"}],"author":[{"embeddable":true,"href":"https:\/\/www.amau.com.br\/site\/wp-json\/wp\/v2\/users\/1"}],"replies":[{"embeddable":true,"href":"https:\/\/www.amau.com.br\/site\/wp-json\/wp\/v2\/comments?post=1018"}],"version-history":[{"count":0,"href":"https:\/\/www.amau.com.br\/site\/wp-json\/wp\/v2\/pages\/1018\/revisions"}],"wp:attachment":[{"href":"https:\/\/www.amau.com.br\/site\/wp-json\/wp\/v2\/media?parent=1018"}],"curies":[{"name":"wp","href":"https:\/\/api.w.org\/{rel}","templated":true}]}}