{"id":1016,"date":"2017-04-27T01:50:16","date_gmt":"2017-04-27T04:50:16","guid":{"rendered":"http:\/\/amau.com.br\/site\/?page_id=1016"},"modified":"2025-01-17T13:57:11","modified_gmt":"2025-01-17T16:57:11","slug":"entre-rios-sul","status":"publish","type":"page","link":"https:\/\/www.amau.com.br\/site\/entre-rios-sul\/","title":{"rendered":"Entre Rios do Sul"},"content":{"rendered":"<div>\n<p><strong>Prefeito:<\/strong> IRSON MILANI (PT)<\/p>\n<p><strong>Vice-Prefeito:<\/strong> RODRIGO OLIBONI (PSDB)<\/p>\n<p><strong>Endere\u00e7o:<\/strong> Avenida Danilo Lorenzi, 585<br \/>\n<strong>CEP:<\/strong> 99.645-000<br \/>\n<strong>Telefone:<\/strong> (54) 3544-1085<br \/>\n<strong>Site (Famurs):<\/strong> <a href=\"http:\/\/www.entreriosdosul.famurs.com.br\/\">www.entreriosdosul.famurs.com.br<\/a><\/p>\n<p><strong>Site Prefeitura<\/strong>:\u00a0<a href=\"https:\/\/www.entreriosdosul.rs.gov.br\/\">https:\/\/www.entreriosdosul.rs.gov.br\/<\/a><\/p>\n<p style=\"text-align: justify;\"><strong>Funda\u00e7\u00e3o:\u00a0<\/strong>5 de setembro de 1988<strong><br \/>\n<\/strong><strong>Gent\u00edlico:<\/strong> Entreriossulense<strong><br \/>\n\u00c1rea:<\/strong>\u00a0120,444 km\u00b2<\/p>\n<p><strong><b>Estimativa Popula\u00e7\u00e3o [2022]:<\/b> 2.685<\/strong><\/p>\n<p>&nbsp;<\/p>\n<p style=\"text-align: justify;\"><strong>Dist\u00e2ncia de Erechim:\u00a0<\/strong>60 km<\/p>\n<p style=\"text-align: justify;\"><strong>Dist\u00e2ncia de PoA:<\/strong> 425 km<\/p>\n<div id='gallery-1' class='gallery galleryid-1016 gallery-columns-3 gallery-size-thumbnail'><figure class='gallery-item'>\n\t\t\t<div class='gallery-icon portrait'>\n\t\t\t\t<a href='https:\/\/www.amau.com.br\/site\/wp-content\/uploads\/2017\/04\/Bras\u00e3o_Entre_Rios_do_Sul.jpg'><img decoding=\"async\" width=\"150\" height=\"150\" src=\"https:\/\/www.amau.com.br\/site\/wp-content\/uploads\/2017\/04\/Bras\u00e3o_Entre_Rios_do_Sul-150x150.jpg\" class=\"attachment-thumbnail size-thumbnail\" alt=\"\" aria-describedby=\"gallery-1-1735\" srcset=\"https:\/\/www.amau.com.br\/site\/wp-content\/uploads\/2017\/04\/Bras\u00e3o_Entre_Rios_do_Sul-150x150.jpg 150w, https:\/\/www.amau.com.br\/site\/wp-content\/uploads\/2017\/04\/Bras\u00e3o_Entre_Rios_do_Sul-230x230.jpg 230w, https:\/\/www.amau.com.br\/site\/wp-content\/uploads\/2017\/04\/Bras\u00e3o_Entre_Rios_do_Sul-50x50.jpg 50w\" sizes=\"(max-width: 150px) 100vw, 150px\" \/><\/a>\n\t\t\t<\/div>\n\t\t\t\t<figcaption class='wp-caption-text gallery-caption' id='gallery-1-1735'>\n\t\t\t\tBras\u00e3o\n\t\t\t\t<\/figcaption><\/figure>\n\t\t<\/div>\n\n<p style=\"text-align: justify;\"><strong>Hist\u00f3ria<br \/>\n<\/strong><\/p>\n<\/div>\n<p style=\"text-align: justify;\">Entre Rios do Sul, j\u00e1 foi chamada de Vila Alegre em 1959, quando os funcion\u00e1rios da Cia Estadual de Energia El\u00e9trica CEEE, realizavam levantamento da \u00e1rea. Eram os primeiros passos para a implanta\u00e7\u00e3o da Usina Hidrel\u00e9trica do rio Passo Fundo. A partir da\u00ed ergue-se a primeira escola, a capela.<strong><br \/>\n<\/strong><\/p>\n<div id=\"article\" style=\"text-align: justify;\">\n<div id=\"container-article\">\n<div id=\"programacao\">\n<div class=\"conteudo-ajax\">\n<p>Em 1963 pelo Decreto n\u00ba 067, foi criado o 4\u00ba Distrito de S\u00e3o Valentim, Vila Alegre, j\u00e1 considerando-se o crescimento demogr\u00e1fico da regi\u00e3o.<br \/>\nE, somente em 09 de maio de 1988, sob a Lei Estadual n\u00ba 8.614, criou-se o munic\u00edpio de Entre Rios do Sul.<\/p>\n<p>\u00c9 conhecido como a &#8220;Capital Nacional da Moton\u00e1utica&#8221;, pois todo ano acontecem corridas aqu\u00e1ticas do g\u00eanero na cidade.<\/p>\n<\/div>\n<\/div>\n<\/div>\n<\/div>\n<p style=\"text-align: justify;\"><strong>\u00a0<\/strong><\/p>\n","protected":false},"excerpt":{"rendered":"<p>Prefeito: IRSON MILANI (PT) Vice-Prefeito: RODRIGO OLIBONI (PSDB) Endere\u00e7o: Avenida Danilo Lorenzi, 585 CEP: 99.645-000 Telefone: (54) 3544-1085 Site (Famurs): www.entreriosdosul.famurs.com.br Site Prefeitura:\u00a0https:\/\/www.entreriosdosul.rs.gov.br\/ Funda\u00e7\u00e3o:\u00a05 de setembro de 1988 Gent\u00edlico: Entreriossulense \u00c1rea:\u00a0120,444 km\u00b2 Estimativa Popula\u00e7\u00e3o [2022]: 2.685 &nbsp; Dist\u00e2ncia de Erechim:\u00a060 km Dist\u00e2ncia de PoA: 425 km Hist\u00f3ria Entre Rios do Sul, j\u00e1 foi chamada de [&hellip;]<\/p>\n","protected":false},"author":1,"featured_media":0,"parent":0,"menu_order":0,"comment_status":"closed","ping_status":"closed","template":"","meta":{"ocean_post_layout":"","ocean_both_sidebars_style":"","ocean_both_sidebars_content_width":0,"ocean_both_sidebars_sidebars_width":0,"ocean_sidebar":"0","ocean_second_sidebar":"0","ocean_disable_margins":"enable","ocean_add_body_class":"","ocean_shortcode_before_top_bar":"","ocean_shortcode_after_top_bar":"","ocean_shortcode_before_header":"","ocean_shortcode_after_header":"","ocean_has_shortcode":"","ocean_shortcode_after_title":"","ocean_shortcode_before_footer_widgets":"","ocean_shortcode_after_footer_widgets":"","ocean_shortcode_before_footer_bottom":"","ocean_shortcode_after_footer_bottom":"","ocean_display_top_bar":"default","ocean_display_header":"default","ocean_header_style":"","ocean_center_header_left_menu":"0","ocean_custom_header_template":"0","ocean_custom_logo":0,"ocean_custom_retina_logo":0,"ocean_custom_logo_max_width":0,"ocean_custom_logo_tablet_max_width":0,"ocean_custom_logo_mobile_max_width":0,"ocean_custom_logo_max_height":0,"ocean_custom_logo_tablet_max_height":0,"ocean_custom_logo_mobile_max_height":0,"ocean_header_custom_menu":"0","ocean_menu_typo_font_family":"0","ocean_menu_typo_font_subset":"","ocean_menu_typo_font_size":0,"ocean_menu_typo_font_size_tablet":0,"ocean_menu_typo_font_size_mobile":0,"ocean_menu_typo_font_size_unit":"px","ocean_menu_typo_font_weight":"","ocean_menu_typo_font_weight_tablet":"","ocean_menu_typo_font_weight_mobile":"","ocean_menu_typo_transform":"","ocean_menu_typo_transform_tablet":"","ocean_menu_typo_transform_mobile":"","ocean_menu_typo_line_height":0,"ocean_menu_typo_line_height_tablet":0,"ocean_menu_typo_line_height_mobile":0,"ocean_menu_typo_line_height_unit":"","ocean_menu_typo_spacing":0,"ocean_menu_typo_spacing_tablet":0,"ocean_menu_typo_spacing_mobile":0,"ocean_menu_typo_spacing_unit":"","ocean_menu_link_color":"","ocean_menu_link_color_hover":"","ocean_menu_link_color_active":"","ocean_menu_link_background":"","ocean_menu_link_hover_background":"","ocean_menu_link_active_background":"","ocean_menu_social_links_bg":"","ocean_menu_social_hover_links_bg":"","ocean_menu_social_links_color":"","ocean_menu_social_hover_links_color":"","ocean_disable_title":"default","ocean_disable_heading":"default","ocean_post_title":"","ocean_post_subheading":"","ocean_post_title_style":"","ocean_post_title_background_color":"","ocean_post_title_background":0,"ocean_post_title_bg_image_position":"","ocean_post_title_bg_image_attachment":"","ocean_post_title_bg_image_repeat":"","ocean_post_title_bg_image_size":"","ocean_post_title_height":0,"ocean_post_title_bg_overlay":0.5,"ocean_post_title_bg_overlay_color":"","ocean_disable_breadcrumbs":"default","ocean_breadcrumbs_color":"","ocean_breadcrumbs_separator_color":"","ocean_breadcrumbs_links_color":"","ocean_breadcrumbs_links_hover_color":"","ocean_display_footer_widgets":"default","ocean_display_footer_bottom":"default","ocean_custom_footer_template":"0","footnotes":""},"class_list":["post-1016","page","type-page","status-publish","hentry","entry"],"yoast_head":"<!-- This site is optimized with the Yoast SEO plugin v27.4 - https:\/\/yoast.com\/product\/yoast-seo-wordpress\/ -->\n<title>Entre Rios do Sul - AMAU - Associa\u00e7\u00e3o de Munic\u00edpios do Alto Uruguai<\/title>\n<meta name=\"robots\" content=\"index, follow, max-snippet:-1, max-image-preview:large, max-video-preview:-1\" \/>\n<link rel=\"canonical\" href=\"https:\/\/www.amau.com.br\/site\/entre-rios-sul\/\" \/>\n<meta property=\"og:locale\" content=\"pt_BR\" \/>\n<meta property=\"og:type\" content=\"article\" \/>\n<meta property=\"og:title\" content=\"Entre Rios do Sul - AMAU - Associa\u00e7\u00e3o de Munic\u00edpios do Alto Uruguai\" \/>\n<meta property=\"og:description\" content=\"Prefeito: IRSON MILANI (PT) Vice-Prefeito: RODRIGO OLIBONI (PSDB) Endere\u00e7o: Avenida Danilo Lorenzi, 585 CEP: 99.645-000 Telefone: (54) 3544-1085 Site (Famurs): www.entreriosdosul.famurs.com.br Site Prefeitura:\u00a0https:\/\/www.entreriosdosul.rs.gov.br\/ Funda\u00e7\u00e3o:\u00a05 de setembro de 1988 Gent\u00edlico: Entreriossulense \u00c1rea:\u00a0120,444 km\u00b2 Estimativa Popula\u00e7\u00e3o [2022]: 2.685 &nbsp; Dist\u00e2ncia de Erechim:\u00a060 km Dist\u00e2ncia de PoA: 425 km Hist\u00f3ria Entre Rios do Sul, j\u00e1 foi chamada de [&hellip;]\" \/>\n<meta property=\"og:url\" content=\"https:\/\/www.amau.com.br\/site\/entre-rios-sul\/\" \/>\n<meta property=\"og:site_name\" content=\"AMAU - Associa\u00e7\u00e3o de Munic\u00edpios do Alto Uruguai\" \/>\n<meta property=\"article:publisher\" content=\"http:\/\/www.facebook.com\/amauaaltouruguai\" \/>\n<meta property=\"article:modified_time\" content=\"2025-01-17T16:57:11+00:00\" \/>\n<meta property=\"og:image\" content=\"https:\/\/www.amau.com.br\/site\/wp-content\/uploads\/2017\/04\/Bras\u00e3o_Entre_Rios_do_Sul-150x150.jpg\" \/>\n<meta name=\"twitter:card\" content=\"summary_large_image\" \/>\n<meta name=\"twitter:label1\" content=\"Est. tempo de leitura\" \/>\n\t<meta name=\"twitter:data1\" content=\"1 minuto\" \/>\n<script type=\"application\/ld+json\" class=\"yoast-schema-graph\">{\"@context\":\"https:\\\/\\\/schema.org\",\"@graph\":[{\"@type\":\"WebPage\",\"@id\":\"https:\\\/\\\/www.amau.com.br\\\/site\\\/entre-rios-sul\\\/\",\"url\":\"https:\\\/\\\/www.amau.com.br\\\/site\\\/entre-rios-sul\\\/\",\"name\":\"Entre Rios do Sul - AMAU - Associa\u00e7\u00e3o de Munic\u00edpios do Alto Uruguai\",\"isPartOf\":{\"@id\":\"https:\\\/\\\/www.amau.com.br\\\/site\\\/#website\"},\"datePublished\":\"2017-04-27T04:50:16+00:00\",\"dateModified\":\"2025-01-17T16:57:11+00:00\",\"breadcrumb\":{\"@id\":\"https:\\\/\\\/www.amau.com.br\\\/site\\\/entre-rios-sul\\\/#breadcrumb\"},\"inLanguage\":\"pt-BR\",\"potentialAction\":[{\"@type\":\"ReadAction\",\"target\":[\"https:\\\/\\\/www.amau.com.br\\\/site\\\/entre-rios-sul\\\/\"]}]},{\"@type\":\"BreadcrumbList\",\"@id\":\"https:\\\/\\\/www.amau.com.br\\\/site\\\/entre-rios-sul\\\/#breadcrumb\",\"itemListElement\":[{\"@type\":\"ListItem\",\"position\":1,\"name\":\"Home\",\"item\":\"https:\\\/\\\/www.amau.com.br\\\/site\\\/\"},{\"@type\":\"ListItem\",\"position\":2,\"name\":\"Entre Rios do Sul\"}]},{\"@type\":\"WebSite\",\"@id\":\"https:\\\/\\\/www.amau.com.br\\\/site\\\/#website\",\"url\":\"https:\\\/\\\/www.amau.com.br\\\/site\\\/\",\"name\":\"AMAU - Associa\u00e7\u00e3o de Munic\u00edpios do Alto Uruguai\",\"description\":\"Construindo alternativas para o desenvolvimento.\",\"publisher\":{\"@id\":\"https:\\\/\\\/www.amau.com.br\\\/site\\\/#organization\"},\"potentialAction\":[{\"@type\":\"SearchAction\",\"target\":{\"@type\":\"EntryPoint\",\"urlTemplate\":\"https:\\\/\\\/www.amau.com.br\\\/site\\\/?s={search_term_string}\"},\"query-input\":{\"@type\":\"PropertyValueSpecification\",\"valueRequired\":true,\"valueName\":\"search_term_string\"}}],\"inLanguage\":\"pt-BR\"},{\"@type\":\"Organization\",\"@id\":\"https:\\\/\\\/www.amau.com.br\\\/site\\\/#organization\",\"name\":\"AMAU - Associa\u00e7\u00e3o de Munic\u00edpios do Alto Uruguai\",\"url\":\"https:\\\/\\\/www.amau.com.br\\\/site\\\/\",\"logo\":{\"@type\":\"ImageObject\",\"inLanguage\":\"pt-BR\",\"@id\":\"https:\\\/\\\/www.amau.com.br\\\/site\\\/#\\\/schema\\\/logo\\\/image\\\/\",\"url\":\"https:\\\/\\\/www.amau.com.br\\\/site\\\/wp-content\\\/uploads\\\/2017\\\/04\\\/cropped-Amau-Logos-Site-300-1.png\",\"contentUrl\":\"https:\\\/\\\/www.amau.com.br\\\/site\\\/wp-content\\\/uploads\\\/2017\\\/04\\\/cropped-Amau-Logos-Site-300-1.png\",\"width\":807,\"height\":221,\"caption\":\"AMAU - Associa\u00e7\u00e3o de Munic\u00edpios do Alto Uruguai\"},\"image\":{\"@id\":\"https:\\\/\\\/www.amau.com.br\\\/site\\\/#\\\/schema\\\/logo\\\/image\\\/\"},\"sameAs\":[\"http:\\\/\\\/www.facebook.com\\\/amauaaltouruguai\"]}]}<\/script>\n<!-- \/ Yoast SEO plugin. -->","yoast_head_json":{"title":"Entre Rios do Sul - AMAU - Associa\u00e7\u00e3o de Munic\u00edpios do Alto Uruguai","robots":{"index":"index","follow":"follow","max-snippet":"max-snippet:-1","max-image-preview":"max-image-preview:large","max-video-preview":"max-video-preview:-1"},"canonical":"https:\/\/www.amau.com.br\/site\/entre-rios-sul\/","og_locale":"pt_BR","og_type":"article","og_title":"Entre Rios do Sul - AMAU - Associa\u00e7\u00e3o de Munic\u00edpios do Alto Uruguai","og_description":"Prefeito: IRSON MILANI (PT) Vice-Prefeito: RODRIGO OLIBONI (PSDB) Endere\u00e7o: Avenida Danilo Lorenzi, 585 CEP: 99.645-000 Telefone: (54) 3544-1085 Site (Famurs): www.entreriosdosul.famurs.com.br Site Prefeitura:\u00a0https:\/\/www.entreriosdosul.rs.gov.br\/ Funda\u00e7\u00e3o:\u00a05 de setembro de 1988 Gent\u00edlico: Entreriossulense \u00c1rea:\u00a0120,444 km\u00b2 Estimativa Popula\u00e7\u00e3o [2022]: 2.685 &nbsp; Dist\u00e2ncia de Erechim:\u00a060 km Dist\u00e2ncia de PoA: 425 km Hist\u00f3ria Entre Rios do Sul, j\u00e1 foi chamada de [&hellip;]","og_url":"https:\/\/www.amau.com.br\/site\/entre-rios-sul\/","og_site_name":"AMAU - Associa\u00e7\u00e3o de Munic\u00edpios do Alto Uruguai","article_publisher":"http:\/\/www.facebook.com\/amauaaltouruguai","article_modified_time":"2025-01-17T16:57:11+00:00","og_image":[{"url":"https:\/\/www.amau.com.br\/site\/wp-content\/uploads\/2017\/04\/Bras\u00e3o_Entre_Rios_do_Sul-150x150.jpg","type":"","width":"","height":""}],"twitter_card":"summary_large_image","twitter_misc":{"Est. tempo de leitura":"1 minuto"},"schema":{"@context":"https:\/\/schema.org","@graph":[{"@type":"WebPage","@id":"https:\/\/www.amau.com.br\/site\/entre-rios-sul\/","url":"https:\/\/www.amau.com.br\/site\/entre-rios-sul\/","name":"Entre Rios do Sul - AMAU - Associa\u00e7\u00e3o de Munic\u00edpios do Alto Uruguai","isPartOf":{"@id":"https:\/\/www.amau.com.br\/site\/#website"},"datePublished":"2017-04-27T04:50:16+00:00","dateModified":"2025-01-17T16:57:11+00:00","breadcrumb":{"@id":"https:\/\/www.amau.com.br\/site\/entre-rios-sul\/#breadcrumb"},"inLanguage":"pt-BR","potentialAction":[{"@type":"ReadAction","target":["https:\/\/www.amau.com.br\/site\/entre-rios-sul\/"]}]},{"@type":"BreadcrumbList","@id":"https:\/\/www.amau.com.br\/site\/entre-rios-sul\/#breadcrumb","itemListElement":[{"@type":"ListItem","position":1,"name":"Home","item":"https:\/\/www.amau.com.br\/site\/"},{"@type":"ListItem","position":2,"name":"Entre Rios do Sul"}]},{"@type":"WebSite","@id":"https:\/\/www.amau.com.br\/site\/#website","url":"https:\/\/www.amau.com.br\/site\/","name":"AMAU - Associa\u00e7\u00e3o de Munic\u00edpios do Alto Uruguai","description":"Construindo alternativas para o desenvolvimento.","publisher":{"@id":"https:\/\/www.amau.com.br\/site\/#organization"},"potentialAction":[{"@type":"SearchAction","target":{"@type":"EntryPoint","urlTemplate":"https:\/\/www.amau.com.br\/site\/?s={search_term_string}"},"query-input":{"@type":"PropertyValueSpecification","valueRequired":true,"valueName":"search_term_string"}}],"inLanguage":"pt-BR"},{"@type":"Organization","@id":"https:\/\/www.amau.com.br\/site\/#organization","name":"AMAU - Associa\u00e7\u00e3o de Munic\u00edpios do Alto Uruguai","url":"https:\/\/www.amau.com.br\/site\/","logo":{"@type":"ImageObject","inLanguage":"pt-BR","@id":"https:\/\/www.amau.com.br\/site\/#\/schema\/logo\/image\/","url":"https:\/\/www.amau.com.br\/site\/wp-content\/uploads\/2017\/04\/cropped-Amau-Logos-Site-300-1.png","contentUrl":"https:\/\/www.amau.com.br\/site\/wp-content\/uploads\/2017\/04\/cropped-Amau-Logos-Site-300-1.png","width":807,"height":221,"caption":"AMAU - Associa\u00e7\u00e3o de Munic\u00edpios do Alto Uruguai"},"image":{"@id":"https:\/\/www.amau.com.br\/site\/#\/schema\/logo\/image\/"},"sameAs":["http:\/\/www.facebook.com\/amauaaltouruguai"]}]}},"_links":{"self":[{"href":"https:\/\/www.amau.com.br\/site\/wp-json\/wp\/v2\/pages\/1016","targetHints":{"allow":["GET"]}}],"collection":[{"href":"https:\/\/www.amau.com.br\/site\/wp-json\/wp\/v2\/pages"}],"about":[{"href":"https:\/\/www.amau.com.br\/site\/wp-json\/wp\/v2\/types\/page"}],"author":[{"embeddable":true,"href":"https:\/\/www.amau.com.br\/site\/wp-json\/wp\/v2\/users\/1"}],"replies":[{"embeddable":true,"href":"https:\/\/www.amau.com.br\/site\/wp-json\/wp\/v2\/comments?post=1016"}],"version-history":[{"count":0,"href":"https:\/\/www.amau.com.br\/site\/wp-json\/wp\/v2\/pages\/1016\/revisions"}],"wp:attachment":[{"href":"https:\/\/www.amau.com.br\/site\/wp-json\/wp\/v2\/media?parent=1016"}],"curies":[{"name":"wp","href":"https:\/\/api.w.org\/{rel}","templated":true}]}}