{"id":1014,"date":"2017-04-27T01:49:41","date_gmt":"2017-04-27T04:49:41","guid":{"rendered":"http:\/\/amau.com.br\/site\/?page_id=1014"},"modified":"2025-02-12T15:05:02","modified_gmt":"2025-02-12T18:05:02","slug":"cruzaltense","status":"publish","type":"page","link":"https:\/\/www.amau.com.br\/site\/cruzaltense\/","title":{"rendered":"Cruzaltense"},"content":{"rendered":"<p><strong>Prefeito:<\/strong> <strong>ANDR\u00c9 GAZZONI (PSDB)<\/strong><br \/>\n<strong>Vice-Prefeito:<\/strong> RODRIGO SARTORI (PODE)<\/p>\n<p><strong>Endere\u00e7o:<\/strong> Avenida Pedro Alvares Cabral, 300<br \/>\n<strong>CEP:<\/strong> 99.665-000<br \/>\n<strong>Telefone:<\/strong> (54) 9 9104-8921<br \/>\n<strong>Site (Famurs):<\/strong> <a href=\"http:\/\/www.cruzaltense.famurs.com.br\/\">www.cruzaltense.famurs.com.br<br \/>\n<\/a><strong>Site oficial: <\/strong><a href=\"http:\/\/www.cruzaltense.rs.gov.br\">www.cruzaltense.rs.gov.br<br \/>\n<\/a><strong><br \/>\nFunda\u00e7\u00e3o:\u00a0<\/strong>Lei Federal 09\/1996<strong><br \/>\n\u00c1rea:<\/strong>\u00a0165,717 km\u00b2<\/p>\n<p><strong><b>Estimativa Popula\u00e7\u00e3o [2022]:<\/b> 1.635<\/strong><\/p>\n<p><strong>Dist\u00e2ncia de PoA:<\/strong> 405 km<br \/>\n<strong>Dist\u00e2ncia de Erechim:<\/strong> 49,7 km<\/p>\n<p><strong>Gent\u00edlico:<\/strong> Cruzaltino<\/p>\n<div id='gallery-1' class='gallery galleryid-1014 gallery-columns-3 gallery-size-thumbnail'><figure class='gallery-item'>\n\t\t\t<div class='gallery-icon landscape'>\n\t\t\t\t<a href='https:\/\/www.amau.com.br\/site\/wp-content\/uploads\/2017\/04\/Brasao_cruzaltense.jpg'><img decoding=\"async\" width=\"150\" height=\"130\" src=\"https:\/\/www.amau.com.br\/site\/wp-content\/uploads\/2017\/04\/Brasao_cruzaltense-150x130.jpg\" class=\"attachment-thumbnail size-thumbnail\" alt=\"\" aria-describedby=\"gallery-1-1720\" srcset=\"https:\/\/www.amau.com.br\/site\/wp-content\/uploads\/2017\/04\/Brasao_cruzaltense.jpg 150w, https:\/\/www.amau.com.br\/site\/wp-content\/uploads\/2017\/04\/Brasao_cruzaltense-30x26.jpg 30w\" sizes=\"(max-width: 150px) 100vw, 150px\" \/><\/a>\n\t\t\t<\/div>\n\t\t\t\t<figcaption class='wp-caption-text gallery-caption' id='gallery-1-1720'>\n\t\t\t\tBraz\u00e3o\n\t\t\t\t<\/figcaption><\/figure><figure class='gallery-item'>\n\t\t\t<div class='gallery-icon landscape'>\n\t\t\t\t<a href='https:\/\/www.amau.com.br\/site\/wp-content\/uploads\/2017\/04\/Bandeira_Cruzaltense.jpg'><img decoding=\"async\" width=\"150\" height=\"97\" src=\"https:\/\/www.amau.com.br\/site\/wp-content\/uploads\/2017\/04\/Bandeira_Cruzaltense-150x97.jpg\" class=\"attachment-thumbnail size-thumbnail\" alt=\"\" aria-describedby=\"gallery-1-1719\" srcset=\"https:\/\/www.amau.com.br\/site\/wp-content\/uploads\/2017\/04\/Bandeira_Cruzaltense.jpg 150w, https:\/\/www.amau.com.br\/site\/wp-content\/uploads\/2017\/04\/Bandeira_Cruzaltense-30x19.jpg 30w\" sizes=\"(max-width: 150px) 100vw, 150px\" \/><\/a>\n\t\t\t<\/div>\n\t\t\t\t<figcaption class='wp-caption-text gallery-caption' id='gallery-1-1719'>\n\t\t\t\tBandeira\n\t\t\t\t<\/figcaption><\/figure>\n\t\t<\/div>\n\n<p>&nbsp;<\/p>\n<p>Hist\u00f3ria<\/p>\n<div id=\"article\">\n<div id=\"container-article\">\n<div id=\"programacao\">\n<div class=\"conteudo-ajax\">\n<p style=\"text-align: justify;\">O munic\u00edpio de Cruzaltense fez parte do territ\u00f3rio da fazenda Quatro Irm\u00e3os que o governo brasileiro concedeu a Empresa Inglesa de coloniza\u00e7\u00e3o (Jewish Colonization Association-ICA) pertencente a um grupo de Judeus residentes em Londres, com direito da explora\u00e7\u00e3o da madeira de pinho (Arauc\u00e1ria) muito abundante na regi\u00e3o.<\/p>\n<p style=\"text-align: justify;\">At\u00e9 1944 o ent\u00e3o munic\u00edpio de Cruzaltense era uma \u00e1rea coberta por floresta de Pinheiro (Arauc\u00e1ria angustifolia), madeira nobre muito abundante na regi\u00e3o, a qual sua explora\u00e7\u00e3o tornou-se a principal fonte de renda do local. Aqui surgiu a primeira serraria que tinha como donos Oppen Petry que tinha como gerente o Ulrich Hermann Hoscheler (Germano Hoscheler) que vieram de Cruz Alta (aqui se originou o nome Cruzaltense). Anos depois Hoscheler pessoa de bem e muito culta, se tornou dono da serraria e adquire oito alqueires de terra e fez loteamento dando nome ao mesmo de Vera Cruz, dele destinou por doa\u00e7\u00e3o lotes para constru\u00e7\u00e3o da igreja, cemit\u00e9rio, escola estadual, pra\u00e7a e o campo de futebol.<\/p>\n<p style=\"text-align: justify;\">Com a imigra\u00e7\u00e3o, novos moradores surgiram, o com\u00e9rcio passou a fazer parte do cen\u00e1rio e Vera Cruz come\u00e7ou a se desenvolver economicamente. Aos vinte e sete dias do m\u00eas de junho de 1979, Vera Cruz se torna distrito de Campinas do Sul e alguns anos depois por volta de 1988, passa a se chamado de Cruzaltense.<\/p>\n<p style=\"text-align: justify;\">Em 20 de setembro de 1987 numa comemora\u00e7\u00e3o c\u00edvica da semana farroupilha o Prefeito de Campinas do Sul na \u00e9poca o Sr. Leonir Ant\u00f4nio Bortulini lan\u00e7ou o desafio pela emancipa\u00e7\u00e3o. Formou-se uma comiss\u00e3o composta por 11 membros. Em abril de 1988 foi feito o plebiscito, com 272 votos favor\u00e1veis; cria-se ent\u00e3o o munic\u00edpio em 12 de maio de 1988.<\/p>\n<p style=\"text-align: justify;\">Em 06 de junho de 1988, uma comiss\u00e3o inconformada pela emancipa\u00e7\u00e3o entrou com um mandato de seguran\u00e7a e conseguiu derrubar o decreto que criava o Munic\u00edpio. Por volta do ano de 1992 uma nova comiss\u00e3o iniciou um movimento emancipacionista, mas n\u00e3o obteve sucesso.<\/p>\n<p style=\"text-align: justify;\">Valendo-se das condi\u00e7\u00f5es legais, da vontade da comunidade e da a\u00e7\u00e3o decisiva das lideran\u00e7as locais, em 1996 novas comiss\u00f5es retomaram a caminhada em busca da emancipa\u00e7\u00e3o e conseguiram junto ao governo estadual, com \u00eaxito, um novo plebiscito.<\/p>\n<p style=\"text-align: justify;\">Por fim, conforme Lei n\u00ba 10.745 de 16 de abril de 1996, \u00e9 criado o ent\u00e3o munic\u00edpio de Cruzaltense, que no dia 1\u00ba de outubro de 2000 realiza sua primeira elei\u00e7\u00e3o municipal elegendo Joarez Luis Sandri como primeiro Prefeito da hist\u00f3ria.<\/p>\n<p style=\"text-align: justify;\">O per\u00edodo p\u00f3s-emancipa\u00e7\u00e3o, gra\u00e7as a mobiliza\u00e7\u00e3o das comunidades e o entusiasmo de todos, foi de muitas conquistas e beneficios para nosso munic\u00edpio, atualmente consegue-se perceber as melhorias, marcadas pelo progresso, por muitas realiza\u00e7\u00f5es e, especialmente, por um \u00e2nimo novo.<\/p>\n<p><strong>Principais eventos:<\/strong><\/p>\n<p>&#8211; 16 de Abril, festa da Semana do Municipio<\/p>\n<p>&#8211; 08 de mar\u00e7o Dia da Mulher<\/p>\n<p>&#8211; 22 de Abril Jantar Italiano e Encontro de Corais<\/p>\n<p>&#8211; 13 de Junho Padroeiro Santo Antonio<\/p>\n<p>&#8211; 07 de Setembro Desfile tem\u00e1tico e Civico<\/p>\n<p>&#8211; 20 de Setembro Desfile farroupilha<\/p>\n<p>&#8211; 12 de Abril, feira das Etnias, escola Municipal<\/p>\n<p>&#8211; 17 de dezembro Natal feliz<\/p>\n<p><strong>Anivers\u00e1rio: <\/strong>23 de Janeiro<br \/>\n<strong>Funda\u00e7\u00e3o:<\/strong> 1 de junho de 1964<\/p>\n<p>&#8211; Jogos rurais, realizado no m\u00eas de janeiro<\/p>\n<\/div>\n<\/div>\n<\/div>\n<\/div>\n","protected":false},"excerpt":{"rendered":"<p>Prefeito: ANDR\u00c9 GAZZONI (PSDB) Vice-Prefeito: RODRIGO SARTORI (PODE) Endere\u00e7o: Avenida Pedro Alvares Cabral, 300 CEP: 99.665-000 Telefone: (54) 9 9104-8921 Site (Famurs): www.cruzaltense.famurs.com.br Site oficial: www.cruzaltense.rs.gov.br Funda\u00e7\u00e3o:\u00a0Lei Federal 09\/1996 \u00c1rea:\u00a0165,717 km\u00b2 Estimativa Popula\u00e7\u00e3o [2022]: 1.635 Dist\u00e2ncia de PoA: 405 km Dist\u00e2ncia de Erechim: 49,7 km Gent\u00edlico: Cruzaltino &nbsp; Hist\u00f3ria O munic\u00edpio de Cruzaltense fez parte [&hellip;]<\/p>\n","protected":false},"author":1,"featured_media":0,"parent":0,"menu_order":0,"comment_status":"closed","ping_status":"closed","template":"","meta":{"ocean_post_layout":"","ocean_both_sidebars_style":"","ocean_both_sidebars_content_width":0,"ocean_both_sidebars_sidebars_width":0,"ocean_sidebar":"0","ocean_second_sidebar":"0","ocean_disable_margins":"enable","ocean_add_body_class":"","ocean_shortcode_before_top_bar":"","ocean_shortcode_after_top_bar":"","ocean_shortcode_before_header":"","ocean_shortcode_after_header":"","ocean_has_shortcode":"","ocean_shortcode_after_title":"","ocean_shortcode_before_footer_widgets":"","ocean_shortcode_after_footer_widgets":"","ocean_shortcode_before_footer_bottom":"","ocean_shortcode_after_footer_bottom":"","ocean_display_top_bar":"default","ocean_display_header":"default","ocean_header_style":"","ocean_center_header_left_menu":"0","ocean_custom_header_template":"0","ocean_custom_logo":0,"ocean_custom_retina_logo":0,"ocean_custom_logo_max_width":0,"ocean_custom_logo_tablet_max_width":0,"ocean_custom_logo_mobile_max_width":0,"ocean_custom_logo_max_height":0,"ocean_custom_logo_tablet_max_height":0,"ocean_custom_logo_mobile_max_height":0,"ocean_header_custom_menu":"0","ocean_menu_typo_font_family":"0","ocean_menu_typo_font_subset":"","ocean_menu_typo_font_size":0,"ocean_menu_typo_font_size_tablet":0,"ocean_menu_typo_font_size_mobile":0,"ocean_menu_typo_font_size_unit":"px","ocean_menu_typo_font_weight":"","ocean_menu_typo_font_weight_tablet":"","ocean_menu_typo_font_weight_mobile":"","ocean_menu_typo_transform":"","ocean_menu_typo_transform_tablet":"","ocean_menu_typo_transform_mobile":"","ocean_menu_typo_line_height":0,"ocean_menu_typo_line_height_tablet":0,"ocean_menu_typo_line_height_mobile":0,"ocean_menu_typo_line_height_unit":"","ocean_menu_typo_spacing":0,"ocean_menu_typo_spacing_tablet":0,"ocean_menu_typo_spacing_mobile":0,"ocean_menu_typo_spacing_unit":"","ocean_menu_link_color":"","ocean_menu_link_color_hover":"","ocean_menu_link_color_active":"","ocean_menu_link_background":"","ocean_menu_link_hover_background":"","ocean_menu_link_active_background":"","ocean_menu_social_links_bg":"","ocean_menu_social_hover_links_bg":"","ocean_menu_social_links_color":"","ocean_menu_social_hover_links_color":"","ocean_disable_title":"default","ocean_disable_heading":"default","ocean_post_title":"","ocean_post_subheading":"","ocean_post_title_style":"","ocean_post_title_background_color":"","ocean_post_title_background":0,"ocean_post_title_bg_image_position":"","ocean_post_title_bg_image_attachment":"","ocean_post_title_bg_image_repeat":"","ocean_post_title_bg_image_size":"","ocean_post_title_height":0,"ocean_post_title_bg_overlay":0.5,"ocean_post_title_bg_overlay_color":"","ocean_disable_breadcrumbs":"default","ocean_breadcrumbs_color":"","ocean_breadcrumbs_separator_color":"","ocean_breadcrumbs_links_color":"","ocean_breadcrumbs_links_hover_color":"","ocean_display_footer_widgets":"default","ocean_display_footer_bottom":"default","ocean_custom_footer_template":"0","footnotes":""},"class_list":["post-1014","page","type-page","status-publish","hentry","entry"],"yoast_head":"<!-- This site is optimized with the Yoast SEO plugin v27.4 - https:\/\/yoast.com\/product\/yoast-seo-wordpress\/ -->\n<title>Cruzaltense - AMAU - Associa\u00e7\u00e3o de Munic\u00edpios do Alto Uruguai<\/title>\n<meta name=\"robots\" content=\"index, follow, max-snippet:-1, max-image-preview:large, max-video-preview:-1\" \/>\n<link rel=\"canonical\" href=\"https:\/\/www.amau.com.br\/site\/cruzaltense\/\" \/>\n<meta property=\"og:locale\" content=\"pt_BR\" \/>\n<meta property=\"og:type\" content=\"article\" \/>\n<meta property=\"og:title\" content=\"Cruzaltense - AMAU - Associa\u00e7\u00e3o de Munic\u00edpios do Alto Uruguai\" \/>\n<meta property=\"og:description\" content=\"Prefeito: ANDR\u00c9 GAZZONI (PSDB) Vice-Prefeito: RODRIGO SARTORI (PODE) Endere\u00e7o: Avenida Pedro Alvares Cabral, 300 CEP: 99.665-000 Telefone: (54) 9 9104-8921 Site (Famurs): www.cruzaltense.famurs.com.br Site oficial: www.cruzaltense.rs.gov.br Funda\u00e7\u00e3o:\u00a0Lei Federal 09\/1996 \u00c1rea:\u00a0165,717 km\u00b2 Estimativa Popula\u00e7\u00e3o [2022]: 1.635 Dist\u00e2ncia de PoA: 405 km Dist\u00e2ncia de Erechim: 49,7 km Gent\u00edlico: Cruzaltino &nbsp; Hist\u00f3ria O munic\u00edpio de Cruzaltense fez parte [&hellip;]\" \/>\n<meta property=\"og:url\" content=\"https:\/\/www.amau.com.br\/site\/cruzaltense\/\" \/>\n<meta property=\"og:site_name\" content=\"AMAU - Associa\u00e7\u00e3o de Munic\u00edpios do Alto Uruguai\" \/>\n<meta property=\"article:publisher\" content=\"http:\/\/www.facebook.com\/amauaaltouruguai\" \/>\n<meta property=\"article:modified_time\" content=\"2025-02-12T18:05:02+00:00\" \/>\n<meta property=\"og:image\" content=\"https:\/\/www.amau.com.br\/site\/wp-content\/uploads\/2017\/04\/Brasao_cruzaltense-150x130.jpg\" \/>\n<meta name=\"twitter:card\" content=\"summary_large_image\" \/>\n<meta name=\"twitter:label1\" content=\"Est. tempo de leitura\" \/>\n\t<meta name=\"twitter:data1\" content=\"4 minutos\" \/>\n<script type=\"application\/ld+json\" class=\"yoast-schema-graph\">{\"@context\":\"https:\\\/\\\/schema.org\",\"@graph\":[{\"@type\":\"WebPage\",\"@id\":\"https:\\\/\\\/www.amau.com.br\\\/site\\\/cruzaltense\\\/\",\"url\":\"https:\\\/\\\/www.amau.com.br\\\/site\\\/cruzaltense\\\/\",\"name\":\"Cruzaltense - AMAU - Associa\u00e7\u00e3o de Munic\u00edpios do Alto Uruguai\",\"isPartOf\":{\"@id\":\"https:\\\/\\\/www.amau.com.br\\\/site\\\/#website\"},\"datePublished\":\"2017-04-27T04:49:41+00:00\",\"dateModified\":\"2025-02-12T18:05:02+00:00\",\"breadcrumb\":{\"@id\":\"https:\\\/\\\/www.amau.com.br\\\/site\\\/cruzaltense\\\/#breadcrumb\"},\"inLanguage\":\"pt-BR\",\"potentialAction\":[{\"@type\":\"ReadAction\",\"target\":[\"https:\\\/\\\/www.amau.com.br\\\/site\\\/cruzaltense\\\/\"]}]},{\"@type\":\"BreadcrumbList\",\"@id\":\"https:\\\/\\\/www.amau.com.br\\\/site\\\/cruzaltense\\\/#breadcrumb\",\"itemListElement\":[{\"@type\":\"ListItem\",\"position\":1,\"name\":\"Home\",\"item\":\"https:\\\/\\\/www.amau.com.br\\\/site\\\/\"},{\"@type\":\"ListItem\",\"position\":2,\"name\":\"Cruzaltense\"}]},{\"@type\":\"WebSite\",\"@id\":\"https:\\\/\\\/www.amau.com.br\\\/site\\\/#website\",\"url\":\"https:\\\/\\\/www.amau.com.br\\\/site\\\/\",\"name\":\"AMAU - Associa\u00e7\u00e3o de Munic\u00edpios do Alto Uruguai\",\"description\":\"Construindo alternativas para o desenvolvimento.\",\"publisher\":{\"@id\":\"https:\\\/\\\/www.amau.com.br\\\/site\\\/#organization\"},\"potentialAction\":[{\"@type\":\"SearchAction\",\"target\":{\"@type\":\"EntryPoint\",\"urlTemplate\":\"https:\\\/\\\/www.amau.com.br\\\/site\\\/?s={search_term_string}\"},\"query-input\":{\"@type\":\"PropertyValueSpecification\",\"valueRequired\":true,\"valueName\":\"search_term_string\"}}],\"inLanguage\":\"pt-BR\"},{\"@type\":\"Organization\",\"@id\":\"https:\\\/\\\/www.amau.com.br\\\/site\\\/#organization\",\"name\":\"AMAU - Associa\u00e7\u00e3o de Munic\u00edpios do Alto Uruguai\",\"url\":\"https:\\\/\\\/www.amau.com.br\\\/site\\\/\",\"logo\":{\"@type\":\"ImageObject\",\"inLanguage\":\"pt-BR\",\"@id\":\"https:\\\/\\\/www.amau.com.br\\\/site\\\/#\\\/schema\\\/logo\\\/image\\\/\",\"url\":\"https:\\\/\\\/www.amau.com.br\\\/site\\\/wp-content\\\/uploads\\\/2017\\\/04\\\/cropped-Amau-Logos-Site-300-1.png\",\"contentUrl\":\"https:\\\/\\\/www.amau.com.br\\\/site\\\/wp-content\\\/uploads\\\/2017\\\/04\\\/cropped-Amau-Logos-Site-300-1.png\",\"width\":807,\"height\":221,\"caption\":\"AMAU - Associa\u00e7\u00e3o de Munic\u00edpios do Alto Uruguai\"},\"image\":{\"@id\":\"https:\\\/\\\/www.amau.com.br\\\/site\\\/#\\\/schema\\\/logo\\\/image\\\/\"},\"sameAs\":[\"http:\\\/\\\/www.facebook.com\\\/amauaaltouruguai\"]}]}<\/script>\n<!-- \/ Yoast SEO plugin. -->","yoast_head_json":{"title":"Cruzaltense - AMAU - Associa\u00e7\u00e3o de Munic\u00edpios do Alto Uruguai","robots":{"index":"index","follow":"follow","max-snippet":"max-snippet:-1","max-image-preview":"max-image-preview:large","max-video-preview":"max-video-preview:-1"},"canonical":"https:\/\/www.amau.com.br\/site\/cruzaltense\/","og_locale":"pt_BR","og_type":"article","og_title":"Cruzaltense - AMAU - Associa\u00e7\u00e3o de Munic\u00edpios do Alto Uruguai","og_description":"Prefeito: ANDR\u00c9 GAZZONI (PSDB) Vice-Prefeito: RODRIGO SARTORI (PODE) Endere\u00e7o: Avenida Pedro Alvares Cabral, 300 CEP: 99.665-000 Telefone: (54) 9 9104-8921 Site (Famurs): www.cruzaltense.famurs.com.br Site oficial: www.cruzaltense.rs.gov.br Funda\u00e7\u00e3o:\u00a0Lei Federal 09\/1996 \u00c1rea:\u00a0165,717 km\u00b2 Estimativa Popula\u00e7\u00e3o [2022]: 1.635 Dist\u00e2ncia de PoA: 405 km Dist\u00e2ncia de Erechim: 49,7 km Gent\u00edlico: Cruzaltino &nbsp; Hist\u00f3ria O munic\u00edpio de Cruzaltense fez parte [&hellip;]","og_url":"https:\/\/www.amau.com.br\/site\/cruzaltense\/","og_site_name":"AMAU - Associa\u00e7\u00e3o de Munic\u00edpios do Alto Uruguai","article_publisher":"http:\/\/www.facebook.com\/amauaaltouruguai","article_modified_time":"2025-02-12T18:05:02+00:00","og_image":[{"url":"https:\/\/www.amau.com.br\/site\/wp-content\/uploads\/2017\/04\/Brasao_cruzaltense-150x130.jpg","type":"","width":"","height":""}],"twitter_card":"summary_large_image","twitter_misc":{"Est. tempo de leitura":"4 minutos"},"schema":{"@context":"https:\/\/schema.org","@graph":[{"@type":"WebPage","@id":"https:\/\/www.amau.com.br\/site\/cruzaltense\/","url":"https:\/\/www.amau.com.br\/site\/cruzaltense\/","name":"Cruzaltense - AMAU - Associa\u00e7\u00e3o de Munic\u00edpios do Alto Uruguai","isPartOf":{"@id":"https:\/\/www.amau.com.br\/site\/#website"},"datePublished":"2017-04-27T04:49:41+00:00","dateModified":"2025-02-12T18:05:02+00:00","breadcrumb":{"@id":"https:\/\/www.amau.com.br\/site\/cruzaltense\/#breadcrumb"},"inLanguage":"pt-BR","potentialAction":[{"@type":"ReadAction","target":["https:\/\/www.amau.com.br\/site\/cruzaltense\/"]}]},{"@type":"BreadcrumbList","@id":"https:\/\/www.amau.com.br\/site\/cruzaltense\/#breadcrumb","itemListElement":[{"@type":"ListItem","position":1,"name":"Home","item":"https:\/\/www.amau.com.br\/site\/"},{"@type":"ListItem","position":2,"name":"Cruzaltense"}]},{"@type":"WebSite","@id":"https:\/\/www.amau.com.br\/site\/#website","url":"https:\/\/www.amau.com.br\/site\/","name":"AMAU - Associa\u00e7\u00e3o de Munic\u00edpios do Alto Uruguai","description":"Construindo alternativas para o desenvolvimento.","publisher":{"@id":"https:\/\/www.amau.com.br\/site\/#organization"},"potentialAction":[{"@type":"SearchAction","target":{"@type":"EntryPoint","urlTemplate":"https:\/\/www.amau.com.br\/site\/?s={search_term_string}"},"query-input":{"@type":"PropertyValueSpecification","valueRequired":true,"valueName":"search_term_string"}}],"inLanguage":"pt-BR"},{"@type":"Organization","@id":"https:\/\/www.amau.com.br\/site\/#organization","name":"AMAU - Associa\u00e7\u00e3o de Munic\u00edpios do Alto Uruguai","url":"https:\/\/www.amau.com.br\/site\/","logo":{"@type":"ImageObject","inLanguage":"pt-BR","@id":"https:\/\/www.amau.com.br\/site\/#\/schema\/logo\/image\/","url":"https:\/\/www.amau.com.br\/site\/wp-content\/uploads\/2017\/04\/cropped-Amau-Logos-Site-300-1.png","contentUrl":"https:\/\/www.amau.com.br\/site\/wp-content\/uploads\/2017\/04\/cropped-Amau-Logos-Site-300-1.png","width":807,"height":221,"caption":"AMAU - Associa\u00e7\u00e3o de Munic\u00edpios do Alto Uruguai"},"image":{"@id":"https:\/\/www.amau.com.br\/site\/#\/schema\/logo\/image\/"},"sameAs":["http:\/\/www.facebook.com\/amauaaltouruguai"]}]}},"_links":{"self":[{"href":"https:\/\/www.amau.com.br\/site\/wp-json\/wp\/v2\/pages\/1014","targetHints":{"allow":["GET"]}}],"collection":[{"href":"https:\/\/www.amau.com.br\/site\/wp-json\/wp\/v2\/pages"}],"about":[{"href":"https:\/\/www.amau.com.br\/site\/wp-json\/wp\/v2\/types\/page"}],"author":[{"embeddable":true,"href":"https:\/\/www.amau.com.br\/site\/wp-json\/wp\/v2\/users\/1"}],"replies":[{"embeddable":true,"href":"https:\/\/www.amau.com.br\/site\/wp-json\/wp\/v2\/comments?post=1014"}],"version-history":[{"count":0,"href":"https:\/\/www.amau.com.br\/site\/wp-json\/wp\/v2\/pages\/1014\/revisions"}],"wp:attachment":[{"href":"https:\/\/www.amau.com.br\/site\/wp-json\/wp\/v2\/media?parent=1014"}],"curies":[{"name":"wp","href":"https:\/\/api.w.org\/{rel}","templated":true}]}}