{"id":1012,"date":"2017-04-27T01:49:18","date_gmt":"2017-04-27T04:49:18","guid":{"rendered":"http:\/\/amau.com.br\/site\/?page_id=1012"},"modified":"2025-02-12T10:51:32","modified_gmt":"2025-02-12T13:51:32","slug":"charrua","status":"publish","type":"page","link":"https:\/\/www.amau.com.br\/site\/charrua\/","title":{"rendered":"Charrua"},"content":{"rendered":"<p><strong>Prefeito:<\/strong> GERSO JOS\u00c9 RONCAGLIO (PP)<br \/>\n<strong>Vice-Prefeito: <\/strong>VILSEU FONTANA J\u00daNIOR (PP)<\/p>\n<p><strong>Endere\u00e7o:<\/strong> Rua Padre R\u00e9us, 36<br \/>\n<strong>CEP:<\/strong> 99.960-000<br \/>\n<strong>Telefone:<\/strong> (54) 3108-0011<br \/>\n<strong>Site (Famurs):<\/strong> <a href=\"http:\/\/www.charrua.famurs.com.br\/\">www.charrua.famurs.com.br<\/a><\/p>\n<p>Site Prefeitura:\u00a0<a href=\"http:\/\/www.charrua.rs.gov.br\">http:\/\/www.charrua.rs.gov.br<\/a><\/p>\n<p><strong>Anivers\u00e1rio: <\/strong>23 de Maio<strong><br \/>\nFunda\u00e7\u00e3o:\u00a0<\/strong>20 de Mar\u00e7o de 1992<strong><br \/>\n\u00c1rea:<\/strong>\u00a0198,125 km\u00b2<\/p>\n<p><strong><b>Estimativa Popula\u00e7\u00e3o [2022]:<\/b> 2.768<\/strong><\/p>\n<p><strong>Dist\u00e2ncia de PoA:<\/strong> 355 km<br \/>\n<strong>Dist\u00e2ncia de Erechim: <\/strong>56 km<\/p>\n<p><strong>Gent\u00edlico:<\/strong> Charruense<\/p>\n<div id='gallery-1' class='gallery galleryid-1012 gallery-columns-3 gallery-size-thumbnail'><figure class='gallery-item'>\n\t\t\t<div class='gallery-icon landscape'>\n\t\t\t\t<a href='https:\/\/www.amau.com.br\/site\/wp-content\/uploads\/2017\/04\/Bandeira_Charrua.jpg'><img decoding=\"async\" width=\"150\" height=\"150\" src=\"https:\/\/www.amau.com.br\/site\/wp-content\/uploads\/2017\/04\/Bandeira_Charrua-150x150.jpg\" class=\"attachment-thumbnail size-thumbnail\" alt=\"\" aria-describedby=\"gallery-1-1597\" srcset=\"https:\/\/www.amau.com.br\/site\/wp-content\/uploads\/2017\/04\/Bandeira_Charrua-150x150.jpg 150w, https:\/\/www.amau.com.br\/site\/wp-content\/uploads\/2017\/04\/Bandeira_Charrua-230x230.jpg 230w, https:\/\/www.amau.com.br\/site\/wp-content\/uploads\/2017\/04\/Bandeira_Charrua-50x50.jpg 50w\" sizes=\"(max-width: 150px) 100vw, 150px\" \/><\/a>\n\t\t\t<\/div>\n\t\t\t\t<figcaption class='wp-caption-text gallery-caption' id='gallery-1-1597'>\n\t\t\t\tBandeira\n\t\t\t\t<\/figcaption><\/figure><figure class='gallery-item'>\n\t\t\t<div class='gallery-icon portrait'>\n\t\t\t\t<a href='https:\/\/www.amau.com.br\/site\/wp-content\/uploads\/2017\/04\/Bras\u00e3o_Charrua.jpg'><img decoding=\"async\" width=\"150\" height=\"150\" src=\"https:\/\/www.amau.com.br\/site\/wp-content\/uploads\/2017\/04\/Bras\u00e3o_Charrua-150x150.jpg\" class=\"attachment-thumbnail size-thumbnail\" alt=\"\" aria-describedby=\"gallery-1-1598\" srcset=\"https:\/\/www.amau.com.br\/site\/wp-content\/uploads\/2017\/04\/Bras\u00e3o_Charrua-150x150.jpg 150w, https:\/\/www.amau.com.br\/site\/wp-content\/uploads\/2017\/04\/Bras\u00e3o_Charrua-230x230.jpg 230w, https:\/\/www.amau.com.br\/site\/wp-content\/uploads\/2017\/04\/Bras\u00e3o_Charrua-365x365.jpg 365w, https:\/\/www.amau.com.br\/site\/wp-content\/uploads\/2017\/04\/Bras\u00e3o_Charrua-50x50.jpg 50w\" sizes=\"(max-width: 150px) 100vw, 150px\" \/><\/a>\n\t\t\t<\/div>\n\t\t\t\t<figcaption class='wp-caption-text gallery-caption' id='gallery-1-1598'>\n\t\t\t\tBras\u00e3o\n\t\t\t\t<\/figcaption><\/figure><figure class='gallery-item'>\n\t\t\t<div class='gallery-icon landscape'>\n\t\t\t\t<a href='https:\/\/www.amau.com.br\/site\/wp-content\/uploads\/2017\/04\/300px-Igreja_matriz.png'><img decoding=\"async\" width=\"150\" height=\"150\" src=\"https:\/\/www.amau.com.br\/site\/wp-content\/uploads\/2017\/04\/300px-Igreja_matriz-150x150.png\" class=\"attachment-thumbnail size-thumbnail\" alt=\"\" aria-describedby=\"gallery-1-1596\" srcset=\"https:\/\/www.amau.com.br\/site\/wp-content\/uploads\/2017\/04\/300px-Igreja_matriz-150x150.png 150w, https:\/\/www.amau.com.br\/site\/wp-content\/uploads\/2017\/04\/300px-Igreja_matriz-50x50.png 50w\" sizes=\"(max-width: 150px) 100vw, 150px\" \/><\/a>\n\t\t\t<\/div>\n\t\t\t\t<figcaption class='wp-caption-text gallery-caption' id='gallery-1-1596'>\n\t\t\t\tIgreja Matriz\n\t\t\t\t<\/figcaption><\/figure><figure class='gallery-item'>\n\t\t\t<div class='gallery-icon landscape'>\n\t\t\t\t<a href='https:\/\/www.amau.com.br\/site\/wp-content\/uploads\/2017\/04\/Foto-Charrua-1.jpg'><img loading=\"lazy\" decoding=\"async\" width=\"150\" height=\"150\" src=\"https:\/\/www.amau.com.br\/site\/wp-content\/uploads\/2017\/04\/Foto-Charrua-1-150x150.jpg\" class=\"attachment-thumbnail size-thumbnail\" alt=\"\" srcset=\"https:\/\/www.amau.com.br\/site\/wp-content\/uploads\/2017\/04\/Foto-Charrua-1-150x150.jpg 150w, https:\/\/www.amau.com.br\/site\/wp-content\/uploads\/2017\/04\/Foto-Charrua-1-230x230.jpg 230w, https:\/\/www.amau.com.br\/site\/wp-content\/uploads\/2017\/04\/Foto-Charrua-1-365x365.jpg 365w, https:\/\/www.amau.com.br\/site\/wp-content\/uploads\/2017\/04\/Foto-Charrua-1-50x50.jpg 50w\" sizes=\"(max-width: 150px) 100vw, 150px\" \/><\/a>\n\t\t\t<\/div><\/figure><figure class='gallery-item'>\n\t\t\t<div class='gallery-icon landscape'>\n\t\t\t\t<a href='https:\/\/www.amau.com.br\/site\/wp-content\/uploads\/2017\/04\/Foto-Charrua-2.jpg'><img loading=\"lazy\" decoding=\"async\" width=\"150\" height=\"150\" src=\"https:\/\/www.amau.com.br\/site\/wp-content\/uploads\/2017\/04\/Foto-Charrua-2-150x150.jpg\" class=\"attachment-thumbnail size-thumbnail\" alt=\"\" srcset=\"https:\/\/www.amau.com.br\/site\/wp-content\/uploads\/2017\/04\/Foto-Charrua-2-150x150.jpg 150w, https:\/\/www.amau.com.br\/site\/wp-content\/uploads\/2017\/04\/Foto-Charrua-2-230x230.jpg 230w, https:\/\/www.amau.com.br\/site\/wp-content\/uploads\/2017\/04\/Foto-Charrua-2-365x365.jpg 365w, https:\/\/www.amau.com.br\/site\/wp-content\/uploads\/2017\/04\/Foto-Charrua-2-50x50.jpg 50w\" sizes=\"(max-width: 150px) 100vw, 150px\" \/><\/a>\n\t\t\t<\/div><\/figure>\n\t\t<\/div>\n\n<p><strong>Hist\u00f3ria<br \/>\n<\/strong><br \/>\nAp\u00f3s a Revolu\u00e7\u00e3o Federalista de 1893 e o Tr\u00e1fego Ferrovi\u00e1rio iniciou-se a coloniza\u00e7\u00e3o no RS. Os primeiros imigrantes a chegarem ao estado foram os alem\u00e3es, estabelecendo-se pr\u00f3ximo aos Rios do Sinos, Ca\u00ed e Taquari. Logo ap\u00f3s chegaram os italianos e se estabeleceram no Planalto Rio- Grandense. Com o aumento da densidade demogr\u00e1fica de tais regi\u00f5es os imigrantes foram obrigados a buscar novos locais para morar.<strong><br \/>\n<\/strong><\/p>\n<div id=\"article\">\n<div id=\"container-article\">\n<div id=\"programacao\">\n<div class=\"conteudo-ajax\">\n<p>Chegando na localidade no dia 7 de setembro dando assim o nome desta ao munic\u00edpio. Inicialmente a Vila Sete de Setembro foi distrito de Passo Fundo, ap\u00f3s de Get\u00falio Vargas, na d\u00e9cada de 50 passou a ser distrito do Munic\u00edpio de Tapejara.<\/p>\n<p>Tendo em vista a habita\u00e7\u00e3o ind\u00edgena na regi\u00e3o, estes descendentes da tribo Caingangues, mudou o nome de Vila Sete De Setembro para Charrua que significa Arado. Com o crescimento da economia do munic\u00edpio, surge a necessidade de uma luta pela emancipa\u00e7\u00e3o pol\u00edtica administrativa. Diante deste fato forma-se a Comiss\u00e3o Pr\u00f3-Emancipa\u00e7\u00e3o de Charrua. Esta Comiss\u00e3o foi apoiada pela Assembl\u00e9ia Legislativa.<\/p>\n<p>O plebiscito emancipat\u00f3rio ocorreu no dia 10 de novembro de 1991 com vit\u00f3ria \u00e0 emancipa\u00e7\u00e3o sendo que em 20 de mar\u00e7o de 1992 o Governador do Estado Alceu de Deus Collares assinou a lei n\u00ba 9617, a qual criou o munic\u00edpio de Charrua. Foi instalada a administra\u00e7\u00e3o no munic\u00edpio, no dia 1\u00ba de janeiro de 1993.<\/p>\n<p>&nbsp;<\/p>\n<\/div>\n<\/div>\n<\/div>\n<\/div>\n<p><strong>\u00a0<\/strong><\/p>\n<p><strong>Principais eventos tradicionais realizados no munic\u00edpio e datas:<br \/>\n<\/strong>Dia do Munic\u00edpio (20 de mar\u00e7o)<br \/>\nExpo Charrua (sem data definida).<\/p>\n<p>&nbsp;<\/p>\n<p><strong>Ve\u00edculo de comunica\u00e7\u00e3o existente no munic\u00edpio:<br \/>\n<\/strong>R\u00e1dio Charrua FM (87,7) \u2013\u00a0 <a href=\"http:\/\/www.radiocharruafm.com.br\">www.radiocharruafm.com.br<\/a> \u2013 (54) 99650-6314.<\/p>\n","protected":false},"excerpt":{"rendered":"<p>Prefeito: GERSO JOS\u00c9 RONCAGLIO (PP) Vice-Prefeito: VILSEU FONTANA J\u00daNIOR (PP) Endere\u00e7o: Rua Padre R\u00e9us, 36 CEP: 99.960-000 Telefone: (54) 3108-0011 Site (Famurs): www.charrua.famurs.com.br Site Prefeitura:\u00a0http:\/\/www.charrua.rs.gov.br Anivers\u00e1rio: 23 de Maio Funda\u00e7\u00e3o:\u00a020 de Mar\u00e7o de 1992 \u00c1rea:\u00a0198,125 km\u00b2 Estimativa Popula\u00e7\u00e3o [2022]: 2.768 Dist\u00e2ncia de PoA: 355 km Dist\u00e2ncia de Erechim: 56 km Gent\u00edlico: Charruense Hist\u00f3ria Ap\u00f3s a [&hellip;]<\/p>\n","protected":false},"author":1,"featured_media":0,"parent":0,"menu_order":0,"comment_status":"closed","ping_status":"closed","template":"","meta":{"ocean_post_layout":"","ocean_both_sidebars_style":"","ocean_both_sidebars_content_width":0,"ocean_both_sidebars_sidebars_width":0,"ocean_sidebar":"0","ocean_second_sidebar":"0","ocean_disable_margins":"enable","ocean_add_body_class":"","ocean_shortcode_before_top_bar":"","ocean_shortcode_after_top_bar":"","ocean_shortcode_before_header":"","ocean_shortcode_after_header":"","ocean_has_shortcode":"","ocean_shortcode_after_title":"","ocean_shortcode_before_footer_widgets":"","ocean_shortcode_after_footer_widgets":"","ocean_shortcode_before_footer_bottom":"","ocean_shortcode_after_footer_bottom":"","ocean_display_top_bar":"default","ocean_display_header":"default","ocean_header_style":"","ocean_center_header_left_menu":"0","ocean_custom_header_template":"0","ocean_custom_logo":0,"ocean_custom_retina_logo":0,"ocean_custom_logo_max_width":0,"ocean_custom_logo_tablet_max_width":0,"ocean_custom_logo_mobile_max_width":0,"ocean_custom_logo_max_height":0,"ocean_custom_logo_tablet_max_height":0,"ocean_custom_logo_mobile_max_height":0,"ocean_header_custom_menu":"0","ocean_menu_typo_font_family":"0","ocean_menu_typo_font_subset":"","ocean_menu_typo_font_size":0,"ocean_menu_typo_font_size_tablet":0,"ocean_menu_typo_font_size_mobile":0,"ocean_menu_typo_font_size_unit":"px","ocean_menu_typo_font_weight":"","ocean_menu_typo_font_weight_tablet":"","ocean_menu_typo_font_weight_mobile":"","ocean_menu_typo_transform":"","ocean_menu_typo_transform_tablet":"","ocean_menu_typo_transform_mobile":"","ocean_menu_typo_line_height":0,"ocean_menu_typo_line_height_tablet":0,"ocean_menu_typo_line_height_mobile":0,"ocean_menu_typo_line_height_unit":"","ocean_menu_typo_spacing":0,"ocean_menu_typo_spacing_tablet":0,"ocean_menu_typo_spacing_mobile":0,"ocean_menu_typo_spacing_unit":"","ocean_menu_link_color":"","ocean_menu_link_color_hover":"","ocean_menu_link_color_active":"","ocean_menu_link_background":"","ocean_menu_link_hover_background":"","ocean_menu_link_active_background":"","ocean_menu_social_links_bg":"","ocean_menu_social_hover_links_bg":"","ocean_menu_social_links_color":"","ocean_menu_social_hover_links_color":"","ocean_disable_title":"default","ocean_disable_heading":"default","ocean_post_title":"","ocean_post_subheading":"","ocean_post_title_style":"","ocean_post_title_background_color":"","ocean_post_title_background":0,"ocean_post_title_bg_image_position":"","ocean_post_title_bg_image_attachment":"","ocean_post_title_bg_image_repeat":"","ocean_post_title_bg_image_size":"","ocean_post_title_height":0,"ocean_post_title_bg_overlay":0.5,"ocean_post_title_bg_overlay_color":"","ocean_disable_breadcrumbs":"default","ocean_breadcrumbs_color":"","ocean_breadcrumbs_separator_color":"","ocean_breadcrumbs_links_color":"","ocean_breadcrumbs_links_hover_color":"","ocean_display_footer_widgets":"default","ocean_display_footer_bottom":"default","ocean_custom_footer_template":"0","footnotes":""},"class_list":["post-1012","page","type-page","status-publish","hentry","entry"],"yoast_head":"<!-- This site is optimized with the Yoast SEO plugin v27.4 - https:\/\/yoast.com\/product\/yoast-seo-wordpress\/ -->\n<title>Charrua - AMAU - Associa\u00e7\u00e3o de Munic\u00edpios do Alto Uruguai<\/title>\n<meta name=\"robots\" content=\"index, follow, max-snippet:-1, max-image-preview:large, max-video-preview:-1\" \/>\n<link rel=\"canonical\" href=\"https:\/\/www.amau.com.br\/site\/charrua\/\" \/>\n<meta property=\"og:locale\" content=\"pt_BR\" \/>\n<meta property=\"og:type\" content=\"article\" \/>\n<meta property=\"og:title\" content=\"Charrua - AMAU - Associa\u00e7\u00e3o de Munic\u00edpios do Alto Uruguai\" \/>\n<meta property=\"og:description\" content=\"Prefeito: GERSO JOS\u00c9 RONCAGLIO (PP) Vice-Prefeito: VILSEU FONTANA J\u00daNIOR (PP) Endere\u00e7o: Rua Padre R\u00e9us, 36 CEP: 99.960-000 Telefone: (54) 3108-0011 Site (Famurs): www.charrua.famurs.com.br Site Prefeitura:\u00a0http:\/\/www.charrua.rs.gov.br Anivers\u00e1rio: 23 de Maio Funda\u00e7\u00e3o:\u00a020 de Mar\u00e7o de 1992 \u00c1rea:\u00a0198,125 km\u00b2 Estimativa Popula\u00e7\u00e3o [2022]: 2.768 Dist\u00e2ncia de PoA: 355 km Dist\u00e2ncia de Erechim: 56 km Gent\u00edlico: Charruense Hist\u00f3ria Ap\u00f3s a [&hellip;]\" \/>\n<meta property=\"og:url\" content=\"https:\/\/www.amau.com.br\/site\/charrua\/\" \/>\n<meta property=\"og:site_name\" content=\"AMAU - Associa\u00e7\u00e3o de Munic\u00edpios do Alto Uruguai\" \/>\n<meta property=\"article:publisher\" content=\"http:\/\/www.facebook.com\/amauaaltouruguai\" \/>\n<meta property=\"article:modified_time\" content=\"2025-02-12T13:51:32+00:00\" \/>\n<meta property=\"og:image\" content=\"https:\/\/www.amau.com.br\/site\/wp-content\/uploads\/2017\/04\/Bandeira_Charrua-150x150.jpg\" \/>\n<meta name=\"twitter:card\" content=\"summary_large_image\" \/>\n<meta name=\"twitter:label1\" content=\"Est. tempo de leitura\" \/>\n\t<meta name=\"twitter:data1\" content=\"2 minutos\" \/>\n<script type=\"application\/ld+json\" class=\"yoast-schema-graph\">{\"@context\":\"https:\\\/\\\/schema.org\",\"@graph\":[{\"@type\":\"WebPage\",\"@id\":\"https:\\\/\\\/www.amau.com.br\\\/site\\\/charrua\\\/\",\"url\":\"https:\\\/\\\/www.amau.com.br\\\/site\\\/charrua\\\/\",\"name\":\"Charrua - AMAU - Associa\u00e7\u00e3o de Munic\u00edpios do Alto Uruguai\",\"isPartOf\":{\"@id\":\"https:\\\/\\\/www.amau.com.br\\\/site\\\/#website\"},\"datePublished\":\"2017-04-27T04:49:18+00:00\",\"dateModified\":\"2025-02-12T13:51:32+00:00\",\"breadcrumb\":{\"@id\":\"https:\\\/\\\/www.amau.com.br\\\/site\\\/charrua\\\/#breadcrumb\"},\"inLanguage\":\"pt-BR\",\"potentialAction\":[{\"@type\":\"ReadAction\",\"target\":[\"https:\\\/\\\/www.amau.com.br\\\/site\\\/charrua\\\/\"]}]},{\"@type\":\"BreadcrumbList\",\"@id\":\"https:\\\/\\\/www.amau.com.br\\\/site\\\/charrua\\\/#breadcrumb\",\"itemListElement\":[{\"@type\":\"ListItem\",\"position\":1,\"name\":\"Home\",\"item\":\"https:\\\/\\\/www.amau.com.br\\\/site\\\/\"},{\"@type\":\"ListItem\",\"position\":2,\"name\":\"Charrua\"}]},{\"@type\":\"WebSite\",\"@id\":\"https:\\\/\\\/www.amau.com.br\\\/site\\\/#website\",\"url\":\"https:\\\/\\\/www.amau.com.br\\\/site\\\/\",\"name\":\"AMAU - Associa\u00e7\u00e3o de Munic\u00edpios do Alto Uruguai\",\"description\":\"Construindo alternativas para o desenvolvimento.\",\"publisher\":{\"@id\":\"https:\\\/\\\/www.amau.com.br\\\/site\\\/#organization\"},\"potentialAction\":[{\"@type\":\"SearchAction\",\"target\":{\"@type\":\"EntryPoint\",\"urlTemplate\":\"https:\\\/\\\/www.amau.com.br\\\/site\\\/?s={search_term_string}\"},\"query-input\":{\"@type\":\"PropertyValueSpecification\",\"valueRequired\":true,\"valueName\":\"search_term_string\"}}],\"inLanguage\":\"pt-BR\"},{\"@type\":\"Organization\",\"@id\":\"https:\\\/\\\/www.amau.com.br\\\/site\\\/#organization\",\"name\":\"AMAU - Associa\u00e7\u00e3o de Munic\u00edpios do Alto Uruguai\",\"url\":\"https:\\\/\\\/www.amau.com.br\\\/site\\\/\",\"logo\":{\"@type\":\"ImageObject\",\"inLanguage\":\"pt-BR\",\"@id\":\"https:\\\/\\\/www.amau.com.br\\\/site\\\/#\\\/schema\\\/logo\\\/image\\\/\",\"url\":\"https:\\\/\\\/www.amau.com.br\\\/site\\\/wp-content\\\/uploads\\\/2017\\\/04\\\/cropped-Amau-Logos-Site-300-1.png\",\"contentUrl\":\"https:\\\/\\\/www.amau.com.br\\\/site\\\/wp-content\\\/uploads\\\/2017\\\/04\\\/cropped-Amau-Logos-Site-300-1.png\",\"width\":807,\"height\":221,\"caption\":\"AMAU - Associa\u00e7\u00e3o de Munic\u00edpios do Alto Uruguai\"},\"image\":{\"@id\":\"https:\\\/\\\/www.amau.com.br\\\/site\\\/#\\\/schema\\\/logo\\\/image\\\/\"},\"sameAs\":[\"http:\\\/\\\/www.facebook.com\\\/amauaaltouruguai\"]}]}<\/script>\n<!-- \/ Yoast SEO plugin. -->","yoast_head_json":{"title":"Charrua - AMAU - Associa\u00e7\u00e3o de Munic\u00edpios do Alto Uruguai","robots":{"index":"index","follow":"follow","max-snippet":"max-snippet:-1","max-image-preview":"max-image-preview:large","max-video-preview":"max-video-preview:-1"},"canonical":"https:\/\/www.amau.com.br\/site\/charrua\/","og_locale":"pt_BR","og_type":"article","og_title":"Charrua - AMAU - Associa\u00e7\u00e3o de Munic\u00edpios do Alto Uruguai","og_description":"Prefeito: GERSO JOS\u00c9 RONCAGLIO (PP) Vice-Prefeito: VILSEU FONTANA J\u00daNIOR (PP) Endere\u00e7o: Rua Padre R\u00e9us, 36 CEP: 99.960-000 Telefone: (54) 3108-0011 Site (Famurs): www.charrua.famurs.com.br Site Prefeitura:\u00a0http:\/\/www.charrua.rs.gov.br Anivers\u00e1rio: 23 de Maio Funda\u00e7\u00e3o:\u00a020 de Mar\u00e7o de 1992 \u00c1rea:\u00a0198,125 km\u00b2 Estimativa Popula\u00e7\u00e3o [2022]: 2.768 Dist\u00e2ncia de PoA: 355 km Dist\u00e2ncia de Erechim: 56 km Gent\u00edlico: Charruense Hist\u00f3ria Ap\u00f3s a [&hellip;]","og_url":"https:\/\/www.amau.com.br\/site\/charrua\/","og_site_name":"AMAU - Associa\u00e7\u00e3o de Munic\u00edpios do Alto Uruguai","article_publisher":"http:\/\/www.facebook.com\/amauaaltouruguai","article_modified_time":"2025-02-12T13:51:32+00:00","og_image":[{"url":"https:\/\/www.amau.com.br\/site\/wp-content\/uploads\/2017\/04\/Bandeira_Charrua-150x150.jpg","type":"","width":"","height":""}],"twitter_card":"summary_large_image","twitter_misc":{"Est. tempo de leitura":"2 minutos"},"schema":{"@context":"https:\/\/schema.org","@graph":[{"@type":"WebPage","@id":"https:\/\/www.amau.com.br\/site\/charrua\/","url":"https:\/\/www.amau.com.br\/site\/charrua\/","name":"Charrua - AMAU - Associa\u00e7\u00e3o de Munic\u00edpios do Alto Uruguai","isPartOf":{"@id":"https:\/\/www.amau.com.br\/site\/#website"},"datePublished":"2017-04-27T04:49:18+00:00","dateModified":"2025-02-12T13:51:32+00:00","breadcrumb":{"@id":"https:\/\/www.amau.com.br\/site\/charrua\/#breadcrumb"},"inLanguage":"pt-BR","potentialAction":[{"@type":"ReadAction","target":["https:\/\/www.amau.com.br\/site\/charrua\/"]}]},{"@type":"BreadcrumbList","@id":"https:\/\/www.amau.com.br\/site\/charrua\/#breadcrumb","itemListElement":[{"@type":"ListItem","position":1,"name":"Home","item":"https:\/\/www.amau.com.br\/site\/"},{"@type":"ListItem","position":2,"name":"Charrua"}]},{"@type":"WebSite","@id":"https:\/\/www.amau.com.br\/site\/#website","url":"https:\/\/www.amau.com.br\/site\/","name":"AMAU - Associa\u00e7\u00e3o de Munic\u00edpios do Alto Uruguai","description":"Construindo alternativas para o desenvolvimento.","publisher":{"@id":"https:\/\/www.amau.com.br\/site\/#organization"},"potentialAction":[{"@type":"SearchAction","target":{"@type":"EntryPoint","urlTemplate":"https:\/\/www.amau.com.br\/site\/?s={search_term_string}"},"query-input":{"@type":"PropertyValueSpecification","valueRequired":true,"valueName":"search_term_string"}}],"inLanguage":"pt-BR"},{"@type":"Organization","@id":"https:\/\/www.amau.com.br\/site\/#organization","name":"AMAU - Associa\u00e7\u00e3o de Munic\u00edpios do Alto Uruguai","url":"https:\/\/www.amau.com.br\/site\/","logo":{"@type":"ImageObject","inLanguage":"pt-BR","@id":"https:\/\/www.amau.com.br\/site\/#\/schema\/logo\/image\/","url":"https:\/\/www.amau.com.br\/site\/wp-content\/uploads\/2017\/04\/cropped-Amau-Logos-Site-300-1.png","contentUrl":"https:\/\/www.amau.com.br\/site\/wp-content\/uploads\/2017\/04\/cropped-Amau-Logos-Site-300-1.png","width":807,"height":221,"caption":"AMAU - Associa\u00e7\u00e3o de Munic\u00edpios do Alto Uruguai"},"image":{"@id":"https:\/\/www.amau.com.br\/site\/#\/schema\/logo\/image\/"},"sameAs":["http:\/\/www.facebook.com\/amauaaltouruguai"]}]}},"_links":{"self":[{"href":"https:\/\/www.amau.com.br\/site\/wp-json\/wp\/v2\/pages\/1012","targetHints":{"allow":["GET"]}}],"collection":[{"href":"https:\/\/www.amau.com.br\/site\/wp-json\/wp\/v2\/pages"}],"about":[{"href":"https:\/\/www.amau.com.br\/site\/wp-json\/wp\/v2\/types\/page"}],"author":[{"embeddable":true,"href":"https:\/\/www.amau.com.br\/site\/wp-json\/wp\/v2\/users\/1"}],"replies":[{"embeddable":true,"href":"https:\/\/www.amau.com.br\/site\/wp-json\/wp\/v2\/comments?post=1012"}],"version-history":[{"count":0,"href":"https:\/\/www.amau.com.br\/site\/wp-json\/wp\/v2\/pages\/1012\/revisions"}],"wp:attachment":[{"href":"https:\/\/www.amau.com.br\/site\/wp-json\/wp\/v2\/media?parent=1012"}],"curies":[{"name":"wp","href":"https:\/\/api.w.org\/{rel}","templated":true}]}}