{"id":1010,"date":"2017-04-27T01:48:52","date_gmt":"2017-04-27T04:48:52","guid":{"rendered":"http:\/\/amau.com.br\/site\/?page_id=1010"},"modified":"2025-01-17T13:53:59","modified_gmt":"2025-01-17T16:53:59","slug":"centenario","status":"publish","type":"page","link":"https:\/\/www.amau.com.br\/site\/centenario\/","title":{"rendered":"Centen\u00e1rio"},"content":{"rendered":"<p><strong>Prefeito: GENOIR MARCOS FLOREK<\/strong> (PL)<br \/>\n<strong>Vice-Prefeito: CASSIO JOSE KOLCENTI <\/strong>(PP)<\/p>\n<p><strong>Endere\u00e7o:\u00a0<\/strong>Avenida Antonio Menegati, 845<br \/>\n<strong>CEP:<\/strong> 99.838-000<br \/>\n<strong>Telefone:\u00a0<\/strong>(54) 3321-5133<br \/>\n<strong>Site (Famurs):\u00a0<\/strong>www.centenario.famurs.com.br<\/p>\n<p><strong>Site Prefeitura:<\/strong>\u00a0<a href=\"https:\/\/www.centenario.rs.gov.br\/\">https:\/\/www.centenario.rs.gov.br\/<\/a><\/p>\n<p><strong>Funda\u00e7\u00e3o: <\/strong>20 de Marc\u00e7o de 1992<strong><br \/>\n\u00c1rea:\u00a0<\/strong>134,331 km\u00b2<\/p>\n<p><strong><b>Estimativa Popula\u00e7\u00e3o [2022]:<\/b> 2.721<\/strong><\/p>\n<p><strong>Dist\u00e2ncia de PoA:<\/strong> 398 km<br \/>\n<strong>Dist\u00e2ncia de Erechim: <\/strong>39,6 KM<br \/>\n<strong>Gent\u00edlico:<\/strong> Centenariense<\/p>\n<div id='gallery-1' class='gallery galleryid-1010 gallery-columns-3 gallery-size-thumbnail'><figure class='gallery-item'>\n\t\t\t<div class='gallery-icon portrait'>\n\t\t\t\t<a href='https:\/\/www.amau.com.br\/site\/wp-content\/uploads\/2017\/04\/Bras\u00e3o_Centen\u00e1rio.jpg'><img decoding=\"async\" width=\"150\" height=\"150\" src=\"https:\/\/www.amau.com.br\/site\/wp-content\/uploads\/2017\/04\/Bras\u00e3o_Centen\u00e1rio-150x150.jpg\" class=\"attachment-thumbnail size-thumbnail\" alt=\"\" aria-describedby=\"gallery-1-1587\" srcset=\"https:\/\/www.amau.com.br\/site\/wp-content\/uploads\/2017\/04\/Bras\u00e3o_Centen\u00e1rio-150x150.jpg 150w, https:\/\/www.amau.com.br\/site\/wp-content\/uploads\/2017\/04\/Bras\u00e3o_Centen\u00e1rio-230x230.jpg 230w, https:\/\/www.amau.com.br\/site\/wp-content\/uploads\/2017\/04\/Bras\u00e3o_Centen\u00e1rio-365x365.jpg 365w, https:\/\/www.amau.com.br\/site\/wp-content\/uploads\/2017\/04\/Bras\u00e3o_Centen\u00e1rio-50x50.jpg 50w\" sizes=\"(max-width: 150px) 100vw, 150px\" \/><\/a>\n\t\t\t<\/div>\n\t\t\t\t<figcaption class='wp-caption-text gallery-caption' id='gallery-1-1587'>\n\t\t\t\tBras\u00e3o\n\t\t\t\t<\/figcaption><\/figure>\n\t\t<\/div>\n\n<p><strong>Hist\u00f3ria<\/strong><\/p>\n<div id=\"article\">\n<div id=\"container-article\">\n<div id=\"programacao\">\n<div class=\"conteudo-ajax\">\n<p>O in\u00edcio da coloniza\u00e7\u00e3o entre 1900 e 1902, \u00e0s margens do rio Peixe expandia o munic\u00edpio de Centen\u00e1rio que foi composto por descendentes de imigrantes europeus, sobretudo por poloneses. A fonte econ\u00f4mica baseia-se na agricultura, na produ\u00e7\u00e3o de soja, milho, trigo, erva-mate, feij\u00e3o e fumo, na suinocultura e na cria\u00e7\u00e3o de gado.<\/p>\n<p>Este vilarejo tornou-se passagem de cavaleiros e carroceiros, devido ao forte com\u00e9rcio regional, que na \u00e9poca. Tinha como principal ponto, a localidade de Linha Valeriano, onde hoje \u00e9 o munic\u00edpio de Centen\u00e1rio.<\/p>\n<p>A vegeta\u00e7\u00e3o local era formada por uma densa mata, em sua maioria de arauc\u00e1rias que serviram de mat\u00e9ria-prima para a constru\u00e7\u00e3o de suas casas. O pinh\u00e3o testado como nova alimenta\u00e7\u00e3o para c\u00e3es, posteriormente garantiu a susbsist\u00eancia deste povoado.<\/p>\n<p>Vivendo em comunidades de poucos recursos, a educa\u00e7\u00e3o dos filhos dos habitantes locais era conduzida nas pr\u00f3prias casas, sendo que as aulas eram ministradas na l\u00edngua de origem deles, o polon\u00eas.<\/p>\n<p>Em 1908, chegaram mais colonos imigrantes, constitu\u00edram uma comunidade, a qual denominaram &#8220;S\u00e3o Paulo&#8221;, demonstrando sua religiosidade posteriormente a localidade de S\u00e3o Paulo passou a chamar-se Vila Centen\u00e1rio, advindo da\u00ed o nome do munic\u00edpio. O povo de Centen\u00e1rio, agora emancipado, almeja com a nova conquista o incremento de sua produ\u00e7\u00e3o agr\u00edcola atrav\u00e9s do crescente desenvolvimento desta regi\u00e3o.<\/p>\n<\/div>\n<\/div>\n<\/div>\n<\/div>\n","protected":false},"excerpt":{"rendered":"<p>Prefeito: GENOIR MARCOS FLOREK (PL) Vice-Prefeito: CASSIO JOSE KOLCENTI (PP) Endere\u00e7o:\u00a0Avenida Antonio Menegati, 845 CEP: 99.838-000 Telefone:\u00a0(54) 3321-5133 Site (Famurs):\u00a0www.centenario.famurs.com.br Site Prefeitura:\u00a0https:\/\/www.centenario.rs.gov.br\/ Funda\u00e7\u00e3o: 20 de Marc\u00e7o de 1992 \u00c1rea:\u00a0134,331 km\u00b2 Estimativa Popula\u00e7\u00e3o [2022]: 2.721 Dist\u00e2ncia de PoA: 398 km Dist\u00e2ncia de Erechim: 39,6 KM Gent\u00edlico: Centenariense Hist\u00f3ria O in\u00edcio da coloniza\u00e7\u00e3o entre 1900 e 1902, [&hellip;]<\/p>\n","protected":false},"author":1,"featured_media":0,"parent":0,"menu_order":0,"comment_status":"closed","ping_status":"closed","template":"","meta":{"ocean_post_layout":"","ocean_both_sidebars_style":"","ocean_both_sidebars_content_width":0,"ocean_both_sidebars_sidebars_width":0,"ocean_sidebar":"0","ocean_second_sidebar":"0","ocean_disable_margins":"enable","ocean_add_body_class":"","ocean_shortcode_before_top_bar":"","ocean_shortcode_after_top_bar":"","ocean_shortcode_before_header":"","ocean_shortcode_after_header":"","ocean_has_shortcode":"","ocean_shortcode_after_title":"","ocean_shortcode_before_footer_widgets":"","ocean_shortcode_after_footer_widgets":"","ocean_shortcode_before_footer_bottom":"","ocean_shortcode_after_footer_bottom":"","ocean_display_top_bar":"default","ocean_display_header":"default","ocean_header_style":"","ocean_center_header_left_menu":"0","ocean_custom_header_template":"0","ocean_custom_logo":0,"ocean_custom_retina_logo":0,"ocean_custom_logo_max_width":0,"ocean_custom_logo_tablet_max_width":0,"ocean_custom_logo_mobile_max_width":0,"ocean_custom_logo_max_height":0,"ocean_custom_logo_tablet_max_height":0,"ocean_custom_logo_mobile_max_height":0,"ocean_header_custom_menu":"0","ocean_menu_typo_font_family":"0","ocean_menu_typo_font_subset":"","ocean_menu_typo_font_size":0,"ocean_menu_typo_font_size_tablet":0,"ocean_menu_typo_font_size_mobile":0,"ocean_menu_typo_font_size_unit":"px","ocean_menu_typo_font_weight":"","ocean_menu_typo_font_weight_tablet":"","ocean_menu_typo_font_weight_mobile":"","ocean_menu_typo_transform":"","ocean_menu_typo_transform_tablet":"","ocean_menu_typo_transform_mobile":"","ocean_menu_typo_line_height":0,"ocean_menu_typo_line_height_tablet":0,"ocean_menu_typo_line_height_mobile":0,"ocean_menu_typo_line_height_unit":"","ocean_menu_typo_spacing":0,"ocean_menu_typo_spacing_tablet":0,"ocean_menu_typo_spacing_mobile":0,"ocean_menu_typo_spacing_unit":"","ocean_menu_link_color":"","ocean_menu_link_color_hover":"","ocean_menu_link_color_active":"","ocean_menu_link_background":"","ocean_menu_link_hover_background":"","ocean_menu_link_active_background":"","ocean_menu_social_links_bg":"","ocean_menu_social_hover_links_bg":"","ocean_menu_social_links_color":"","ocean_menu_social_hover_links_color":"","ocean_disable_title":"default","ocean_disable_heading":"default","ocean_post_title":"","ocean_post_subheading":"","ocean_post_title_style":"","ocean_post_title_background_color":"","ocean_post_title_background":0,"ocean_post_title_bg_image_position":"","ocean_post_title_bg_image_attachment":"","ocean_post_title_bg_image_repeat":"","ocean_post_title_bg_image_size":"","ocean_post_title_height":0,"ocean_post_title_bg_overlay":0.5,"ocean_post_title_bg_overlay_color":"","ocean_disable_breadcrumbs":"default","ocean_breadcrumbs_color":"","ocean_breadcrumbs_separator_color":"","ocean_breadcrumbs_links_color":"","ocean_breadcrumbs_links_hover_color":"","ocean_display_footer_widgets":"default","ocean_display_footer_bottom":"default","ocean_custom_footer_template":"0","footnotes":""},"class_list":["post-1010","page","type-page","status-publish","hentry","entry"],"yoast_head":"<!-- This site is optimized with the Yoast SEO plugin v27.4 - https:\/\/yoast.com\/product\/yoast-seo-wordpress\/ -->\n<title>Centen\u00e1rio - AMAU - Associa\u00e7\u00e3o de Munic\u00edpios do Alto Uruguai<\/title>\n<meta name=\"robots\" content=\"index, follow, max-snippet:-1, max-image-preview:large, max-video-preview:-1\" \/>\n<link rel=\"canonical\" href=\"https:\/\/www.amau.com.br\/site\/centenario\/\" \/>\n<meta property=\"og:locale\" content=\"pt_BR\" \/>\n<meta property=\"og:type\" content=\"article\" \/>\n<meta property=\"og:title\" content=\"Centen\u00e1rio - AMAU - Associa\u00e7\u00e3o de Munic\u00edpios do Alto Uruguai\" \/>\n<meta property=\"og:description\" content=\"Prefeito: GENOIR MARCOS FLOREK (PL) Vice-Prefeito: CASSIO JOSE KOLCENTI (PP) Endere\u00e7o:\u00a0Avenida Antonio Menegati, 845 CEP: 99.838-000 Telefone:\u00a0(54) 3321-5133 Site (Famurs):\u00a0www.centenario.famurs.com.br Site Prefeitura:\u00a0https:\/\/www.centenario.rs.gov.br\/ Funda\u00e7\u00e3o: 20 de Marc\u00e7o de 1992 \u00c1rea:\u00a0134,331 km\u00b2 Estimativa Popula\u00e7\u00e3o [2022]: 2.721 Dist\u00e2ncia de PoA: 398 km Dist\u00e2ncia de Erechim: 39,6 KM Gent\u00edlico: Centenariense Hist\u00f3ria O in\u00edcio da coloniza\u00e7\u00e3o entre 1900 e 1902, [&hellip;]\" \/>\n<meta property=\"og:url\" content=\"https:\/\/www.amau.com.br\/site\/centenario\/\" \/>\n<meta property=\"og:site_name\" content=\"AMAU - Associa\u00e7\u00e3o de Munic\u00edpios do Alto Uruguai\" \/>\n<meta property=\"article:publisher\" content=\"http:\/\/www.facebook.com\/amauaaltouruguai\" \/>\n<meta property=\"article:modified_time\" content=\"2025-01-17T16:53:59+00:00\" \/>\n<meta property=\"og:image\" content=\"https:\/\/www.amau.com.br\/site\/wp-content\/uploads\/2017\/04\/Bras\u00e3o_Centen\u00e1rio-150x150.jpg\" \/>\n<meta name=\"twitter:card\" content=\"summary_large_image\" \/>\n<meta name=\"twitter:label1\" content=\"Est. tempo de leitura\" \/>\n\t<meta name=\"twitter:data1\" content=\"2 minutos\" \/>\n<script type=\"application\/ld+json\" class=\"yoast-schema-graph\">{\"@context\":\"https:\\\/\\\/schema.org\",\"@graph\":[{\"@type\":\"WebPage\",\"@id\":\"https:\\\/\\\/www.amau.com.br\\\/site\\\/centenario\\\/\",\"url\":\"https:\\\/\\\/www.amau.com.br\\\/site\\\/centenario\\\/\",\"name\":\"Centen\u00e1rio - AMAU - Associa\u00e7\u00e3o de Munic\u00edpios do Alto Uruguai\",\"isPartOf\":{\"@id\":\"https:\\\/\\\/www.amau.com.br\\\/site\\\/#website\"},\"datePublished\":\"2017-04-27T04:48:52+00:00\",\"dateModified\":\"2025-01-17T16:53:59+00:00\",\"breadcrumb\":{\"@id\":\"https:\\\/\\\/www.amau.com.br\\\/site\\\/centenario\\\/#breadcrumb\"},\"inLanguage\":\"pt-BR\",\"potentialAction\":[{\"@type\":\"ReadAction\",\"target\":[\"https:\\\/\\\/www.amau.com.br\\\/site\\\/centenario\\\/\"]}]},{\"@type\":\"BreadcrumbList\",\"@id\":\"https:\\\/\\\/www.amau.com.br\\\/site\\\/centenario\\\/#breadcrumb\",\"itemListElement\":[{\"@type\":\"ListItem\",\"position\":1,\"name\":\"Home\",\"item\":\"https:\\\/\\\/www.amau.com.br\\\/site\\\/\"},{\"@type\":\"ListItem\",\"position\":2,\"name\":\"Centen\u00e1rio\"}]},{\"@type\":\"WebSite\",\"@id\":\"https:\\\/\\\/www.amau.com.br\\\/site\\\/#website\",\"url\":\"https:\\\/\\\/www.amau.com.br\\\/site\\\/\",\"name\":\"AMAU - Associa\u00e7\u00e3o de Munic\u00edpios do Alto Uruguai\",\"description\":\"Construindo alternativas para o desenvolvimento.\",\"publisher\":{\"@id\":\"https:\\\/\\\/www.amau.com.br\\\/site\\\/#organization\"},\"potentialAction\":[{\"@type\":\"SearchAction\",\"target\":{\"@type\":\"EntryPoint\",\"urlTemplate\":\"https:\\\/\\\/www.amau.com.br\\\/site\\\/?s={search_term_string}\"},\"query-input\":{\"@type\":\"PropertyValueSpecification\",\"valueRequired\":true,\"valueName\":\"search_term_string\"}}],\"inLanguage\":\"pt-BR\"},{\"@type\":\"Organization\",\"@id\":\"https:\\\/\\\/www.amau.com.br\\\/site\\\/#organization\",\"name\":\"AMAU - Associa\u00e7\u00e3o de Munic\u00edpios do Alto Uruguai\",\"url\":\"https:\\\/\\\/www.amau.com.br\\\/site\\\/\",\"logo\":{\"@type\":\"ImageObject\",\"inLanguage\":\"pt-BR\",\"@id\":\"https:\\\/\\\/www.amau.com.br\\\/site\\\/#\\\/schema\\\/logo\\\/image\\\/\",\"url\":\"https:\\\/\\\/www.amau.com.br\\\/site\\\/wp-content\\\/uploads\\\/2017\\\/04\\\/cropped-Amau-Logos-Site-300-1.png\",\"contentUrl\":\"https:\\\/\\\/www.amau.com.br\\\/site\\\/wp-content\\\/uploads\\\/2017\\\/04\\\/cropped-Amau-Logos-Site-300-1.png\",\"width\":807,\"height\":221,\"caption\":\"AMAU - Associa\u00e7\u00e3o de Munic\u00edpios do Alto Uruguai\"},\"image\":{\"@id\":\"https:\\\/\\\/www.amau.com.br\\\/site\\\/#\\\/schema\\\/logo\\\/image\\\/\"},\"sameAs\":[\"http:\\\/\\\/www.facebook.com\\\/amauaaltouruguai\"]}]}<\/script>\n<!-- \/ Yoast SEO plugin. -->","yoast_head_json":{"title":"Centen\u00e1rio - AMAU - Associa\u00e7\u00e3o de Munic\u00edpios do Alto Uruguai","robots":{"index":"index","follow":"follow","max-snippet":"max-snippet:-1","max-image-preview":"max-image-preview:large","max-video-preview":"max-video-preview:-1"},"canonical":"https:\/\/www.amau.com.br\/site\/centenario\/","og_locale":"pt_BR","og_type":"article","og_title":"Centen\u00e1rio - AMAU - Associa\u00e7\u00e3o de Munic\u00edpios do Alto Uruguai","og_description":"Prefeito: GENOIR MARCOS FLOREK (PL) Vice-Prefeito: CASSIO JOSE KOLCENTI (PP) Endere\u00e7o:\u00a0Avenida Antonio Menegati, 845 CEP: 99.838-000 Telefone:\u00a0(54) 3321-5133 Site (Famurs):\u00a0www.centenario.famurs.com.br Site Prefeitura:\u00a0https:\/\/www.centenario.rs.gov.br\/ Funda\u00e7\u00e3o: 20 de Marc\u00e7o de 1992 \u00c1rea:\u00a0134,331 km\u00b2 Estimativa Popula\u00e7\u00e3o [2022]: 2.721 Dist\u00e2ncia de PoA: 398 km Dist\u00e2ncia de Erechim: 39,6 KM Gent\u00edlico: Centenariense Hist\u00f3ria O in\u00edcio da coloniza\u00e7\u00e3o entre 1900 e 1902, [&hellip;]","og_url":"https:\/\/www.amau.com.br\/site\/centenario\/","og_site_name":"AMAU - Associa\u00e7\u00e3o de Munic\u00edpios do Alto Uruguai","article_publisher":"http:\/\/www.facebook.com\/amauaaltouruguai","article_modified_time":"2025-01-17T16:53:59+00:00","og_image":[{"url":"https:\/\/www.amau.com.br\/site\/wp-content\/uploads\/2017\/04\/Bras\u00e3o_Centen\u00e1rio-150x150.jpg","type":"","width":"","height":""}],"twitter_card":"summary_large_image","twitter_misc":{"Est. tempo de leitura":"2 minutos"},"schema":{"@context":"https:\/\/schema.org","@graph":[{"@type":"WebPage","@id":"https:\/\/www.amau.com.br\/site\/centenario\/","url":"https:\/\/www.amau.com.br\/site\/centenario\/","name":"Centen\u00e1rio - AMAU - Associa\u00e7\u00e3o de Munic\u00edpios do Alto Uruguai","isPartOf":{"@id":"https:\/\/www.amau.com.br\/site\/#website"},"datePublished":"2017-04-27T04:48:52+00:00","dateModified":"2025-01-17T16:53:59+00:00","breadcrumb":{"@id":"https:\/\/www.amau.com.br\/site\/centenario\/#breadcrumb"},"inLanguage":"pt-BR","potentialAction":[{"@type":"ReadAction","target":["https:\/\/www.amau.com.br\/site\/centenario\/"]}]},{"@type":"BreadcrumbList","@id":"https:\/\/www.amau.com.br\/site\/centenario\/#breadcrumb","itemListElement":[{"@type":"ListItem","position":1,"name":"Home","item":"https:\/\/www.amau.com.br\/site\/"},{"@type":"ListItem","position":2,"name":"Centen\u00e1rio"}]},{"@type":"WebSite","@id":"https:\/\/www.amau.com.br\/site\/#website","url":"https:\/\/www.amau.com.br\/site\/","name":"AMAU - Associa\u00e7\u00e3o de Munic\u00edpios do Alto Uruguai","description":"Construindo alternativas para o desenvolvimento.","publisher":{"@id":"https:\/\/www.amau.com.br\/site\/#organization"},"potentialAction":[{"@type":"SearchAction","target":{"@type":"EntryPoint","urlTemplate":"https:\/\/www.amau.com.br\/site\/?s={search_term_string}"},"query-input":{"@type":"PropertyValueSpecification","valueRequired":true,"valueName":"search_term_string"}}],"inLanguage":"pt-BR"},{"@type":"Organization","@id":"https:\/\/www.amau.com.br\/site\/#organization","name":"AMAU - Associa\u00e7\u00e3o de Munic\u00edpios do Alto Uruguai","url":"https:\/\/www.amau.com.br\/site\/","logo":{"@type":"ImageObject","inLanguage":"pt-BR","@id":"https:\/\/www.amau.com.br\/site\/#\/schema\/logo\/image\/","url":"https:\/\/www.amau.com.br\/site\/wp-content\/uploads\/2017\/04\/cropped-Amau-Logos-Site-300-1.png","contentUrl":"https:\/\/www.amau.com.br\/site\/wp-content\/uploads\/2017\/04\/cropped-Amau-Logos-Site-300-1.png","width":807,"height":221,"caption":"AMAU - Associa\u00e7\u00e3o de Munic\u00edpios do Alto Uruguai"},"image":{"@id":"https:\/\/www.amau.com.br\/site\/#\/schema\/logo\/image\/"},"sameAs":["http:\/\/www.facebook.com\/amauaaltouruguai"]}]}},"_links":{"self":[{"href":"https:\/\/www.amau.com.br\/site\/wp-json\/wp\/v2\/pages\/1010","targetHints":{"allow":["GET"]}}],"collection":[{"href":"https:\/\/www.amau.com.br\/site\/wp-json\/wp\/v2\/pages"}],"about":[{"href":"https:\/\/www.amau.com.br\/site\/wp-json\/wp\/v2\/types\/page"}],"author":[{"embeddable":true,"href":"https:\/\/www.amau.com.br\/site\/wp-json\/wp\/v2\/users\/1"}],"replies":[{"embeddable":true,"href":"https:\/\/www.amau.com.br\/site\/wp-json\/wp\/v2\/comments?post=1010"}],"version-history":[{"count":0,"href":"https:\/\/www.amau.com.br\/site\/wp-json\/wp\/v2\/pages\/1010\/revisions"}],"wp:attachment":[{"href":"https:\/\/www.amau.com.br\/site\/wp-json\/wp\/v2\/media?parent=1010"}],"curies":[{"name":"wp","href":"https:\/\/api.w.org\/{rel}","templated":true}]}}