{"id":1006,"date":"2017-04-27T01:47:23","date_gmt":"2017-04-27T04:47:23","guid":{"rendered":"http:\/\/amau.com.br\/site\/?page_id=1006"},"modified":"2025-02-12T10:41:10","modified_gmt":"2025-02-12T13:41:10","slug":"campinas-do-sul","status":"publish","type":"page","link":"https:\/\/www.amau.com.br\/site\/campinas-do-sul\/","title":{"rendered":"Campinas do Sul"},"content":{"rendered":"<p><strong>Prefeito:<\/strong> <strong>PAULO SERGIO BATTISTI<\/strong> (UNI\u00c3O BRASIL)<br \/>\n<strong>Vice-Prefeita:<\/strong> EDUARDO ZANNONI (REPUBLICANOS)<\/p>\n<p><strong>Endere\u00e7o:<\/strong> Rua General Daltro Filho, 999<br \/>\n<strong>CEP:<\/strong> 99.660-000<br \/>\n<strong>Telefone:<\/strong> (54) 9 9211-9513<br \/>\n<strong>Site (Famurs):<\/strong> <a href=\"http:\/\/www.campinasdosul.famurs.com.br\/\">www.campinasdosul.famurs.com.br<br \/>\n<\/a><strong>Site (Prefeitura):\u00a0<\/strong><a href=\"http:\/\/www.campinasdosul.rs.gov.br\/\" target=\"_self\" rel=\"noopener\">www.campinasdosul.rs.gov.br<\/a><\/p>\n<p><strong>Anivers\u00e1rio:<\/strong> 31 de Maio<br \/>\n<strong>Funda\u00e7\u00e3o:\u00a0<\/strong>31 de janeiro de 1959<strong><br \/>\n\u00c1rea:<\/strong> 261,321 km\u00b2<br \/>\n<strong>Popula\u00e7\u00e3o estimada [2022]: <\/strong>5.284<\/p>\n<p><strong>Dist\u00e2ncia de PoA:<\/strong> 399 km<br \/>\n<strong>Dist\u00e2ncia de Erechim<\/strong>: 43 Km<\/p>\n<p><strong>Gent\u00edlico:<\/strong> Sulcampinense<\/p>\n<div id='gallery-1' class='gallery galleryid-1006 gallery-columns-3 gallery-size-thumbnail'><figure class='gallery-item'>\n\t\t\t<div class='gallery-icon portrait'>\n\t\t\t\t<a href='https:\/\/www.amau.com.br\/site\/campinas-do-sul\/brasao_campinas_do_sul\/'><img decoding=\"async\" width=\"150\" height=\"150\" src=\"https:\/\/www.amau.com.br\/site\/wp-content\/uploads\/2017\/04\/Bras\u00e3o_Campinas_do_Sul-150x150.jpg\" class=\"attachment-thumbnail size-thumbnail\" alt=\"\" aria-describedby=\"gallery-1-1575\" srcset=\"https:\/\/www.amau.com.br\/site\/wp-content\/uploads\/2017\/04\/Bras\u00e3o_Campinas_do_Sul-150x150.jpg 150w, https:\/\/www.amau.com.br\/site\/wp-content\/uploads\/2017\/04\/Bras\u00e3o_Campinas_do_Sul-50x50.jpg 50w\" sizes=\"(max-width: 150px) 100vw, 150px\" \/><\/a>\n\t\t\t<\/div>\n\t\t\t\t<figcaption class='wp-caption-text gallery-caption' id='gallery-1-1575'>\n\t\t\t\tBras\u00e3o\n\t\t\t\t<\/figcaption><\/figure><figure class='gallery-item'>\n\t\t\t<div class='gallery-icon landscape'>\n\t\t\t\t<a href='https:\/\/www.amau.com.br\/site\/campinas-do-sul\/prefeitura\/'><img decoding=\"async\" width=\"150\" height=\"150\" src=\"https:\/\/www.amau.com.br\/site\/wp-content\/uploads\/2017\/04\/Prefeitura-150x150.jpg\" class=\"attachment-thumbnail size-thumbnail\" alt=\"\" aria-describedby=\"gallery-1-1578\" srcset=\"https:\/\/www.amau.com.br\/site\/wp-content\/uploads\/2017\/04\/Prefeitura-150x150.jpg 150w, https:\/\/www.amau.com.br\/site\/wp-content\/uploads\/2017\/04\/Prefeitura-230x230.jpg 230w, https:\/\/www.amau.com.br\/site\/wp-content\/uploads\/2017\/04\/Prefeitura-365x365.jpg 365w, https:\/\/www.amau.com.br\/site\/wp-content\/uploads\/2017\/04\/Prefeitura-50x50.jpg 50w\" sizes=\"(max-width: 150px) 100vw, 150px\" \/><\/a>\n\t\t\t<\/div>\n\t\t\t\t<figcaption class='wp-caption-text gallery-caption' id='gallery-1-1578'>\n\t\t\t\tPrefeitura\n\t\t\t\t<\/figcaption><\/figure><figure class='gallery-item'>\n\t\t\t<div class='gallery-icon landscape'>\n\t\t\t\t<a href='https:\/\/www.amau.com.br\/site\/campinas-do-sul\/portico1\/'><img decoding=\"async\" width=\"150\" height=\"150\" src=\"https:\/\/www.amau.com.br\/site\/wp-content\/uploads\/2017\/04\/Portico1-150x150.jpg\" class=\"attachment-thumbnail size-thumbnail\" alt=\"\" aria-describedby=\"gallery-1-1576\" srcset=\"https:\/\/www.amau.com.br\/site\/wp-content\/uploads\/2017\/04\/Portico1-150x150.jpg 150w, https:\/\/www.amau.com.br\/site\/wp-content\/uploads\/2017\/04\/Portico1-230x230.jpg 230w, https:\/\/www.amau.com.br\/site\/wp-content\/uploads\/2017\/04\/Portico1-365x365.jpg 365w, https:\/\/www.amau.com.br\/site\/wp-content\/uploads\/2017\/04\/Portico1-50x50.jpg 50w\" sizes=\"(max-width: 150px) 100vw, 150px\" \/><\/a>\n\t\t\t<\/div>\n\t\t\t\t<figcaption class='wp-caption-text gallery-caption' id='gallery-1-1576'>\n\t\t\t\tP\u00f3rtico\n\t\t\t\t<\/figcaption><\/figure><figure class='gallery-item'>\n\t\t\t<div class='gallery-icon landscape'>\n\t\t\t\t<a href='https:\/\/www.amau.com.br\/site\/campinas-do-sul\/praca\/'><img loading=\"lazy\" decoding=\"async\" width=\"150\" height=\"150\" src=\"https:\/\/www.amau.com.br\/site\/wp-content\/uploads\/2017\/04\/Pra\u00e7a-150x150.jpg\" class=\"attachment-thumbnail size-thumbnail\" alt=\"\" srcset=\"https:\/\/www.amau.com.br\/site\/wp-content\/uploads\/2017\/04\/Pra\u00e7a-150x150.jpg 150w, https:\/\/www.amau.com.br\/site\/wp-content\/uploads\/2017\/04\/Pra\u00e7a-230x230.jpg 230w, https:\/\/www.amau.com.br\/site\/wp-content\/uploads\/2017\/04\/Pra\u00e7a-365x365.jpg 365w, https:\/\/www.amau.com.br\/site\/wp-content\/uploads\/2017\/04\/Pra\u00e7a-50x50.jpg 50w\" sizes=\"(max-width: 150px) 100vw, 150px\" \/><\/a>\n\t\t\t<\/div><\/figure><figure class='gallery-item'>\n\t\t\t<div class='gallery-icon landscape'>\n\t\t\t\t<a href='https:\/\/www.amau.com.br\/site\/campinas-do-sul\/alagado-do-rio-passo-fundo\/'><img loading=\"lazy\" decoding=\"async\" width=\"150\" height=\"150\" src=\"https:\/\/www.amau.com.br\/site\/wp-content\/uploads\/2017\/04\/Alagado-do-Rio-Passo-Fundo-150x150.jpg\" class=\"attachment-thumbnail size-thumbnail\" alt=\"\" aria-describedby=\"gallery-1-1574\" srcset=\"https:\/\/www.amau.com.br\/site\/wp-content\/uploads\/2017\/04\/Alagado-do-Rio-Passo-Fundo-150x150.jpg 150w, https:\/\/www.amau.com.br\/site\/wp-content\/uploads\/2017\/04\/Alagado-do-Rio-Passo-Fundo-230x230.jpg 230w, https:\/\/www.amau.com.br\/site\/wp-content\/uploads\/2017\/04\/Alagado-do-Rio-Passo-Fundo-365x365.jpg 365w, https:\/\/www.amau.com.br\/site\/wp-content\/uploads\/2017\/04\/Alagado-do-Rio-Passo-Fundo-50x50.jpg 50w\" sizes=\"(max-width: 150px) 100vw, 150px\" \/><\/a>\n\t\t\t<\/div>\n\t\t\t\t<figcaption class='wp-caption-text gallery-caption' id='gallery-1-1574'>\n\t\t\t\tAlagado do Rio Passo Fundo\n\t\t\t\t<\/figcaption><\/figure>\n\t\t<\/div>\n\n<p><strong>Hist\u00f3ria<\/strong><\/p>\n<p>O in\u00edcio da coloniza\u00e7\u00e3o de Campinas do Sul deu-se por volta da d\u00e9cada de 1920\/1930. Mas o maior impulso verificou-se nos anos de 1939 e 1940, quando levas crescentes de colonos aportaram \u00e0 ent\u00e3o denominada Vila Oungre nome primitivo do atual munic\u00edpio. Os imigrantes, em sua maioria de origem italiana, seguidos de elementos de origem germ\u00e2nica, procediam das chamadas col\u00f4nias velhas, ou seja, da regi\u00e3o da grande Caxias do Sul e do Vale dos Sinos, que demandavam aos campos de Vila Oungre, atra\u00eddos pela fertilidade do solo e pela topografia favor\u00e1vel ao desenvolvimento das mais variadas culturas agr\u00edcolas. A extra\u00e7\u00e3o da madeira de pinho foi uma das principais atividades dos primeiros desbravadores, dada a abund\u00e2ncia da esp\u00e9cie &#8220;araucaria angustifolia&#8221;, nos prim\u00f3rdios da coloniza\u00e7\u00e3o.<br \/>\nA riqueza criada pela ind\u00fastria da madeira e pela florescente agricultura propiciou um r\u00e1pido desenvolvimento \u00e0 nova comunidade e um incessante afluxo de colonos, industriais da madeira e comerciantes, que ensejaram o surgimento da Vila de Campinas do Sul, tendo ao seu redor um dos maiores celeiros da regi\u00e3o.<br \/>\nA 29 de novembro de 1951, atrav\u00e9s da lei municipal n\u00ba 130, da municipalidade de Erechim, Campinas do Sul foi elevado \u00e0 categoria de distrito o 15\u00ba do munic\u00edpio e sua sede, \u00e0 categoria de vila.<br \/>\nEm 1958, instalou-se a comiss\u00e3o pr\u00f3-emancipa\u00e7\u00e3o do munic\u00edpio, integrada por Ven\u00e2ncio Hugo Della Latta, Arlindo Guarino Chiaradia, Olinto B. Battiston, Alberto Fossatti, Jos\u00e9 Eckert, Ulrich Hermann H\u00f4schele e Mansueto Baccin, que, respaldada no pujante desenvolvimento do distrito e no firme apoio da coletividade de Campinense, viu seu trabalho coroado de \u00eaxito, com a san\u00e7\u00e3o da Lei Estadual n\u00ba 3705, de 31 de janeiro de 1959, que veio dar autonomia administrativa ao novo munic\u00edpio. A comuna foi oficialmente instalada a 31 de maio do mesmo ano.<br \/>\nCampinas do Sul \u00e9, hoje, gra\u00e7as \u00e0 sua topografia e \u00e0 fertilidade de seu solo, um dos munic\u00edpios de maior produ\u00e7\u00e3o agr\u00edcola da regi\u00e3o, com destaque especial \u00e0 cultura da soja, que, de dezembro a abril, cobre a quase totalidade do solo ar\u00e1vel do munic\u00edpio, chegando at\u00e9 a periferia urbana, num aceno de prosperidade e fartura, que se efetiva por ocasi\u00e3o da colheita.<\/p>\n<p><strong>Principais Eventos tradicionais realizados no Munic\u00edpio e datas:<\/strong><\/p>\n<p>05\/02 &#8211;\u00a0 Festa da Padroeira N. Sra. dos Navegantes<\/p>\n<p>08\/03 \u2013 Dia Internacional da Mulher &#8211; 15\u00ba Encontro<\/p>\n<p>31\/05 \u2013 Dia do Munic\u00edpio<\/p>\n<p>01\/07 \u2013 Jantar Italiano e Encontro de Corais<\/p>\n<p>12\/08 \u2013 XVIII Noite do Leit\u00e3o \u2013 Sal\u00e3o Paroquial<\/p>\n<p>03\/09 \u2013 Festa de N. Sra. da Salete<\/p>\n<p>14 \u00e0 20\/09 \u2013 Semana Farroupilha<\/p>\n<p><strong>\u00a0<\/strong><\/p>\n<p><strong>Ve\u00edculos de comunica\u00e7\u00e3o existentes no Munic\u00edpio:<\/strong><\/p>\n<p>Radio Campinas do Sul Ltda<\/p>\n<p>Camargo e Vassali (r\u00e1dio FM)<\/p>\n<p>Jornal Minuano<\/p>\n<p>Jornal Extra<\/p>\n","protected":false},"excerpt":{"rendered":"<p>Prefeito: PAULO SERGIO BATTISTI (UNI\u00c3O BRASIL) Vice-Prefeita: EDUARDO ZANNONI (REPUBLICANOS) Endere\u00e7o: Rua General Daltro Filho, 999 CEP: 99.660-000 Telefone: (54) 9 9211-9513 Site (Famurs): www.campinasdosul.famurs.com.br Site (Prefeitura):\u00a0www.campinasdosul.rs.gov.br Anivers\u00e1rio: 31 de Maio Funda\u00e7\u00e3o:\u00a031 de janeiro de 1959 \u00c1rea: 261,321 km\u00b2 Popula\u00e7\u00e3o estimada [2022]: 5.284 Dist\u00e2ncia de PoA: 399 km Dist\u00e2ncia de Erechim: 43 Km Gent\u00edlico: Sulcampinense [&hellip;]<\/p>\n","protected":false},"author":1,"featured_media":0,"parent":0,"menu_order":0,"comment_status":"closed","ping_status":"closed","template":"","meta":{"ocean_post_layout":"","ocean_both_sidebars_style":"","ocean_both_sidebars_content_width":0,"ocean_both_sidebars_sidebars_width":0,"ocean_sidebar":"0","ocean_second_sidebar":"0","ocean_disable_margins":"enable","ocean_add_body_class":"","ocean_shortcode_before_top_bar":"","ocean_shortcode_after_top_bar":"","ocean_shortcode_before_header":"","ocean_shortcode_after_header":"","ocean_has_shortcode":"","ocean_shortcode_after_title":"","ocean_shortcode_before_footer_widgets":"","ocean_shortcode_after_footer_widgets":"","ocean_shortcode_before_footer_bottom":"","ocean_shortcode_after_footer_bottom":"","ocean_display_top_bar":"default","ocean_display_header":"default","ocean_header_style":"","ocean_center_header_left_menu":"0","ocean_custom_header_template":"0","ocean_custom_logo":0,"ocean_custom_retina_logo":0,"ocean_custom_logo_max_width":0,"ocean_custom_logo_tablet_max_width":0,"ocean_custom_logo_mobile_max_width":0,"ocean_custom_logo_max_height":0,"ocean_custom_logo_tablet_max_height":0,"ocean_custom_logo_mobile_max_height":0,"ocean_header_custom_menu":"0","ocean_menu_typo_font_family":"0","ocean_menu_typo_font_subset":"","ocean_menu_typo_font_size":0,"ocean_menu_typo_font_size_tablet":0,"ocean_menu_typo_font_size_mobile":0,"ocean_menu_typo_font_size_unit":"px","ocean_menu_typo_font_weight":"","ocean_menu_typo_font_weight_tablet":"","ocean_menu_typo_font_weight_mobile":"","ocean_menu_typo_transform":"","ocean_menu_typo_transform_tablet":"","ocean_menu_typo_transform_mobile":"","ocean_menu_typo_line_height":0,"ocean_menu_typo_line_height_tablet":0,"ocean_menu_typo_line_height_mobile":0,"ocean_menu_typo_line_height_unit":"","ocean_menu_typo_spacing":0,"ocean_menu_typo_spacing_tablet":0,"ocean_menu_typo_spacing_mobile":0,"ocean_menu_typo_spacing_unit":"","ocean_menu_link_color":"","ocean_menu_link_color_hover":"","ocean_menu_link_color_active":"","ocean_menu_link_background":"","ocean_menu_link_hover_background":"","ocean_menu_link_active_background":"","ocean_menu_social_links_bg":"","ocean_menu_social_hover_links_bg":"","ocean_menu_social_links_color":"","ocean_menu_social_hover_links_color":"","ocean_disable_title":"default","ocean_disable_heading":"default","ocean_post_title":"","ocean_post_subheading":"","ocean_post_title_style":"","ocean_post_title_background_color":"","ocean_post_title_background":0,"ocean_post_title_bg_image_position":"","ocean_post_title_bg_image_attachment":"","ocean_post_title_bg_image_repeat":"","ocean_post_title_bg_image_size":"","ocean_post_title_height":0,"ocean_post_title_bg_overlay":0.5,"ocean_post_title_bg_overlay_color":"","ocean_disable_breadcrumbs":"default","ocean_breadcrumbs_color":"","ocean_breadcrumbs_separator_color":"","ocean_breadcrumbs_links_color":"","ocean_breadcrumbs_links_hover_color":"","ocean_display_footer_widgets":"default","ocean_display_footer_bottom":"default","ocean_custom_footer_template":"0","footnotes":""},"class_list":["post-1006","page","type-page","status-publish","hentry","entry"],"yoast_head":"<!-- This site is optimized with the Yoast SEO plugin v27.4 - https:\/\/yoast.com\/product\/yoast-seo-wordpress\/ -->\n<title>Campinas do Sul - AMAU - Associa\u00e7\u00e3o de Munic\u00edpios do Alto Uruguai<\/title>\n<meta name=\"robots\" content=\"index, follow, max-snippet:-1, max-image-preview:large, max-video-preview:-1\" \/>\n<link rel=\"canonical\" href=\"https:\/\/www.amau.com.br\/site\/campinas-do-sul\/\" \/>\n<meta property=\"og:locale\" content=\"pt_BR\" \/>\n<meta property=\"og:type\" content=\"article\" \/>\n<meta property=\"og:title\" content=\"Campinas do Sul - AMAU - Associa\u00e7\u00e3o de Munic\u00edpios do Alto Uruguai\" \/>\n<meta property=\"og:description\" content=\"Prefeito: PAULO SERGIO BATTISTI (UNI\u00c3O BRASIL) Vice-Prefeita: EDUARDO ZANNONI (REPUBLICANOS) Endere\u00e7o: Rua General Daltro Filho, 999 CEP: 99.660-000 Telefone: (54) 9 9211-9513 Site (Famurs): www.campinasdosul.famurs.com.br Site (Prefeitura):\u00a0www.campinasdosul.rs.gov.br Anivers\u00e1rio: 31 de Maio Funda\u00e7\u00e3o:\u00a031 de janeiro de 1959 \u00c1rea: 261,321 km\u00b2 Popula\u00e7\u00e3o estimada [2022]: 5.284 Dist\u00e2ncia de PoA: 399 km Dist\u00e2ncia de Erechim: 43 Km Gent\u00edlico: Sulcampinense [&hellip;]\" \/>\n<meta property=\"og:url\" content=\"https:\/\/www.amau.com.br\/site\/campinas-do-sul\/\" \/>\n<meta property=\"og:site_name\" content=\"AMAU - Associa\u00e7\u00e3o de Munic\u00edpios do Alto Uruguai\" \/>\n<meta property=\"article:publisher\" content=\"http:\/\/www.facebook.com\/amauaaltouruguai\" \/>\n<meta property=\"article:modified_time\" content=\"2025-02-12T13:41:10+00:00\" \/>\n<meta property=\"og:image\" content=\"https:\/\/www.amau.com.br\/site\/wp-content\/uploads\/2017\/04\/Bras\u00e3o_Campinas_do_Sul-150x150.jpg\" \/>\n<meta name=\"twitter:card\" content=\"summary_large_image\" \/>\n<meta name=\"twitter:label1\" content=\"Est. tempo de leitura\" \/>\n\t<meta name=\"twitter:data1\" content=\"3 minutos\" \/>\n<script type=\"application\/ld+json\" class=\"yoast-schema-graph\">{\"@context\":\"https:\\\/\\\/schema.org\",\"@graph\":[{\"@type\":\"WebPage\",\"@id\":\"https:\\\/\\\/www.amau.com.br\\\/site\\\/campinas-do-sul\\\/\",\"url\":\"https:\\\/\\\/www.amau.com.br\\\/site\\\/campinas-do-sul\\\/\",\"name\":\"Campinas do Sul - AMAU - Associa\u00e7\u00e3o de Munic\u00edpios do Alto Uruguai\",\"isPartOf\":{\"@id\":\"https:\\\/\\\/www.amau.com.br\\\/site\\\/#website\"},\"datePublished\":\"2017-04-27T04:47:23+00:00\",\"dateModified\":\"2025-02-12T13:41:10+00:00\",\"breadcrumb\":{\"@id\":\"https:\\\/\\\/www.amau.com.br\\\/site\\\/campinas-do-sul\\\/#breadcrumb\"},\"inLanguage\":\"pt-BR\",\"potentialAction\":[{\"@type\":\"ReadAction\",\"target\":[\"https:\\\/\\\/www.amau.com.br\\\/site\\\/campinas-do-sul\\\/\"]}]},{\"@type\":\"BreadcrumbList\",\"@id\":\"https:\\\/\\\/www.amau.com.br\\\/site\\\/campinas-do-sul\\\/#breadcrumb\",\"itemListElement\":[{\"@type\":\"ListItem\",\"position\":1,\"name\":\"Home\",\"item\":\"https:\\\/\\\/www.amau.com.br\\\/site\\\/\"},{\"@type\":\"ListItem\",\"position\":2,\"name\":\"Campinas do Sul\"}]},{\"@type\":\"WebSite\",\"@id\":\"https:\\\/\\\/www.amau.com.br\\\/site\\\/#website\",\"url\":\"https:\\\/\\\/www.amau.com.br\\\/site\\\/\",\"name\":\"AMAU - Associa\u00e7\u00e3o de Munic\u00edpios do Alto Uruguai\",\"description\":\"Construindo alternativas para o desenvolvimento.\",\"publisher\":{\"@id\":\"https:\\\/\\\/www.amau.com.br\\\/site\\\/#organization\"},\"potentialAction\":[{\"@type\":\"SearchAction\",\"target\":{\"@type\":\"EntryPoint\",\"urlTemplate\":\"https:\\\/\\\/www.amau.com.br\\\/site\\\/?s={search_term_string}\"},\"query-input\":{\"@type\":\"PropertyValueSpecification\",\"valueRequired\":true,\"valueName\":\"search_term_string\"}}],\"inLanguage\":\"pt-BR\"},{\"@type\":\"Organization\",\"@id\":\"https:\\\/\\\/www.amau.com.br\\\/site\\\/#organization\",\"name\":\"AMAU - Associa\u00e7\u00e3o de Munic\u00edpios do Alto Uruguai\",\"url\":\"https:\\\/\\\/www.amau.com.br\\\/site\\\/\",\"logo\":{\"@type\":\"ImageObject\",\"inLanguage\":\"pt-BR\",\"@id\":\"https:\\\/\\\/www.amau.com.br\\\/site\\\/#\\\/schema\\\/logo\\\/image\\\/\",\"url\":\"https:\\\/\\\/www.amau.com.br\\\/site\\\/wp-content\\\/uploads\\\/2017\\\/04\\\/cropped-Amau-Logos-Site-300-1.png\",\"contentUrl\":\"https:\\\/\\\/www.amau.com.br\\\/site\\\/wp-content\\\/uploads\\\/2017\\\/04\\\/cropped-Amau-Logos-Site-300-1.png\",\"width\":807,\"height\":221,\"caption\":\"AMAU - Associa\u00e7\u00e3o de Munic\u00edpios do Alto Uruguai\"},\"image\":{\"@id\":\"https:\\\/\\\/www.amau.com.br\\\/site\\\/#\\\/schema\\\/logo\\\/image\\\/\"},\"sameAs\":[\"http:\\\/\\\/www.facebook.com\\\/amauaaltouruguai\"]}]}<\/script>\n<!-- \/ Yoast SEO plugin. -->","yoast_head_json":{"title":"Campinas do Sul - AMAU - Associa\u00e7\u00e3o de Munic\u00edpios do Alto Uruguai","robots":{"index":"index","follow":"follow","max-snippet":"max-snippet:-1","max-image-preview":"max-image-preview:large","max-video-preview":"max-video-preview:-1"},"canonical":"https:\/\/www.amau.com.br\/site\/campinas-do-sul\/","og_locale":"pt_BR","og_type":"article","og_title":"Campinas do Sul - AMAU - Associa\u00e7\u00e3o de Munic\u00edpios do Alto Uruguai","og_description":"Prefeito: PAULO SERGIO BATTISTI (UNI\u00c3O BRASIL) Vice-Prefeita: EDUARDO ZANNONI (REPUBLICANOS) Endere\u00e7o: Rua General Daltro Filho, 999 CEP: 99.660-000 Telefone: (54) 9 9211-9513 Site (Famurs): www.campinasdosul.famurs.com.br Site (Prefeitura):\u00a0www.campinasdosul.rs.gov.br Anivers\u00e1rio: 31 de Maio Funda\u00e7\u00e3o:\u00a031 de janeiro de 1959 \u00c1rea: 261,321 km\u00b2 Popula\u00e7\u00e3o estimada [2022]: 5.284 Dist\u00e2ncia de PoA: 399 km Dist\u00e2ncia de Erechim: 43 Km Gent\u00edlico: Sulcampinense [&hellip;]","og_url":"https:\/\/www.amau.com.br\/site\/campinas-do-sul\/","og_site_name":"AMAU - Associa\u00e7\u00e3o de Munic\u00edpios do Alto Uruguai","article_publisher":"http:\/\/www.facebook.com\/amauaaltouruguai","article_modified_time":"2025-02-12T13:41:10+00:00","og_image":[{"url":"https:\/\/www.amau.com.br\/site\/wp-content\/uploads\/2017\/04\/Bras\u00e3o_Campinas_do_Sul-150x150.jpg","type":"","width":"","height":""}],"twitter_card":"summary_large_image","twitter_misc":{"Est. tempo de leitura":"3 minutos"},"schema":{"@context":"https:\/\/schema.org","@graph":[{"@type":"WebPage","@id":"https:\/\/www.amau.com.br\/site\/campinas-do-sul\/","url":"https:\/\/www.amau.com.br\/site\/campinas-do-sul\/","name":"Campinas do Sul - AMAU - Associa\u00e7\u00e3o de Munic\u00edpios do Alto Uruguai","isPartOf":{"@id":"https:\/\/www.amau.com.br\/site\/#website"},"datePublished":"2017-04-27T04:47:23+00:00","dateModified":"2025-02-12T13:41:10+00:00","breadcrumb":{"@id":"https:\/\/www.amau.com.br\/site\/campinas-do-sul\/#breadcrumb"},"inLanguage":"pt-BR","potentialAction":[{"@type":"ReadAction","target":["https:\/\/www.amau.com.br\/site\/campinas-do-sul\/"]}]},{"@type":"BreadcrumbList","@id":"https:\/\/www.amau.com.br\/site\/campinas-do-sul\/#breadcrumb","itemListElement":[{"@type":"ListItem","position":1,"name":"Home","item":"https:\/\/www.amau.com.br\/site\/"},{"@type":"ListItem","position":2,"name":"Campinas do Sul"}]},{"@type":"WebSite","@id":"https:\/\/www.amau.com.br\/site\/#website","url":"https:\/\/www.amau.com.br\/site\/","name":"AMAU - Associa\u00e7\u00e3o de Munic\u00edpios do Alto Uruguai","description":"Construindo alternativas para o desenvolvimento.","publisher":{"@id":"https:\/\/www.amau.com.br\/site\/#organization"},"potentialAction":[{"@type":"SearchAction","target":{"@type":"EntryPoint","urlTemplate":"https:\/\/www.amau.com.br\/site\/?s={search_term_string}"},"query-input":{"@type":"PropertyValueSpecification","valueRequired":true,"valueName":"search_term_string"}}],"inLanguage":"pt-BR"},{"@type":"Organization","@id":"https:\/\/www.amau.com.br\/site\/#organization","name":"AMAU - Associa\u00e7\u00e3o de Munic\u00edpios do Alto Uruguai","url":"https:\/\/www.amau.com.br\/site\/","logo":{"@type":"ImageObject","inLanguage":"pt-BR","@id":"https:\/\/www.amau.com.br\/site\/#\/schema\/logo\/image\/","url":"https:\/\/www.amau.com.br\/site\/wp-content\/uploads\/2017\/04\/cropped-Amau-Logos-Site-300-1.png","contentUrl":"https:\/\/www.amau.com.br\/site\/wp-content\/uploads\/2017\/04\/cropped-Amau-Logos-Site-300-1.png","width":807,"height":221,"caption":"AMAU - Associa\u00e7\u00e3o de Munic\u00edpios do Alto Uruguai"},"image":{"@id":"https:\/\/www.amau.com.br\/site\/#\/schema\/logo\/image\/"},"sameAs":["http:\/\/www.facebook.com\/amauaaltouruguai"]}]}},"_links":{"self":[{"href":"https:\/\/www.amau.com.br\/site\/wp-json\/wp\/v2\/pages\/1006","targetHints":{"allow":["GET"]}}],"collection":[{"href":"https:\/\/www.amau.com.br\/site\/wp-json\/wp\/v2\/pages"}],"about":[{"href":"https:\/\/www.amau.com.br\/site\/wp-json\/wp\/v2\/types\/page"}],"author":[{"embeddable":true,"href":"https:\/\/www.amau.com.br\/site\/wp-json\/wp\/v2\/users\/1"}],"replies":[{"embeddable":true,"href":"https:\/\/www.amau.com.br\/site\/wp-json\/wp\/v2\/comments?post=1006"}],"version-history":[{"count":0,"href":"https:\/\/www.amau.com.br\/site\/wp-json\/wp\/v2\/pages\/1006\/revisions"}],"wp:attachment":[{"href":"https:\/\/www.amau.com.br\/site\/wp-json\/wp\/v2\/media?parent=1006"}],"curies":[{"name":"wp","href":"https:\/\/api.w.org\/{rel}","templated":true}]}}